{"id":510,"date":"2018-04-02T03:36:20","date_gmt":"2018-04-02T03:36:20","guid":{"rendered":"http:\/\/teagueins.wpengine.com\/?page_id=510"},"modified":"2018-05-08T15:40:53","modified_gmt":"2018-05-08T15:40:53","slug":"insurance-glossary","status":"publish","type":"page","link":"https:\/\/www.teagueins.com\/es\/resources\/insurance-glossary\/","title":{"rendered":"Glosario de seguros"},"content":{"rendered":"<br \/>\n<h2>Comprensi\u00f3n de los t\u00e9rminos del seguro<\/h2>\n<p>En Teague Insurance sabemos que el lenguaje utilizado por la industria de seguros puede resultar confuso. Queremos asegurarnos de que comprenda claramente sus opciones y sepa exactamente por qu\u00e9 est\u00e1 pagando.<\/p>\n<p>Estos son algunos t\u00e9rminos que usamos para los tipos de cobertura. Tambi\u00e9n hay una variedad de otros t\u00e9rminos que pueden resultarle desconocidos. Esperamos que este glosario ayude a que el mundo de los seguros sea m\u00e1s f\u00e1cil de entender.<\/p>\n<p>\t\t\t<a href=\"#glossaryA\" target=\"_self\" role=\"button\"><br \/>\n\t\t\t\t\t\t\tA - D<br \/>\n\t\t\t\t\t<\/a><br \/>\n\t\t\t<a href=\"#glossaryE\" target=\"_self\" role=\"button\"><br \/>\n\t\t\t\t\t\t\tE - H<br \/>\n\t\t\t\t\t<\/a><br \/>\n\t\t\t<a href=\"#glossaryI\" target=\"_self\" role=\"button\"><br \/>\n\t\t\t\t\t\t\tILLINOIS<br \/>\n\t\t\t\t\t<\/a><br \/>\n\t\t\t<a href=\"#glossaryM\" target=\"_self\" role=\"button\"><br \/>\n\t\t\t\t\t\t\tSE\u00d1OR<br \/>\n\t\t\t\t\t<\/a><br \/>\n\t\t\t<a href=\"#glossaryS\" target=\"_self\" role=\"button\"><br \/>\n\t\t\t\t\t\t\tS - Z<br \/>\n\t\t\t\t\t<\/a><\/p>\n<h3>\n\t\tA<br \/>\n\t<\/h3>\n<h3>\n\t\tCostos de Vivienda adicionales<br \/>\n\t<\/h3>\n<p>Si no puede vivir en su casa debido a una p\u00e9rdida cubierta, su compa\u00f1\u00eda de seguros puede pagar el aumento necesario en los gastos de manutenci\u00f3n mientras se eval\u00faan los da\u00f1os y se repara o reconstruye su casa.<\/p>\n<h3>\n\t\tB<br \/>\n\t<\/h3>\n<h3>\n\t\tCobertura de responsabilidad de forma amplia<br \/>\n\t<\/h3>\n<p>Le ayuda a protegerse de los gastos relacionados con lesiones o da\u00f1os a la propiedad que usted o su embarcaci\u00f3n provocan en un accidente. Algunas p\u00f3lizas tambi\u00e9n cubren ciertas responsabilidades por derrames accidentales de combustible y remoci\u00f3n de escombros.<\/p>\n<h3>\n\t\tC<br \/>\n\t<\/h3>\n<h3>\n\t\tPISTA<br \/>\n\t<\/h3>\n<p>CLUE (Comprehensive Loss Underwriting Exchange) es una base de datos de historial de reclamaciones creada por ChoicePoint que permite a las compa\u00f1\u00edas de seguros acceder a la informaci\u00f3n de reclamaciones de los consumidores cuando est\u00e1n suscribiendo o calificando una p\u00f3liza de seguro. Por lo general, contiene hasta cinco a\u00f1os de historial de reclamos de propiedad personal o de autom\u00f3vil personal.<\/p>\n<h5>Puede solicitar un informe CLUE:<\/h5>\n<p>Informes personales de LexisNexis<br \/>\nLlame gratis al 1-866-312-8076<\/p>\n<p>O puede solicitar una copia al vendedor de una casa que est\u00e1 comprando.<\/p>\n<h3>\n\t\tCobertura de colisi\u00f3n<br \/>\n\t<\/h3>\n<p>Paga la reparaci\u00f3n de da\u00f1os en su autom\u00f3vil, autom\u00f3vil cl\u00e1sico, motocicleta o RV causados por un accidente. Su agente puede ayudarlo a determinar los l\u00edmites que necesita seg\u00fan el valor acordado de su veh\u00edculo.<\/p>\n<h3>\n\t\tCobertura completa<br \/>\n\t<\/h3>\n<p>Paga para reparar o reemplazar su veh\u00edculo si es robado, vandalizado o da\u00f1ado de alguna otra manera que no sea en una colisi\u00f3n. Puede incluir p\u00e9rdidas por incendio, parabrisas agrietados, inundaciones, ca\u00edda de objetos y viento.<\/p>\n<h3>\n\t\tCobertura de piezas y equipos personalizados<br \/>\n\t<\/h3>\n<p>A muchos propietarios de motocicletas les gusta personalizar sus recorridos, y algunas p\u00f3lizas pagan por piezas y equipos personalizados, a menudo sin cargo adicional. Pregunte a Teague Insurance para obtener m\u00e1s detalles.<\/p>\n<h3>\n\t\tC<br \/>\n\t<\/h3>\n<h3>\n\t\tDeducible<br \/>\n\t<\/h3>\n<p>Cuando obtiene un seguro, acepta pagar hasta una cierta cantidad de su bolsillo en caso de una p\u00e9rdida. Esta cantidad se llama su &quot;deducible&quot;. El deducible que elija a menudo afecta cu\u00e1nto paga por su prima. Por ejemplo, un deducible m\u00e1s alto generalmente significa una prima m\u00e1s baja. En el caso de una p\u00e9rdida cubierta, solo se le pedir\u00e1 que pague su deducible y la compa\u00f1\u00eda de seguros generalmente cubre el exceso, hasta el l\u00edmite aplicable para esa p\u00e9rdida seg\u00fan su p\u00f3liza.<\/p>\n<h3>\n\t\tSeguro de directores y funcionarios (D&amp;O)<br \/>\n\t<\/h3>\n<p>El seguro D&amp;O cubre a los directores y funcionarios de una empresa por actos u omisiones negligentes y por declaraciones enga\u00f1osas que resulten en demandas contra la empresa. Existe una variedad de coberturas de directores y funcionarios disponibles, como cobertura de reembolso corporativo, responsabilidad personal y cobertura de entidad. Las p\u00f3lizas de D&amp;O pueden ampliarse para incluir tambi\u00e9n la cobertura de responsabilidad por pr\u00e1cticas laborales.<\/p>\n<h3>\n\t\tmi<br \/>\n\t<\/h3>\n<h3>\n\t\tSeguro de procesamiento electr\u00f3nico de datos (EDP)<br \/>\n\t<\/h3>\n<p>Esta cobertura es una cobertura de propiedad separada dise\u00f1ada espec\u00edficamente para proteger su equipo relacionado con la computadora. La mayor\u00eda de las p\u00f3lizas de propiedad comercial tienen una cobertura limitada para redes inform\u00e1ticas. EDP ampl\u00eda las causas de p\u00e9rdida para incluir cosas como subidas de tensi\u00f3n y, en algunos casos, ataques de virus.<\/p>\n<h3>\n\t\tSeguro de procesamiento electr\u00f3nico de datos (EDP)<br \/>\n\t<\/h3>\n<p>Esta cobertura es una cobertura de propiedad separada dise\u00f1ada espec\u00edficamente para proteger su equipo relacionado con la computadora. La mayor\u00eda de las p\u00f3lizas de propiedad comercial tienen una cobertura limitada para redes inform\u00e1ticas. EDP ampl\u00eda las causas de p\u00e9rdida para incluir cosas como subidas de tensi\u00f3n y, en algunos casos, ataques de virus.<\/p>\n<h3>\n\t\tAsistencia de emergencia y en carretera<br \/>\n\t<\/h3>\n<p>Para autom\u00f3viles, botes y motos acu\u00e1ticas, la asistencia de emergencia paga el costo del remolque o el servicio de emergencia. Para las casas rodantes, tambi\u00e9n cubre los costos de alojamiento y transporte si su casa rodante se vuelve inhabitable y cubre la p\u00e9rdida de propiedad personal en su casa rodante. Algunas p\u00f3lizas tambi\u00e9n brindan asistencia en la carretera para motocicletas.<\/p>\n<h3>\n\t\tResponsabilidad excesiva<br \/>\n\t<\/h3>\n<p>A veces se utiliza indistintamente con &quot;paraguas&quot;, &quot;exceso de responsabilidad&quot; se refiere a la cobertura de responsabilidad extendida. Esta cobertura est\u00e1 destinada a complementar su cobertura de seguro si los da\u00f1os exceden su cobertura de responsabilidad. Aseg\u00farese de hablar con Teague Insurance sobre lo que cubre su exceso de responsabilidad.<\/p>\n<h3>\n\t\tF<br \/>\n\t<\/h3>\n<h3>\n\t\tCobertura de fidelidad<br \/>\n\t<\/h3>\n<p>Las empresas y negocios a menudo adquieren esta cobertura para protegerlos contra p\u00e9rdidas por deshonestidad de los empleados (como robo de dinero, equipo u otros activos).<\/p>\n<h3>\n\t\tGRAMO<br \/>\n\t<\/h3>\n<h3>\n\t\tH<br \/>\n\t<\/h3>\n<h3>\n\t\tI<br \/>\n\t<\/h3>\n<h3>\n\t\tEl robo de identidad<br \/>\n\t<\/h3>\n<p>El robo de identidad ocurre cuando alguien roba su informaci\u00f3n personal y la usa para abrir cuentas o incurrir en cargos sin su permiso. Los ladrones pueden acceder a su informaci\u00f3n personal de diversas formas, como robar su correo personal, su billetera o piratear los archivos de su computadora. El ladr\u00f3n luego usa su identidad para acumular deudas a su nombre o quiz\u00e1s para emitir identificaciones falsas. Para obtener m\u00e1s informaci\u00f3n sobre el robo de identidad y consejos sobre prevenci\u00f3n, visite el sitio de robo de identidad de la FTC.<\/p>\n<h3>\n\t\tEl robo de identidad<br \/>\n\t<\/h3>\n<p>El robo de identidad ocurre cuando alguien roba su informaci\u00f3n personal y la usa para abrir cuentas o incurrir en cargos sin su permiso. Los ladrones pueden acceder a su informaci\u00f3n personal de diversas formas, como robar su correo personal, su billetera o piratear los archivos de su computadora. El ladr\u00f3n luego usa su identidad para acumular deudas a su nombre o quiz\u00e1s para emitir identificaciones falsas. Para obtener m\u00e1s informaci\u00f3n sobre el robo de identidad y consejos sobre prevenci\u00f3n, visite el sitio de robo de identidad de la FTC.<\/p>\n<h3>\n\t\tIndemnidad<br \/>\n\t<\/h3>\n<p>Proporcionar indemnizaci\u00f3n significa restaurar financieramente a alguien despu\u00e9s de una p\u00e9rdida, mediante pago, reparaci\u00f3n o reemplazo.<\/p>\n<h3>\n\t\tPuntaje de seguro<br \/>\n\t<\/h3>\n<p>Un puntaje de seguro basado en cr\u00e9dito (CBIS) se deriva de la informaci\u00f3n de su informe crediticio. Es un n\u00famero que mide la probabilidad de tener un reclamo de seguro, no una medida de solvencia crediticia. Las aseguradoras utilizan CBIS junto con una serie de otros factores, incluidos los registros de conducci\u00f3n, el historial de reclamaciones y el tipo de casa o veh\u00edculo que poseen, para evaluar las p\u00f3lizas de seguro de autom\u00f3vil y de vivienda nuevas y renovadas.<\/p>\n<p>La mayor\u00eda de los estados tienen reglas sobre c\u00f3mo se puede utilizar la informaci\u00f3n crediticia en los seguros. Comun\u00edquese con el Departamento de Seguros de su estado para obtener la informaci\u00f3n m\u00e1s reciente sobre las reglas de su estado.<\/p>\n<h3>\n\t\tJ<br \/>\n\t<\/h3>\n<h3>\n\t\tK<br \/>\n\t<\/h3>\n<h3>\n\t\tL<br \/>\n\t<\/h3>\n<h3>\n\t\tMETRO<br \/>\n\t<\/h3>\n<h3>\n\t\tCobertura m\u00e9dica (hogar)<br \/>\n\t<\/h3>\n<p>Cubre los gastos m\u00e9dicos de los hu\u00e9spedes si se lesionan en su propiedad y, en ciertos casos, cubre a las personas que se lesionan fuera de su propiedad. No cubre los costos de atenci\u00f3n m\u00e9dica para usted ni para otros miembros de su hogar.<\/p>\n<h3>\n\t\tCobertura m\u00e9dica (hogar)<br \/>\n\t<\/h3>\n<p>Cubre los gastos m\u00e9dicos de los hu\u00e9spedes si se lesionan en su propiedad y, en ciertos casos, cubre a las personas que se lesionan fuera de su propiedad. No cubre los costos de atenci\u00f3n m\u00e9dica para usted ni para otros miembros de su hogar.<\/p>\n<h3>\n\t\tCobertura m\u00e9dica (autom\u00f3vil, barco y embarcaci\u00f3n personal, motocicleta, RV)<br \/>\n\t<\/h3>\n<p>Proporciona a su pasajero y sus gastos m\u00e9dicos que sean consecuencia de un accidente.<\/p>\n<h3>\n\t\tnorte<br \/>\n\t<\/h3>\n<h3>\n\t\tResponsabilidad civil de veh\u00edculos contratados \/ no propios<br \/>\n\t<\/h3>\n<p>\u00bfEst\u00e1 alquilando coches o sus empleados utilizan sus propios veh\u00edculos? Esta cobertura particular proporciona cobertura de seguro comercial para ciertas responsabilidades que surgen del uso de un veh\u00edculo alquilado o arrendado (alquilado) o un veh\u00edculo que no es de su propiedad (empleado que usa su propio veh\u00edculo en negocios de la compa\u00f1\u00eda). A menudo, esta cobertura se puede agregar de manera econ\u00f3mica a una p\u00f3liza de autom\u00f3vil comercial o, en algunos casos, a una p\u00f3liza de responsabilidad general.<\/p>\n<h3>\n\t\tO<br \/>\n\t<\/h3>\n<h3>\n\t\tPAG<br \/>\n\t<\/h3>\n<h3>\n\t\tCobertura de responsabilidad y responsabilidad personal<br \/>\n\t<\/h3>\n<p>Para los propietarios de viviendas, esta cobertura se aplica si alguien se lesiona o la propiedad est\u00e1 da\u00f1ada y usted tiene la culpa. La cobertura se aplica en cualquier parte del mundo. Al elegir la cobertura de responsabilidad civil para su hogar, autom\u00f3vil, bote, embarcaci\u00f3n personal o veh\u00edculo recreativo, considere aspectos como cu\u00e1nto dinero gana y qu\u00e9 posee. Su cobertura de responsabilidad debe ser lo suficientemente alta como para proteger sus pertenencias si lo demandan.<\/p>\n<h3>\n\t\tCobertura de propiedad personal<br \/>\n\t<\/h3>\n<p>Su hogar est\u00e1 lleno de muebles, ropa, equipos deportivos y otros art\u00edculos que significan mucho para usted. Esta cobertura ayuda a reparar o reemplazar estos art\u00edculos si se pierden, son robados o destruidos como resultado de un evento asegurado.<\/p>\n<h3>\n\t\tEmbarcaci\u00f3n personal (PWC)<br \/>\n\t<\/h3>\n<p>Una embarcaci\u00f3n personal (PWC) es una embarcaci\u00f3n recreativa en la que el ciclista se sienta o se para, en lugar de dentro, como en un bote. Los modelos tienen un motor interno que impulsa una bomba de chorro que tiene un impulsor en forma de tornillo para crear empuje para la propulsi\u00f3n y la direcci\u00f3n.<\/p>\n<h3>\n\t\tCobertura de da\u00f1os f\u00edsicos para embarcaciones<br \/>\n\t<\/h3>\n<p>Paga la reparaci\u00f3n del da\u00f1o causado a su moto de agua debido a un accidente. Por lo general, tambi\u00e9n vale la pena reparar o reemplazar su embarcaci\u00f3n en situaciones aseguradas, como robo, incendio, vandalismo u otros da\u00f1os no causados por colisi\u00f3n que ocurran dentro o fuera del agua.<\/p>\n<h3>\n\t\tPrima<br \/>\n\t<\/h3>\n<p>En pocas palabras, una prima es el pago que realiza a cambio de un per\u00edodo de cobertura de la p\u00f3liza.<\/p>\n<h3>\n\t\tCobertura de propiedad o vivienda<br \/>\n\t<\/h3>\n<p>Por lo general, paga para reparar o reconstruir su casa si es da\u00f1ada o destruida por un evento asegurado.<\/p>\n<h3>\n\t\tQ<br \/>\n\t<\/h3>\n<h3>\n\t\tR<br \/>\n\t<\/h3>\n<h3>\n\t\tS<br \/>\n\t<\/h3>\n<h3>\n\t\tCobertura de art\u00edculos personales<br \/>\n\t<\/h3>\n<p>Si tiene posesiones especiales como joyas, arte, antig\u00fcedades o art\u00edculos de colecci\u00f3n, es posible que desee hablar con su agente sobre esta cobertura adicional.<\/p>\n<h3>\n\t\tT<br \/>\n\t<\/h3>\n<h3>\n\t\tU<br \/>\n\t<\/h3>\n<h3>\n\t\tSeguro paraguas<br \/>\n\t<\/h3>\n<p>El seguro general es la cobertura que puede entrar en vigencia cuando sus p\u00e9rdidas bajo otras p\u00f3lizas de seguro, como la cobertura de vivienda y autom\u00f3vil, han excedido los l\u00edmites de la p\u00f3liza.<\/p>\n<h3>\n\t\tSuscriptor \/ suscripci\u00f3n<br \/>\n\t<\/h3>\n<p>La suscripci\u00f3n es el proceso de evaluar los riesgos al decidir si emitir una p\u00f3liza de seguro.<\/p>\n<h3>\n\t\tCobertura para conductores sin seguro o con seguro insuficiente<br \/>\n\t<\/h3>\n<p>Paga los da\u00f1os asociados con lesiones corporales o la muerte por un accidente causado por un conductor sin seguro, con seguro insuficiente o que se da a la fuga, seg\u00fan lo define la ley en la jurisdicci\u00f3n donde ocurri\u00f3 el accidente, qui\u00e9n tiene la culpa. Tambi\u00e9n lo cubre si es golpeado como peat\u00f3n.<\/p>\n<h3>\n\t\tCobertura de Equipo no Montado<br \/>\n\t<\/h3>\n<p>Paga por reparar o reemplazar equipos que no est\u00e1n conectados permanentemente a su bote o moto acu\u00e1tica personal. Esto incluye art\u00edculos como chalecos salvavidas y esqu\u00eds acu\u00e1ticos.<\/p>\n<h3>\n\t\tV<br \/>\n\t<\/h3>\n<h3>\n\t\tW<br \/>\n\t<\/h3>\n<h3>\n\t\tX<br \/>\n\t<\/h3>\n<h3>\n\t\tY<br \/>\n\t<\/h3>\n<h3>\n\t\tZ<br \/>\n\t<\/h3>","protected":false},"excerpt":{"rendered":"<p>Understanding Insurance Terms We at Teague Insurance know the language used by the insurance industry can be confusing. We want to make sure that you clearly understand your options and know precisely what you\u2019re paying for. Here are some terms we use for types of coverage. There are also a variety of other terms that [&hellip;]<\/p>\n","protected":false},"author":1,"featured_media":0,"parent":32,"menu_order":0,"comment_status":"closed","ping_status":"closed","template":"","meta":{"_acf_changed":false,"footnotes":"","_links_to":"","_links_to_target":""},"class_list":["post-510","page","type-page","status-publish","hentry"],"acf":[],"yoast_head":"<!-- This site is optimized with the Yoast SEO Premium plugin v21.2 (Yoast SEO v27.5) - https:\/\/yoast.com\/product\/yoast-seo-premium-wordpress\/ -->\n<title>Insurance Glossary - Teague Insurance<\/title>\n<meta name=\"robots\" content=\"index, follow, max-snippet:-1, max-image-preview:large, max-video-preview:-1\" \/>\n<link rel=\"canonical\" href=\"https:\/\/www.teagueins.com\/es\/resources\/insurance-glossary\/\" \/>\n<meta property=\"og:locale\" content=\"es_MX\" \/>\n<meta property=\"og:type\" content=\"article\" \/>\n<meta property=\"og:title\" content=\"Insurance Glossary\" \/>\n<meta property=\"og:description\" content=\"Understanding Insurance Terms We at Teague Insurance know the language used by the insurance industry can be confusing. We want to make sure that you clearly understand your options and know precisely what you\u2019re paying for. Here are some terms we use for types of coverage. There are also a variety of other terms that [&hellip;]\" \/>\n<meta property=\"og:url\" content=\"https:\/\/www.teagueins.com\/es\/resources\/insurance-glossary\/\" \/>\n<meta property=\"og:site_name\" content=\"Teague Insurance\" \/>\n<meta property=\"article:publisher\" content=\"https:\/\/www.facebook.com\/TeagueInsuranceAgencyInc\" \/>\n<meta property=\"article:modified_time\" content=\"2018-05-08T15:40:53+00:00\" \/>\n<meta name=\"twitter:card\" content=\"summary_large_image\" \/>\n<meta name=\"twitter:site\" content=\"@TeagueInsurance\" \/>\n<meta name=\"twitter:label1\" content=\"Tiempo de lectura\" \/>\n\t<meta name=\"twitter:data1\" content=\"8 minutos\" \/>\n<script type=\"application\/ld+json\" class=\"yoast-schema-graph\">{\"@context\":\"https:\\\/\\\/schema.org\",\"@graph\":[{\"@type\":\"WebPage\",\"@id\":\"https:\\\/\\\/www.teagueins.com\\\/resources\\\/insurance-glossary\\\/\",\"url\":\"https:\\\/\\\/www.teagueins.com\\\/resources\\\/insurance-glossary\\\/\",\"name\":\"Insurance Glossary - Teague Insurance\",\"isPartOf\":{\"@id\":\"https:\\\/\\\/www.teagueins.com\\\/#website\"},\"datePublished\":\"2018-04-02T03:36:20+00:00\",\"dateModified\":\"2018-05-08T15:40:53+00:00\",\"breadcrumb\":{\"@id\":\"https:\\\/\\\/www.teagueins.com\\\/resources\\\/insurance-glossary\\\/#breadcrumb\"},\"inLanguage\":\"es-MX\",\"potentialAction\":[{\"@type\":\"ReadAction\",\"target\":[\"https:\\\/\\\/www.teagueins.com\\\/resources\\\/insurance-glossary\\\/\"]}]},{\"@type\":\"BreadcrumbList\",\"@id\":\"https:\\\/\\\/www.teagueins.com\\\/resources\\\/insurance-glossary\\\/#breadcrumb\",\"itemListElement\":[{\"@type\":\"ListItem\",\"position\":1,\"name\":\"Home\",\"item\":\"https:\\\/\\\/www.teagueins.com\\\/\"},{\"@type\":\"ListItem\",\"position\":2,\"name\":\"Resources\",\"item\":\"https:\\\/\\\/www.teagueins.com\\\/resources\\\/\"},{\"@type\":\"ListItem\",\"position\":3,\"name\":\"Insurance Glossary\"}]},{\"@type\":\"WebSite\",\"@id\":\"https:\\\/\\\/www.teagueins.com\\\/#website\",\"url\":\"https:\\\/\\\/www.teagueins.com\\\/\",\"name\":\"Teague Insurance\",\"description\":\"San Diego\u2019s Trusted Insurance Source Since 1954\",\"publisher\":{\"@id\":\"https:\\\/\\\/www.teagueins.com\\\/#organization\"},\"potentialAction\":[{\"@type\":\"SearchAction\",\"target\":{\"@type\":\"EntryPoint\",\"urlTemplate\":\"https:\\\/\\\/www.teagueins.com\\\/?s={search_term_string}\"},\"query-input\":{\"@type\":\"PropertyValueSpecification\",\"valueRequired\":true,\"valueName\":\"search_term_string\"}}],\"inLanguage\":\"es-MX\"},{\"@type\":\"Organization\",\"@id\":\"https:\\\/\\\/www.teagueins.com\\\/#organization\",\"name\":\"Teague Insurance\",\"url\":\"https:\\\/\\\/www.teagueins.com\\\/\",\"logo\":{\"@type\":\"ImageObject\",\"inLanguage\":\"es-MX\",\"@id\":\"https:\\\/\\\/www.teagueins.com\\\/#\\\/schema\\\/logo\\\/image\\\/\",\"url\":\"https:\\\/\\\/www.teagueins.com\\\/wp-content\\\/uploads\\\/2019\\\/01\\\/Teague_Horizontal_Color.jpg\",\"contentUrl\":\"https:\\\/\\\/www.teagueins.com\\\/wp-content\\\/uploads\\\/2019\\\/01\\\/Teague_Horizontal_Color.jpg\",\"width\":2482,\"height\":937,\"caption\":\"Teague Insurance\"},\"image\":{\"@id\":\"https:\\\/\\\/www.teagueins.com\\\/#\\\/schema\\\/logo\\\/image\\\/\"},\"sameAs\":[\"https:\\\/\\\/www.facebook.com\\\/TeagueInsuranceAgencyInc\",\"https:\\\/\\\/x.com\\\/TeagueInsurance\",\"https:\\\/\\\/www.instagram.com\\\/teagueinsuranceagency\\\/\",\"https:\\\/\\\/www.linkedin.com\\\/company\\\/teague-insurance-agency-inc-\\\/?viewAsMember=true\"]}]}<\/script>\n<!-- \/ Yoast SEO Premium plugin. -->","yoast_head_json":{"title":"Glosario de seguros - Teague Insurance","robots":{"index":"index","follow":"follow","max-snippet":"max-snippet:-1","max-image-preview":"max-image-preview:large","max-video-preview":"max-video-preview:-1"},"canonical":"https:\/\/www.teagueins.com\/es\/resources\/insurance-glossary\/","og_locale":"es_MX","og_type":"article","og_title":"Insurance Glossary","og_description":"Understanding Insurance Terms We at Teague Insurance know the language used by the insurance industry can be confusing. We want to make sure that you clearly understand your options and know precisely what you\u2019re paying for. Here are some terms we use for types of coverage. There are also a variety of other terms that [&hellip;]","og_url":"https:\/\/www.teagueins.com\/es\/resources\/insurance-glossary\/","og_site_name":"Teague Insurance","article_publisher":"https:\/\/www.facebook.com\/TeagueInsuranceAgencyInc","article_modified_time":"2018-05-08T15:40:53+00:00","twitter_card":"summary_large_image","twitter_site":"@TeagueInsurance","twitter_misc":{"Tiempo de lectura":"8 minutos"},"schema":{"@context":"https:\/\/schema.org","@graph":[{"@type":"WebPage","@id":"https:\/\/www.teagueins.com\/resources\/insurance-glossary\/","url":"https:\/\/www.teagueins.com\/resources\/insurance-glossary\/","name":"Glosario de seguros - Teague Insurance","isPartOf":{"@id":"https:\/\/www.teagueins.com\/#website"},"datePublished":"2018-04-02T03:36:20+00:00","dateModified":"2018-05-08T15:40:53+00:00","breadcrumb":{"@id":"https:\/\/www.teagueins.com\/resources\/insurance-glossary\/#breadcrumb"},"inLanguage":"es-MX","potentialAction":[{"@type":"ReadAction","target":["https:\/\/www.teagueins.com\/resources\/insurance-glossary\/"]}]},{"@type":"BreadcrumbList","@id":"https:\/\/www.teagueins.com\/resources\/insurance-glossary\/#breadcrumb","itemListElement":[{"@type":"ListItem","position":1,"name":"Home","item":"https:\/\/www.teagueins.com\/"},{"@type":"ListItem","position":2,"name":"Resources","item":"https:\/\/www.teagueins.com\/resources\/"},{"@type":"ListItem","position":3,"name":"Insurance Glossary"}]},{"@type":"WebSite","@id":"https:\/\/www.teagueins.com\/#website","url":"https:\/\/www.teagueins.com\/","name":"Seguro Teague","description":"Fuente confiable de seguros de San Diego desde 1954","publisher":{"@id":"https:\/\/www.teagueins.com\/#organization"},"potentialAction":[{"@type":"SearchAction","target":{"@type":"EntryPoint","urlTemplate":"https:\/\/www.teagueins.com\/?s={search_term_string}"},"query-input":{"@type":"PropertyValueSpecification","valueRequired":true,"valueName":"search_term_string"}}],"inLanguage":"es-MX"},{"@type":"Organization","@id":"https:\/\/www.teagueins.com\/#organization","name":"Seguro Teague","url":"https:\/\/www.teagueins.com\/","logo":{"@type":"ImageObject","inLanguage":"es-MX","@id":"https:\/\/www.teagueins.com\/#\/schema\/logo\/image\/","url":"https:\/\/www.teagueins.com\/wp-content\/uploads\/2019\/01\/Teague_Horizontal_Color.jpg","contentUrl":"https:\/\/www.teagueins.com\/wp-content\/uploads\/2019\/01\/Teague_Horizontal_Color.jpg","width":2482,"height":937,"caption":"Teague Insurance"},"image":{"@id":"https:\/\/www.teagueins.com\/#\/schema\/logo\/image\/"},"sameAs":["https:\/\/www.facebook.com\/TeagueInsuranceAgencyInc","https:\/\/x.com\/TeagueInsurance","https:\/\/www.instagram.com\/teagueinsuranceagency\/","https:\/\/www.linkedin.com\/company\/teague-insurance-agency-inc-\/?viewAsMember=true"]}]}},"_links":{"self":[{"href":"https:\/\/www.teagueins.com\/es\/wp-json\/wp\/v2\/pages\/510","targetHints":{"allow":["GET"]}}],"collection":[{"href":"https:\/\/www.teagueins.com\/es\/wp-json\/wp\/v2\/pages"}],"about":[{"href":"https:\/\/www.teagueins.com\/es\/wp-json\/wp\/v2\/types\/page"}],"author":[{"embeddable":true,"href":"https:\/\/www.teagueins.com\/es\/wp-json\/wp\/v2\/users\/1"}],"replies":[{"embeddable":true,"href":"https:\/\/www.teagueins.com\/es\/wp-json\/wp\/v2\/comments?post=510"}],"version-history":[{"count":0,"href":"https:\/\/www.teagueins.com\/es\/wp-json\/wp\/v2\/pages\/510\/revisions"}],"up":[{"embeddable":true,"href":"https:\/\/www.teagueins.com\/es\/wp-json\/wp\/v2\/pages\/32"}],"wp:attachment":[{"href":"https:\/\/www.teagueins.com\/es\/wp-json\/wp\/v2\/media?parent=510"}],"curies":[{"name":"gracias","href":"https:\/\/api.w.org\/{rel}","templated":true}]}}