{"id":50,"date":"2018-03-23T03:38:43","date_gmt":"2018-03-23T03:38:43","guid":{"rendered":"http:\/\/teagueins.wpengine.com\/?page_id=50"},"modified":"2026-04-27T22:38:30","modified_gmt":"2026-04-27T22:38:30","slug":"renters-insurance","status":"publish","type":"page","link":"https:\/\/www.teagueins.com\/es\/personal-insurance\/renters-insurance\/","title":{"rendered":"El seguro para inquilinos"},"content":{"rendered":"<p>Tienes muchas cosas que son importantes para ti, desde ropa, muebles, sistema de sonido, equipo deportivo, computadora, etc. Y quieres estar seguro de que todo por lo que has trabajado no est\u00e9 en riesgo.<\/p>\n<h3>Lo que necesitas saber<\/h3>\n<p>Tu p\u00f3liza para inquilinos cubre tu propiedad personal contra robo o da\u00f1o sujeto a los l\u00edmites y deducibles que selecciones. La cobertura incluso aplica cuando estas fuera de casa.<\/p>\n<p>Por una peque\u00f1a prima adicional, puedes optar por tener cobertura de valor total lo que asegura que se te pagara el costo total de reemplazo de tus art\u00edculos da\u00f1ados o robados sin que se deprecie su valor.<\/p>\n<h3>Prot\u00e9jase y proteja a sus invitados<\/h3>\n<p>Tu p\u00f3liza de seguro para inquilinos te protege a ti, tu familia e invitados contra ciertos siniestros por lesiones corporales y da\u00f1os a la propiedad por los cuales eres responsable. Tambi\u00e9n proporciona defensa legal en caso de que te demanden por un siniestro cubierto, sujeto a los l\u00edmites que hayas seleccionado.<\/p>\n<p>Adem\u00e1s, puedes seleccionar cobertura de pagos m\u00e9dicos que pagara los gastos m\u00e9dicos incurridos por un visitante que se lesione en tu residencia independientemente de la culpa. Hay varios limites disponibles, H\u00e1blanos y te podemos asesorar.<\/p>","protected":false},"excerpt":{"rendered":"<p>You have a lot of things that are important to you \u2013 from your clothes and furniture to your sound system, sports gear, and computer. And you want to feel confident that everything you\u2019ve worked for is not at risk. What You Need to Know Your renters policy covers your personal property against theft or [&hellip;]<\/p>\n","protected":false},"author":1,"featured_media":266,"parent":54,"menu_order":4,"comment_status":"closed","ping_status":"closed","template":"tpl-single-service.php","meta":{"_acf_changed":true,"footnotes":"","_links_to":"","_links_to_target":""},"class_list":["post-50","page","type-page","status-publish","has-post-thumbnail","hentry"],"acf":[],"yoast_head":"<!-- This site is optimized with the Yoast SEO Premium plugin v21.2 (Yoast SEO v27.5) - https:\/\/yoast.com\/product\/yoast-seo-premium-wordpress\/ -->\n<title>Renters Insurance - Teague Insurance<\/title>\n<meta name=\"description\" content=\"Feel confident that everything you&#039;ve worked for is not at risk. Contact us for a free, no obligation quote on renters insurance today.\" \/>\n<meta name=\"robots\" content=\"index, follow, max-snippet:-1, max-image-preview:large, max-video-preview:-1\" \/>\n<link rel=\"canonical\" href=\"https:\/\/www.teagueins.com\/es\/personal-insurance\/renters-insurance\/\" \/>\n<meta property=\"og:locale\" content=\"es_MX\" \/>\n<meta property=\"og:type\" content=\"article\" \/>\n<meta property=\"og:title\" content=\"Renters Insurance\" \/>\n<meta property=\"og:description\" content=\"Feel confident that everything you&#039;ve worked for is not at risk. Contact us for a free, no obligation quote on renters insurance today.\" \/>\n<meta property=\"og:url\" content=\"https:\/\/www.teagueins.com\/es\/personal-insurance\/renters-insurance\/\" \/>\n<meta property=\"og:site_name\" content=\"Teague Insurance\" \/>\n<meta property=\"article:publisher\" content=\"https:\/\/www.facebook.com\/TeagueInsuranceAgencyInc\" \/>\n<meta property=\"article:modified_time\" content=\"2026-04-27T22:38:30+00:00\" \/>\n<meta property=\"og:image\" content=\"http:\/\/www.teagueins.com\/wp-content\/uploads\/2018\/03\/per_renters.jpg\" \/>\n\t<meta property=\"og:image:width\" content=\"900\" \/>\n\t<meta property=\"og:image:height\" content=\"450\" \/>\n\t<meta property=\"og:image:type\" content=\"image\/jpeg\" \/>\n<meta name=\"twitter:card\" content=\"summary_large_image\" \/>\n<meta name=\"twitter:site\" content=\"@TeagueInsurance\" \/>\n<meta name=\"twitter:label1\" content=\"Tiempo de lectura\" \/>\n\t<meta name=\"twitter:data1\" content=\"2 minutos\" \/>\n<script type=\"application\/ld+json\" class=\"yoast-schema-graph\">{\"@context\":\"https:\\\/\\\/schema.org\",\"@graph\":[{\"@type\":\"WebPage\",\"@id\":\"https:\\\/\\\/www.teagueins.com\\\/personal-insurance\\\/renters-insurance\\\/\",\"url\":\"https:\\\/\\\/www.teagueins.com\\\/personal-insurance\\\/renters-insurance\\\/\",\"name\":\"Renters Insurance - Teague Insurance\",\"isPartOf\":{\"@id\":\"https:\\\/\\\/www.teagueins.com\\\/#website\"},\"primaryImageOfPage\":{\"@id\":\"https:\\\/\\\/www.teagueins.com\\\/personal-insurance\\\/renters-insurance\\\/#primaryimage\"},\"image\":{\"@id\":\"https:\\\/\\\/www.teagueins.com\\\/personal-insurance\\\/renters-insurance\\\/#primaryimage\"},\"thumbnailUrl\":\"https:\\\/\\\/www.teagueins.com\\\/wp-content\\\/uploads\\\/2018\\\/03\\\/per_renters.jpg\",\"datePublished\":\"2018-03-23T03:38:43+00:00\",\"dateModified\":\"2026-04-27T22:38:30+00:00\",\"description\":\"Feel confident that everything you've worked for is not at risk. Contact us for a free, no obligation quote on renters insurance today.\",\"breadcrumb\":{\"@id\":\"https:\\\/\\\/www.teagueins.com\\\/personal-insurance\\\/renters-insurance\\\/#breadcrumb\"},\"inLanguage\":\"es-MX\",\"potentialAction\":[{\"@type\":\"ReadAction\",\"target\":[\"https:\\\/\\\/www.teagueins.com\\\/personal-insurance\\\/renters-insurance\\\/\"]}]},{\"@type\":\"ImageObject\",\"inLanguage\":\"es-MX\",\"@id\":\"https:\\\/\\\/www.teagueins.com\\\/personal-insurance\\\/renters-insurance\\\/#primaryimage\",\"url\":\"https:\\\/\\\/www.teagueins.com\\\/wp-content\\\/uploads\\\/2018\\\/03\\\/per_renters.jpg\",\"contentUrl\":\"https:\\\/\\\/www.teagueins.com\\\/wp-content\\\/uploads\\\/2018\\\/03\\\/per_renters.jpg\",\"width\":900,\"height\":450},{\"@type\":\"BreadcrumbList\",\"@id\":\"https:\\\/\\\/www.teagueins.com\\\/personal-insurance\\\/renters-insurance\\\/#breadcrumb\",\"itemListElement\":[{\"@type\":\"ListItem\",\"position\":1,\"name\":\"Home\",\"item\":\"https:\\\/\\\/www.teagueins.com\\\/\"},{\"@type\":\"ListItem\",\"position\":2,\"name\":\"Personal Insurance Solutions\",\"item\":\"https:\\\/\\\/www.teagueins.com\\\/personal-insurance\\\/\"},{\"@type\":\"ListItem\",\"position\":3,\"name\":\"Renters Insurance\"}]},{\"@type\":\"WebSite\",\"@id\":\"https:\\\/\\\/www.teagueins.com\\\/#website\",\"url\":\"https:\\\/\\\/www.teagueins.com\\\/\",\"name\":\"Teague Insurance\",\"description\":\"San Diego\u2019s Trusted Insurance Source Since 1954\",\"publisher\":{\"@id\":\"https:\\\/\\\/www.teagueins.com\\\/#organization\"},\"potentialAction\":[{\"@type\":\"SearchAction\",\"target\":{\"@type\":\"EntryPoint\",\"urlTemplate\":\"https:\\\/\\\/www.teagueins.com\\\/?s={search_term_string}\"},\"query-input\":{\"@type\":\"PropertyValueSpecification\",\"valueRequired\":true,\"valueName\":\"search_term_string\"}}],\"inLanguage\":\"es-MX\"},{\"@type\":\"Organization\",\"@id\":\"https:\\\/\\\/www.teagueins.com\\\/#organization\",\"name\":\"Teague Insurance\",\"url\":\"https:\\\/\\\/www.teagueins.com\\\/\",\"logo\":{\"@type\":\"ImageObject\",\"inLanguage\":\"es-MX\",\"@id\":\"https:\\\/\\\/www.teagueins.com\\\/#\\\/schema\\\/logo\\\/image\\\/\",\"url\":\"https:\\\/\\\/www.teagueins.com\\\/wp-content\\\/uploads\\\/2019\\\/01\\\/Teague_Horizontal_Color.jpg\",\"contentUrl\":\"https:\\\/\\\/www.teagueins.com\\\/wp-content\\\/uploads\\\/2019\\\/01\\\/Teague_Horizontal_Color.jpg\",\"width\":2482,\"height\":937,\"caption\":\"Teague Insurance\"},\"image\":{\"@id\":\"https:\\\/\\\/www.teagueins.com\\\/#\\\/schema\\\/logo\\\/image\\\/\"},\"sameAs\":[\"https:\\\/\\\/www.facebook.com\\\/TeagueInsuranceAgencyInc\",\"https:\\\/\\\/x.com\\\/TeagueInsurance\",\"https:\\\/\\\/www.instagram.com\\\/teagueinsuranceagency\\\/\",\"https:\\\/\\\/www.linkedin.com\\\/company\\\/teague-insurance-agency-inc-\\\/?viewAsMember=true\"]}]}<\/script>\n<!-- \/ Yoast SEO Premium plugin. -->","yoast_head_json":{"title":"Seguro para inquilinos - Teague Insurance","description":"Tenga la seguridad de que todo lo que ha logrado con tanto esfuerzo no est\u00e1 en riesgo. Cont\u00e1ctenos hoy mismo para obtener una cotizaci\u00f3n gratuita y sin compromiso de seguro de inquilinos.","robots":{"index":"index","follow":"follow","max-snippet":"max-snippet:-1","max-image-preview":"max-image-preview:large","max-video-preview":"max-video-preview:-1"},"canonical":"https:\/\/www.teagueins.com\/es\/personal-insurance\/renters-insurance\/","og_locale":"es_MX","og_type":"article","og_title":"Renters Insurance","og_description":"Feel confident that everything you've worked for is not at risk. Contact us for a free, no obligation quote on renters insurance today.","og_url":"https:\/\/www.teagueins.com\/es\/personal-insurance\/renters-insurance\/","og_site_name":"Teague Insurance","article_publisher":"https:\/\/www.facebook.com\/TeagueInsuranceAgencyInc","article_modified_time":"2026-04-27T22:38:30+00:00","og_image":[{"width":900,"height":450,"url":"http:\/\/www.teagueins.com\/wp-content\/uploads\/2018\/03\/per_renters.jpg","type":"image\/jpeg"}],"twitter_card":"summary_large_image","twitter_site":"@TeagueInsurance","twitter_misc":{"Tiempo de lectura":"2 minutos"},"schema":{"@context":"https:\/\/schema.org","@graph":[{"@type":"WebPage","@id":"https:\/\/www.teagueins.com\/personal-insurance\/renters-insurance\/","url":"https:\/\/www.teagueins.com\/personal-insurance\/renters-insurance\/","name":"Seguro para inquilinos - Teague Insurance","isPartOf":{"@id":"https:\/\/www.teagueins.com\/#website"},"primaryImageOfPage":{"@id":"https:\/\/www.teagueins.com\/personal-insurance\/renters-insurance\/#primaryimage"},"image":{"@id":"https:\/\/www.teagueins.com\/personal-insurance\/renters-insurance\/#primaryimage"},"thumbnailUrl":"https:\/\/www.teagueins.com\/wp-content\/uploads\/2018\/03\/per_renters.jpg","datePublished":"2018-03-23T03:38:43+00:00","dateModified":"2026-04-27T22:38:30+00:00","description":"Tenga la seguridad de que todo lo que ha logrado con tanto esfuerzo no est\u00e1 en riesgo. Cont\u00e1ctenos hoy mismo para obtener una cotizaci\u00f3n gratuita y sin compromiso de seguro de inquilinos.","breadcrumb":{"@id":"https:\/\/www.teagueins.com\/personal-insurance\/renters-insurance\/#breadcrumb"},"inLanguage":"es-MX","potentialAction":[{"@type":"ReadAction","target":["https:\/\/www.teagueins.com\/personal-insurance\/renters-insurance\/"]}]},{"@type":"ImageObject","inLanguage":"es-MX","@id":"https:\/\/www.teagueins.com\/personal-insurance\/renters-insurance\/#primaryimage","url":"https:\/\/www.teagueins.com\/wp-content\/uploads\/2018\/03\/per_renters.jpg","contentUrl":"https:\/\/www.teagueins.com\/wp-content\/uploads\/2018\/03\/per_renters.jpg","width":900,"height":450},{"@type":"BreadcrumbList","@id":"https:\/\/www.teagueins.com\/personal-insurance\/renters-insurance\/#breadcrumb","itemListElement":[{"@type":"ListItem","position":1,"name":"Home","item":"https:\/\/www.teagueins.com\/"},{"@type":"ListItem","position":2,"name":"Personal Insurance Solutions","item":"https:\/\/www.teagueins.com\/personal-insurance\/"},{"@type":"ListItem","position":3,"name":"Renters Insurance"}]},{"@type":"WebSite","@id":"https:\/\/www.teagueins.com\/#website","url":"https:\/\/www.teagueins.com\/","name":"Seguro Teague","description":"Fuente confiable de seguros de San Diego desde 1954","publisher":{"@id":"https:\/\/www.teagueins.com\/#organization"},"potentialAction":[{"@type":"SearchAction","target":{"@type":"EntryPoint","urlTemplate":"https:\/\/www.teagueins.com\/?s={search_term_string}"},"query-input":{"@type":"PropertyValueSpecification","valueRequired":true,"valueName":"search_term_string"}}],"inLanguage":"es-MX"},{"@type":"Organization","@id":"https:\/\/www.teagueins.com\/#organization","name":"Seguro Teague","url":"https:\/\/www.teagueins.com\/","logo":{"@type":"ImageObject","inLanguage":"es-MX","@id":"https:\/\/www.teagueins.com\/#\/schema\/logo\/image\/","url":"https:\/\/www.teagueins.com\/wp-content\/uploads\/2019\/01\/Teague_Horizontal_Color.jpg","contentUrl":"https:\/\/www.teagueins.com\/wp-content\/uploads\/2019\/01\/Teague_Horizontal_Color.jpg","width":2482,"height":937,"caption":"Teague Insurance"},"image":{"@id":"https:\/\/www.teagueins.com\/#\/schema\/logo\/image\/"},"sameAs":["https:\/\/www.facebook.com\/TeagueInsuranceAgencyInc","https:\/\/x.com\/TeagueInsurance","https:\/\/www.instagram.com\/teagueinsuranceagency\/","https:\/\/www.linkedin.com\/company\/teague-insurance-agency-inc-\/?viewAsMember=true"]}]}},"_links":{"self":[{"href":"https:\/\/www.teagueins.com\/es\/wp-json\/wp\/v2\/pages\/50","targetHints":{"allow":["GET"]}}],"collection":[{"href":"https:\/\/www.teagueins.com\/es\/wp-json\/wp\/v2\/pages"}],"about":[{"href":"https:\/\/www.teagueins.com\/es\/wp-json\/wp\/v2\/types\/page"}],"author":[{"embeddable":true,"href":"https:\/\/www.teagueins.com\/es\/wp-json\/wp\/v2\/users\/1"}],"replies":[{"embeddable":true,"href":"https:\/\/www.teagueins.com\/es\/wp-json\/wp\/v2\/comments?post=50"}],"version-history":[{"count":0,"href":"https:\/\/www.teagueins.com\/es\/wp-json\/wp\/v2\/pages\/50\/revisions"}],"up":[{"embeddable":true,"href":"https:\/\/www.teagueins.com\/es\/wp-json\/wp\/v2\/pages\/54"}],"wp:featuredmedia":[{"embeddable":true,"href":"https:\/\/www.teagueins.com\/es\/wp-json\/wp\/v2\/media\/266"}],"wp:attachment":[{"href":"https:\/\/www.teagueins.com\/es\/wp-json\/wp\/v2\/media?parent=50"}],"curies":[{"name":"gracias","href":"https:\/\/api.w.org\/{rel}","templated":true}]}}