{"id":48,"date":"2018-03-23T03:38:29","date_gmt":"2018-03-23T03:38:29","guid":{"rendered":"http:\/\/teagueins.wpengine.com\/?page_id=48"},"modified":"2026-04-27T22:38:46","modified_gmt":"2026-04-27T22:38:46","slug":"motorcycle-insurance","status":"publish","type":"page","link":"https:\/\/www.teagueins.com\/es\/personal-insurance\/motorcycle-insurance\/","title":{"rendered":"Seguro de motocicleta"},"content":{"rendered":"<p>Si vives en California, lo m\u00e1s probable es que Teague Insurance pueda asegurarte.<\/p>\n<h3>Puedes calificar para descuentos<\/h3>\n<p>Una de las grandes ventajas de tener seguro de motocicleta a trav\u00e9s de una compa\u00f1\u00eda importante de seguros como las que representamos, es que puedes ahorrar dinero al tener m\u00e1s de una p\u00f3liza con nosotros. Te podremos ayudar a calcular cu\u00e1nto dinero puedes ahorrar. Tambi\u00e9n puedes ahorrar dinero si tu motocicleta la estacionas en un garaje, si perteneces a ciertos grupos de motociclistas o si has tomado un curso de motociclista seguro patrocinado por <a href=\"http:\/\/www.msf-usa.org\/\" target=\"_blank\" rel=\"noopener\">\u201cMotorcycle Safety Foundation\u201d<\/a>.<\/p>\n<h3>Acerca del seguro de motocicleta<\/h3>\n<p>Tu p\u00f3liza de motocicleta puede incluir cualquiera o todas las opciones a continuaci\u00f3n.<\/p>\n<h4>PIEZAS Y EQUIPO PERSONALIZADO<\/h4>\n<p>Si seleccionas esta cobertura recibir\u00e1s hasta $3,000 en cobertura sin ning\u00fan costo adicional. La cobertura est\u00e1 disponible para hasta $10,000 en piezas y equipo personalizado.<\/p>\n<h4>Asistencia en carretera<\/h4>\n<p>Tu p\u00f3liza de seguro de motocicleta puede proporcionarte un beneficio de asistencia en carretera de hasta $300 por incidente.<\/p>\n<h4>COBERTURA DE REPONSABILIDAD CIVIL<\/h4>\n<p>Puedes elegir la cobertura de seguro que se adapte a tus necesidades. Muchas compa\u00f1\u00edas de seguro ofrecen l\u00edmites de responsabilidad civil lo suficientemente alto para satisfacer los requisitos de una p\u00f3liza de sombrilla personal, lo que significa que puedes ser elegible para esta cobertura adicional. En la mayor\u00eda de los estados, la responsabilidad civil de los pasajeros invitados (obligatoria para todas las motocicletas de calle) se incluye autom\u00e1ticamente en el mismo l\u00edmite de responsabilidad civil.<\/p>\n<h4>Cobertura M\u00e9dica<\/h4>\n<p>Esta cobertura cubre ciertos gastos m\u00e9dicos necesarios para ti y cualquier pasajero a resultado de un accidente.<\/p>\n<h4>Cobertura para conductores sin seguro o con seguro insuficiente<\/h4>\n<p>Esta cobertura generalmente paga los gastos asociados con lesiones o muerte por un accidente causado por un conductor sin seguro, con seguro insuficiente o que se d\u00e9 a la fuga. Tambi\u00e9n te cubre si eres golpeado por un peat\u00f3n.<\/p>","protected":false},"excerpt":{"rendered":"<p>If you live in California, chances are Teague Insurance covers what you ride. You May Qualify for Discounts One of the great advantages of having your motorcycle coverage through a major insurance company like the ones we represent, is that you may save money by having more than one policy with us. Our agency will [&hellip;]<\/p>\n","protected":false},"author":1,"featured_media":272,"parent":54,"menu_order":7,"comment_status":"closed","ping_status":"closed","template":"tpl-single-service.php","meta":{"_acf_changed":true,"footnotes":"","_links_to":"","_links_to_target":""},"class_list":["post-48","page","type-page","status-publish","has-post-thumbnail","hentry"],"acf":[],"yoast_head":"<!-- This site is optimized with the Yoast SEO Premium plugin v21.2 (Yoast SEO v27.5) - https:\/\/yoast.com\/product\/yoast-seo-premium-wordpress\/ -->\n<title>Motorcycle Insurance - Teague Insurance<\/title>\n<meta name=\"description\" content=\"If you live in California, chances are Teague Insurance covers what you ride. Find out how you can save money on motorcycle insurance today.\" \/>\n<meta name=\"robots\" content=\"index, follow, max-snippet:-1, max-image-preview:large, max-video-preview:-1\" \/>\n<link rel=\"canonical\" href=\"https:\/\/www.teagueins.com\/es\/personal-insurance\/motorcycle-insurance\/\" \/>\n<meta property=\"og:locale\" content=\"es_MX\" \/>\n<meta property=\"og:type\" content=\"article\" \/>\n<meta property=\"og:title\" content=\"Motorcycle Insurance\" \/>\n<meta property=\"og:description\" content=\"If you live in California, chances are Teague Insurance covers what you ride. Find out how you can save money on motorcycle insurance today.\" \/>\n<meta property=\"og:url\" content=\"https:\/\/www.teagueins.com\/es\/personal-insurance\/motorcycle-insurance\/\" \/>\n<meta property=\"og:site_name\" content=\"Teague Insurance\" \/>\n<meta property=\"article:publisher\" content=\"https:\/\/www.facebook.com\/TeagueInsuranceAgencyInc\" \/>\n<meta property=\"article:modified_time\" content=\"2026-04-27T22:38:46+00:00\" \/>\n<meta property=\"og:image\" content=\"http:\/\/www.teagueins.com\/wp-content\/uploads\/2018\/03\/per_motorcycle.jpg\" \/>\n\t<meta property=\"og:image:width\" content=\"900\" \/>\n\t<meta property=\"og:image:height\" content=\"450\" \/>\n\t<meta property=\"og:image:type\" content=\"image\/jpeg\" \/>\n<meta name=\"twitter:card\" content=\"summary_large_image\" \/>\n<meta name=\"twitter:site\" content=\"@TeagueInsurance\" \/>\n<meta name=\"twitter:label1\" content=\"Tiempo de lectura\" \/>\n\t<meta name=\"twitter:data1\" content=\"2 minutos\" \/>\n<script type=\"application\/ld+json\" class=\"yoast-schema-graph\">{\"@context\":\"https:\\\/\\\/schema.org\",\"@graph\":[{\"@type\":\"WebPage\",\"@id\":\"https:\\\/\\\/www.teagueins.com\\\/personal-insurance\\\/motorcycle-insurance\\\/\",\"url\":\"https:\\\/\\\/www.teagueins.com\\\/personal-insurance\\\/motorcycle-insurance\\\/\",\"name\":\"Motorcycle Insurance - Teague Insurance\",\"isPartOf\":{\"@id\":\"https:\\\/\\\/www.teagueins.com\\\/#website\"},\"primaryImageOfPage\":{\"@id\":\"https:\\\/\\\/www.teagueins.com\\\/personal-insurance\\\/motorcycle-insurance\\\/#primaryimage\"},\"image\":{\"@id\":\"https:\\\/\\\/www.teagueins.com\\\/personal-insurance\\\/motorcycle-insurance\\\/#primaryimage\"},\"thumbnailUrl\":\"https:\\\/\\\/www.teagueins.com\\\/wp-content\\\/uploads\\\/2018\\\/03\\\/per_motorcycle.jpg\",\"datePublished\":\"2018-03-23T03:38:29+00:00\",\"dateModified\":\"2026-04-27T22:38:46+00:00\",\"description\":\"If you live in California, chances are Teague Insurance covers what you ride. Find out how you can save money on motorcycle insurance today.\",\"breadcrumb\":{\"@id\":\"https:\\\/\\\/www.teagueins.com\\\/personal-insurance\\\/motorcycle-insurance\\\/#breadcrumb\"},\"inLanguage\":\"es-MX\",\"potentialAction\":[{\"@type\":\"ReadAction\",\"target\":[\"https:\\\/\\\/www.teagueins.com\\\/personal-insurance\\\/motorcycle-insurance\\\/\"]}]},{\"@type\":\"ImageObject\",\"inLanguage\":\"es-MX\",\"@id\":\"https:\\\/\\\/www.teagueins.com\\\/personal-insurance\\\/motorcycle-insurance\\\/#primaryimage\",\"url\":\"https:\\\/\\\/www.teagueins.com\\\/wp-content\\\/uploads\\\/2018\\\/03\\\/per_motorcycle.jpg\",\"contentUrl\":\"https:\\\/\\\/www.teagueins.com\\\/wp-content\\\/uploads\\\/2018\\\/03\\\/per_motorcycle.jpg\",\"width\":900,\"height\":450},{\"@type\":\"BreadcrumbList\",\"@id\":\"https:\\\/\\\/www.teagueins.com\\\/personal-insurance\\\/motorcycle-insurance\\\/#breadcrumb\",\"itemListElement\":[{\"@type\":\"ListItem\",\"position\":1,\"name\":\"Home\",\"item\":\"https:\\\/\\\/www.teagueins.com\\\/\"},{\"@type\":\"ListItem\",\"position\":2,\"name\":\"Personal Insurance Solutions\",\"item\":\"https:\\\/\\\/www.teagueins.com\\\/personal-insurance\\\/\"},{\"@type\":\"ListItem\",\"position\":3,\"name\":\"Motorcycle Insurance\"}]},{\"@type\":\"WebSite\",\"@id\":\"https:\\\/\\\/www.teagueins.com\\\/#website\",\"url\":\"https:\\\/\\\/www.teagueins.com\\\/\",\"name\":\"Teague Insurance\",\"description\":\"San Diego\u2019s Trusted Insurance Source Since 1954\",\"publisher\":{\"@id\":\"https:\\\/\\\/www.teagueins.com\\\/#organization\"},\"potentialAction\":[{\"@type\":\"SearchAction\",\"target\":{\"@type\":\"EntryPoint\",\"urlTemplate\":\"https:\\\/\\\/www.teagueins.com\\\/?s={search_term_string}\"},\"query-input\":{\"@type\":\"PropertyValueSpecification\",\"valueRequired\":true,\"valueName\":\"search_term_string\"}}],\"inLanguage\":\"es-MX\"},{\"@type\":\"Organization\",\"@id\":\"https:\\\/\\\/www.teagueins.com\\\/#organization\",\"name\":\"Teague Insurance\",\"url\":\"https:\\\/\\\/www.teagueins.com\\\/\",\"logo\":{\"@type\":\"ImageObject\",\"inLanguage\":\"es-MX\",\"@id\":\"https:\\\/\\\/www.teagueins.com\\\/#\\\/schema\\\/logo\\\/image\\\/\",\"url\":\"https:\\\/\\\/www.teagueins.com\\\/wp-content\\\/uploads\\\/2019\\\/01\\\/Teague_Horizontal_Color.jpg\",\"contentUrl\":\"https:\\\/\\\/www.teagueins.com\\\/wp-content\\\/uploads\\\/2019\\\/01\\\/Teague_Horizontal_Color.jpg\",\"width\":2482,\"height\":937,\"caption\":\"Teague Insurance\"},\"image\":{\"@id\":\"https:\\\/\\\/www.teagueins.com\\\/#\\\/schema\\\/logo\\\/image\\\/\"},\"sameAs\":[\"https:\\\/\\\/www.facebook.com\\\/TeagueInsuranceAgencyInc\",\"https:\\\/\\\/x.com\\\/TeagueInsurance\",\"https:\\\/\\\/www.instagram.com\\\/teagueinsuranceagency\\\/\",\"https:\\\/\\\/www.linkedin.com\\\/company\\\/teague-insurance-agency-inc-\\\/?viewAsMember=true\"]}]}<\/script>\n<!-- \/ Yoast SEO Premium plugin. -->","yoast_head_json":{"title":"Seguro de motocicleta - Teague Insurance","description":"Si vives en California, es probable que Teague Insurance cubra tu veh\u00edculo. Descubre c\u00f3mo puedes ahorrar dinero en tu seguro de motocicleta hoy mismo.","robots":{"index":"index","follow":"follow","max-snippet":"max-snippet:-1","max-image-preview":"max-image-preview:large","max-video-preview":"max-video-preview:-1"},"canonical":"https:\/\/www.teagueins.com\/es\/personal-insurance\/motorcycle-insurance\/","og_locale":"es_MX","og_type":"article","og_title":"Motorcycle Insurance","og_description":"If you live in California, chances are Teague Insurance covers what you ride. Find out how you can save money on motorcycle insurance today.","og_url":"https:\/\/www.teagueins.com\/es\/personal-insurance\/motorcycle-insurance\/","og_site_name":"Teague Insurance","article_publisher":"https:\/\/www.facebook.com\/TeagueInsuranceAgencyInc","article_modified_time":"2026-04-27T22:38:46+00:00","og_image":[{"width":900,"height":450,"url":"http:\/\/www.teagueins.com\/wp-content\/uploads\/2018\/03\/per_motorcycle.jpg","type":"image\/jpeg"}],"twitter_card":"summary_large_image","twitter_site":"@TeagueInsurance","twitter_misc":{"Tiempo de lectura":"2 minutos"},"schema":{"@context":"https:\/\/schema.org","@graph":[{"@type":"WebPage","@id":"https:\/\/www.teagueins.com\/personal-insurance\/motorcycle-insurance\/","url":"https:\/\/www.teagueins.com\/personal-insurance\/motorcycle-insurance\/","name":"Seguro de motocicleta - Teague Insurance","isPartOf":{"@id":"https:\/\/www.teagueins.com\/#website"},"primaryImageOfPage":{"@id":"https:\/\/www.teagueins.com\/personal-insurance\/motorcycle-insurance\/#primaryimage"},"image":{"@id":"https:\/\/www.teagueins.com\/personal-insurance\/motorcycle-insurance\/#primaryimage"},"thumbnailUrl":"https:\/\/www.teagueins.com\/wp-content\/uploads\/2018\/03\/per_motorcycle.jpg","datePublished":"2018-03-23T03:38:29+00:00","dateModified":"2026-04-27T22:38:46+00:00","description":"Si vives en California, es probable que Teague Insurance cubra tu veh\u00edculo. Descubre c\u00f3mo puedes ahorrar dinero en tu seguro de motocicleta hoy mismo.","breadcrumb":{"@id":"https:\/\/www.teagueins.com\/personal-insurance\/motorcycle-insurance\/#breadcrumb"},"inLanguage":"es-MX","potentialAction":[{"@type":"ReadAction","target":["https:\/\/www.teagueins.com\/personal-insurance\/motorcycle-insurance\/"]}]},{"@type":"ImageObject","inLanguage":"es-MX","@id":"https:\/\/www.teagueins.com\/personal-insurance\/motorcycle-insurance\/#primaryimage","url":"https:\/\/www.teagueins.com\/wp-content\/uploads\/2018\/03\/per_motorcycle.jpg","contentUrl":"https:\/\/www.teagueins.com\/wp-content\/uploads\/2018\/03\/per_motorcycle.jpg","width":900,"height":450},{"@type":"BreadcrumbList","@id":"https:\/\/www.teagueins.com\/personal-insurance\/motorcycle-insurance\/#breadcrumb","itemListElement":[{"@type":"ListItem","position":1,"name":"Home","item":"https:\/\/www.teagueins.com\/"},{"@type":"ListItem","position":2,"name":"Personal Insurance Solutions","item":"https:\/\/www.teagueins.com\/personal-insurance\/"},{"@type":"ListItem","position":3,"name":"Motorcycle Insurance"}]},{"@type":"WebSite","@id":"https:\/\/www.teagueins.com\/#website","url":"https:\/\/www.teagueins.com\/","name":"Seguro Teague","description":"Fuente confiable de seguros de San Diego desde 1954","publisher":{"@id":"https:\/\/www.teagueins.com\/#organization"},"potentialAction":[{"@type":"SearchAction","target":{"@type":"EntryPoint","urlTemplate":"https:\/\/www.teagueins.com\/?s={search_term_string}"},"query-input":{"@type":"PropertyValueSpecification","valueRequired":true,"valueName":"search_term_string"}}],"inLanguage":"es-MX"},{"@type":"Organization","@id":"https:\/\/www.teagueins.com\/#organization","name":"Seguro Teague","url":"https:\/\/www.teagueins.com\/","logo":{"@type":"ImageObject","inLanguage":"es-MX","@id":"https:\/\/www.teagueins.com\/#\/schema\/logo\/image\/","url":"https:\/\/www.teagueins.com\/wp-content\/uploads\/2019\/01\/Teague_Horizontal_Color.jpg","contentUrl":"https:\/\/www.teagueins.com\/wp-content\/uploads\/2019\/01\/Teague_Horizontal_Color.jpg","width":2482,"height":937,"caption":"Teague Insurance"},"image":{"@id":"https:\/\/www.teagueins.com\/#\/schema\/logo\/image\/"},"sameAs":["https:\/\/www.facebook.com\/TeagueInsuranceAgencyInc","https:\/\/x.com\/TeagueInsurance","https:\/\/www.instagram.com\/teagueinsuranceagency\/","https:\/\/www.linkedin.com\/company\/teague-insurance-agency-inc-\/?viewAsMember=true"]}]}},"_links":{"self":[{"href":"https:\/\/www.teagueins.com\/es\/wp-json\/wp\/v2\/pages\/48","targetHints":{"allow":["GET"]}}],"collection":[{"href":"https:\/\/www.teagueins.com\/es\/wp-json\/wp\/v2\/pages"}],"about":[{"href":"https:\/\/www.teagueins.com\/es\/wp-json\/wp\/v2\/types\/page"}],"author":[{"embeddable":true,"href":"https:\/\/www.teagueins.com\/es\/wp-json\/wp\/v2\/users\/1"}],"replies":[{"embeddable":true,"href":"https:\/\/www.teagueins.com\/es\/wp-json\/wp\/v2\/comments?post=48"}],"version-history":[{"count":0,"href":"https:\/\/www.teagueins.com\/es\/wp-json\/wp\/v2\/pages\/48\/revisions"}],"up":[{"embeddable":true,"href":"https:\/\/www.teagueins.com\/es\/wp-json\/wp\/v2\/pages\/54"}],"wp:featuredmedia":[{"embeddable":true,"href":"https:\/\/www.teagueins.com\/es\/wp-json\/wp\/v2\/media\/272"}],"wp:attachment":[{"href":"https:\/\/www.teagueins.com\/es\/wp-json\/wp\/v2\/media?parent=48"}],"curies":[{"name":"gracias","href":"https:\/\/api.w.org\/{rel}","templated":true}]}}