{"id":42,"date":"2018-03-23T03:37:53","date_gmt":"2018-03-23T03:37:53","guid":{"rendered":"http:\/\/teagueins.wpengine.com\/?page_id=42"},"modified":"2026-04-27T22:38:20","modified_gmt":"2026-04-27T22:38:20","slug":"homeowner-insurance","status":"publish","type":"page","link":"https:\/\/www.teagueins.com\/es\/personal-insurance\/homeowner-insurance\/","title":{"rendered":"Seguro de vivienda"},"content":{"rendered":"<p>Su hogar es el centro de su vida diaria y probablemente su activo m\u00e1s valioso. Cuando su casa resulta da\u00f1ada o destruida, necesita que su reclamo sea resuelto por una compa\u00f1\u00eda de seguros que comprenda este simple hecho. Teague Insurance puede ayudarlo a encontrar el seguro de hogar que mejor se adapte a sus necesidades y le brinde la combinaci\u00f3n m\u00e1s valiosa de cobertura personalizada, servicio de calidad y precios justos.<\/p>\n<p>La cantidad que paga por el seguro de propietario de vivienda depende de muchos factores. Piense en su situaci\u00f3n personal de vivienda y los bienes que desea proteger.<\/p>\n<h3>Protecci\u00f3n para su hogar<\/h3>\n<p>La cobertura de propiedad o vivienda generalmente paga para reparar o reconstruir su casa si se da\u00f1a o destruye por un evento asegurado como un incendio en la cocina o una tormenta de viento.<\/p>\n<h3>Protecci\u00f3n para usted y otras personas<\/h3>\n<p>La cobertura de responsabilidad civil personal cubre si alguien resulta herido o hay da\u00f1os a su propiedad y usted es responsable. Generalmente esta cubre en todo el mundo. Al elegir sus l\u00edmites de seguro considere aspectos como cu\u00e1nto dinero gana y los bienes que tiene. Su cobertura de responsabilidad civil personal debe ser lo suficiente alta para proteger sus bienes en caso de una demanda.<\/p>\n<h3>Cobertura M\u00e9dica<\/h3>\n<p>Esta cubre gustos m\u00e9dicos de hu\u00e9spedes e invitados si se llegaran a lesionar en su propiedad y, en ciertos casos, cubre a personas que se lesionan fuera de su propiedad. No cubre costos de atenci\u00f3n m\u00e9dica para usted ni otros miembros de su hogar.<\/p>\n<h3>Costos de Vivienda adicionales<\/h3>\n<p>Si no es posible vivir en su casa debido a un siniestro cubierto, la p\u00f3liza de seguro de casa pagara los gastos adicionales como renta (generalmente hasta 24 meses) mientras se eval\u00faan los da\u00f1os y se repara o reconstruye su casa.<\/p>\n<h3>Protecci\u00f3n de pertenencias<\/h3>\n<p>Tu hogar est\u00e1 lleno de muebles, aparatos electr\u00f3nicos, ropa y otros art\u00edculos que significan mucho para ti. El seguro de propiedad personal ayuda a reemplazar estos art\u00edculos si se pierden, son robados o destruidos como resultado de un siniestro cubierto.<\/p>\n<h3>Cobertura de art\u00edculos personales<\/h3>\n<p>Si tienes art\u00edculos de valor como joyas, arte, antig\u00fcedades o art\u00edculos de colecci\u00f3n, es posible que desees hablar no nosotros sobre esta cobertura adicional, esta proporciona una cobertura m\u00e1s amplia para tus art\u00edculos de valor.<\/p>","protected":false},"excerpt":{"rendered":"<p>Your home is the center of your daily life, and likely your most valuable asset. When your home is damaged or destroyed, you need your claim settled by an insurance company that understands this simple fact. Teague Insurance can help you find home insurance that will best meet your needs and provide the most valuable [&hellip;]<\/p>\n","protected":false},"author":1,"featured_media":271,"parent":54,"menu_order":2,"comment_status":"closed","ping_status":"closed","template":"tpl-single-service.php","meta":{"_acf_changed":true,"footnotes":"","_links_to":"","_links_to_target":""},"class_list":["post-42","page","type-page","status-publish","has-post-thumbnail","hentry"],"acf":[],"yoast_head":"<!-- This site is optimized with the Yoast SEO Premium plugin v21.2 (Yoast SEO v27.5) - https:\/\/yoast.com\/product\/yoast-seo-premium-wordpress\/ -->\n<title>Homeowner Insurance - Teague Insurance<\/title>\n<meta name=\"description\" content=\"We can help you find home insurance that will best meet your needs with tailored coverages, quality service and fair pricing.\" \/>\n<meta name=\"robots\" content=\"index, follow, max-snippet:-1, max-image-preview:large, max-video-preview:-1\" \/>\n<link rel=\"canonical\" href=\"https:\/\/www.teagueins.com\/es\/personal-insurance\/homeowner-insurance\/\" \/>\n<meta property=\"og:locale\" content=\"es_MX\" \/>\n<meta property=\"og:type\" content=\"article\" \/>\n<meta property=\"og:title\" content=\"Homeowner Insurance\" \/>\n<meta property=\"og:description\" content=\"We can help you find home insurance that will best meet your needs with tailored coverages, quality service and fair pricing.\" \/>\n<meta property=\"og:url\" content=\"https:\/\/www.teagueins.com\/es\/personal-insurance\/homeowner-insurance\/\" \/>\n<meta property=\"og:site_name\" content=\"Teague Insurance\" \/>\n<meta property=\"article:publisher\" content=\"https:\/\/www.facebook.com\/TeagueInsuranceAgencyInc\" \/>\n<meta property=\"article:modified_time\" content=\"2026-04-27T22:38:20+00:00\" \/>\n<meta property=\"og:image\" content=\"http:\/\/www.teagueins.com\/wp-content\/uploads\/2018\/03\/per_homeowner.jpg\" \/>\n\t<meta property=\"og:image:width\" content=\"900\" \/>\n\t<meta property=\"og:image:height\" content=\"450\" \/>\n\t<meta property=\"og:image:type\" content=\"image\/jpeg\" \/>\n<meta name=\"twitter:card\" content=\"summary_large_image\" \/>\n<meta name=\"twitter:site\" content=\"@TeagueInsurance\" \/>\n<meta name=\"twitter:label1\" content=\"Tiempo de lectura\" \/>\n\t<meta name=\"twitter:data1\" content=\"2 minutos\" \/>\n<script type=\"application\/ld+json\" class=\"yoast-schema-graph\">{\"@context\":\"https:\\\/\\\/schema.org\",\"@graph\":[{\"@type\":\"WebPage\",\"@id\":\"https:\\\/\\\/www.teagueins.com\\\/personal-insurance\\\/homeowner-insurance\\\/\",\"url\":\"https:\\\/\\\/www.teagueins.com\\\/personal-insurance\\\/homeowner-insurance\\\/\",\"name\":\"Homeowner Insurance - Teague Insurance\",\"isPartOf\":{\"@id\":\"https:\\\/\\\/www.teagueins.com\\\/#website\"},\"primaryImageOfPage\":{\"@id\":\"https:\\\/\\\/www.teagueins.com\\\/personal-insurance\\\/homeowner-insurance\\\/#primaryimage\"},\"image\":{\"@id\":\"https:\\\/\\\/www.teagueins.com\\\/personal-insurance\\\/homeowner-insurance\\\/#primaryimage\"},\"thumbnailUrl\":\"https:\\\/\\\/www.teagueins.com\\\/wp-content\\\/uploads\\\/2018\\\/03\\\/per_homeowner.jpg\",\"datePublished\":\"2018-03-23T03:37:53+00:00\",\"dateModified\":\"2026-04-27T22:38:20+00:00\",\"description\":\"We can help you find home insurance that will best meet your needs with tailored coverages, quality service and fair pricing.\",\"breadcrumb\":{\"@id\":\"https:\\\/\\\/www.teagueins.com\\\/personal-insurance\\\/homeowner-insurance\\\/#breadcrumb\"},\"inLanguage\":\"es-MX\",\"potentialAction\":[{\"@type\":\"ReadAction\",\"target\":[\"https:\\\/\\\/www.teagueins.com\\\/personal-insurance\\\/homeowner-insurance\\\/\"]}]},{\"@type\":\"ImageObject\",\"inLanguage\":\"es-MX\",\"@id\":\"https:\\\/\\\/www.teagueins.com\\\/personal-insurance\\\/homeowner-insurance\\\/#primaryimage\",\"url\":\"https:\\\/\\\/www.teagueins.com\\\/wp-content\\\/uploads\\\/2018\\\/03\\\/per_homeowner.jpg\",\"contentUrl\":\"https:\\\/\\\/www.teagueins.com\\\/wp-content\\\/uploads\\\/2018\\\/03\\\/per_homeowner.jpg\",\"width\":900,\"height\":450},{\"@type\":\"BreadcrumbList\",\"@id\":\"https:\\\/\\\/www.teagueins.com\\\/personal-insurance\\\/homeowner-insurance\\\/#breadcrumb\",\"itemListElement\":[{\"@type\":\"ListItem\",\"position\":1,\"name\":\"Home\",\"item\":\"https:\\\/\\\/www.teagueins.com\\\/\"},{\"@type\":\"ListItem\",\"position\":2,\"name\":\"Personal Insurance Solutions\",\"item\":\"https:\\\/\\\/www.teagueins.com\\\/personal-insurance\\\/\"},{\"@type\":\"ListItem\",\"position\":3,\"name\":\"Homeowner Insurance\"}]},{\"@type\":\"WebSite\",\"@id\":\"https:\\\/\\\/www.teagueins.com\\\/#website\",\"url\":\"https:\\\/\\\/www.teagueins.com\\\/\",\"name\":\"Teague Insurance\",\"description\":\"San Diego\u2019s Trusted Insurance Source Since 1954\",\"publisher\":{\"@id\":\"https:\\\/\\\/www.teagueins.com\\\/#organization\"},\"potentialAction\":[{\"@type\":\"SearchAction\",\"target\":{\"@type\":\"EntryPoint\",\"urlTemplate\":\"https:\\\/\\\/www.teagueins.com\\\/?s={search_term_string}\"},\"query-input\":{\"@type\":\"PropertyValueSpecification\",\"valueRequired\":true,\"valueName\":\"search_term_string\"}}],\"inLanguage\":\"es-MX\"},{\"@type\":\"Organization\",\"@id\":\"https:\\\/\\\/www.teagueins.com\\\/#organization\",\"name\":\"Teague Insurance\",\"url\":\"https:\\\/\\\/www.teagueins.com\\\/\",\"logo\":{\"@type\":\"ImageObject\",\"inLanguage\":\"es-MX\",\"@id\":\"https:\\\/\\\/www.teagueins.com\\\/#\\\/schema\\\/logo\\\/image\\\/\",\"url\":\"https:\\\/\\\/www.teagueins.com\\\/wp-content\\\/uploads\\\/2019\\\/01\\\/Teague_Horizontal_Color.jpg\",\"contentUrl\":\"https:\\\/\\\/www.teagueins.com\\\/wp-content\\\/uploads\\\/2019\\\/01\\\/Teague_Horizontal_Color.jpg\",\"width\":2482,\"height\":937,\"caption\":\"Teague Insurance\"},\"image\":{\"@id\":\"https:\\\/\\\/www.teagueins.com\\\/#\\\/schema\\\/logo\\\/image\\\/\"},\"sameAs\":[\"https:\\\/\\\/www.facebook.com\\\/TeagueInsuranceAgencyInc\",\"https:\\\/\\\/x.com\\\/TeagueInsurance\",\"https:\\\/\\\/www.instagram.com\\\/teagueinsuranceagency\\\/\",\"https:\\\/\\\/www.linkedin.com\\\/company\\\/teague-insurance-agency-inc-\\\/?viewAsMember=true\"]}]}<\/script>\n<!-- \/ Yoast SEO Premium plugin. -->","yoast_head_json":{"title":"Seguro de vivienda - Teague Insurance","description":"Podemos ayudarle a encontrar el seguro de hogar que mejor se adapte a sus necesidades con coberturas personalizadas, un servicio de calidad y precios justos.","robots":{"index":"index","follow":"follow","max-snippet":"max-snippet:-1","max-image-preview":"max-image-preview:large","max-video-preview":"max-video-preview:-1"},"canonical":"https:\/\/www.teagueins.com\/es\/personal-insurance\/homeowner-insurance\/","og_locale":"es_MX","og_type":"article","og_title":"Homeowner Insurance","og_description":"We can help you find home insurance that will best meet your needs with tailored coverages, quality service and fair pricing.","og_url":"https:\/\/www.teagueins.com\/es\/personal-insurance\/homeowner-insurance\/","og_site_name":"Teague Insurance","article_publisher":"https:\/\/www.facebook.com\/TeagueInsuranceAgencyInc","article_modified_time":"2026-04-27T22:38:20+00:00","og_image":[{"width":900,"height":450,"url":"http:\/\/www.teagueins.com\/wp-content\/uploads\/2018\/03\/per_homeowner.jpg","type":"image\/jpeg"}],"twitter_card":"summary_large_image","twitter_site":"@TeagueInsurance","twitter_misc":{"Tiempo de lectura":"2 minutos"},"schema":{"@context":"https:\/\/schema.org","@graph":[{"@type":"WebPage","@id":"https:\/\/www.teagueins.com\/personal-insurance\/homeowner-insurance\/","url":"https:\/\/www.teagueins.com\/personal-insurance\/homeowner-insurance\/","name":"Seguro de vivienda - Teague Insurance","isPartOf":{"@id":"https:\/\/www.teagueins.com\/#website"},"primaryImageOfPage":{"@id":"https:\/\/www.teagueins.com\/personal-insurance\/homeowner-insurance\/#primaryimage"},"image":{"@id":"https:\/\/www.teagueins.com\/personal-insurance\/homeowner-insurance\/#primaryimage"},"thumbnailUrl":"https:\/\/www.teagueins.com\/wp-content\/uploads\/2018\/03\/per_homeowner.jpg","datePublished":"2018-03-23T03:37:53+00:00","dateModified":"2026-04-27T22:38:20+00:00","description":"Podemos ayudarle a encontrar el seguro de hogar que mejor se adapte a sus necesidades con coberturas personalizadas, un servicio de calidad y precios justos.","breadcrumb":{"@id":"https:\/\/www.teagueins.com\/personal-insurance\/homeowner-insurance\/#breadcrumb"},"inLanguage":"es-MX","potentialAction":[{"@type":"ReadAction","target":["https:\/\/www.teagueins.com\/personal-insurance\/homeowner-insurance\/"]}]},{"@type":"ImageObject","inLanguage":"es-MX","@id":"https:\/\/www.teagueins.com\/personal-insurance\/homeowner-insurance\/#primaryimage","url":"https:\/\/www.teagueins.com\/wp-content\/uploads\/2018\/03\/per_homeowner.jpg","contentUrl":"https:\/\/www.teagueins.com\/wp-content\/uploads\/2018\/03\/per_homeowner.jpg","width":900,"height":450},{"@type":"BreadcrumbList","@id":"https:\/\/www.teagueins.com\/personal-insurance\/homeowner-insurance\/#breadcrumb","itemListElement":[{"@type":"ListItem","position":1,"name":"Home","item":"https:\/\/www.teagueins.com\/"},{"@type":"ListItem","position":2,"name":"Personal Insurance Solutions","item":"https:\/\/www.teagueins.com\/personal-insurance\/"},{"@type":"ListItem","position":3,"name":"Homeowner Insurance"}]},{"@type":"WebSite","@id":"https:\/\/www.teagueins.com\/#website","url":"https:\/\/www.teagueins.com\/","name":"Seguro Teague","description":"Fuente confiable de seguros de San Diego desde 1954","publisher":{"@id":"https:\/\/www.teagueins.com\/#organization"},"potentialAction":[{"@type":"SearchAction","target":{"@type":"EntryPoint","urlTemplate":"https:\/\/www.teagueins.com\/?s={search_term_string}"},"query-input":{"@type":"PropertyValueSpecification","valueRequired":true,"valueName":"search_term_string"}}],"inLanguage":"es-MX"},{"@type":"Organization","@id":"https:\/\/www.teagueins.com\/#organization","name":"Seguro Teague","url":"https:\/\/www.teagueins.com\/","logo":{"@type":"ImageObject","inLanguage":"es-MX","@id":"https:\/\/www.teagueins.com\/#\/schema\/logo\/image\/","url":"https:\/\/www.teagueins.com\/wp-content\/uploads\/2019\/01\/Teague_Horizontal_Color.jpg","contentUrl":"https:\/\/www.teagueins.com\/wp-content\/uploads\/2019\/01\/Teague_Horizontal_Color.jpg","width":2482,"height":937,"caption":"Teague Insurance"},"image":{"@id":"https:\/\/www.teagueins.com\/#\/schema\/logo\/image\/"},"sameAs":["https:\/\/www.facebook.com\/TeagueInsuranceAgencyInc","https:\/\/x.com\/TeagueInsurance","https:\/\/www.instagram.com\/teagueinsuranceagency\/","https:\/\/www.linkedin.com\/company\/teague-insurance-agency-inc-\/?viewAsMember=true"]}]}},"_links":{"self":[{"href":"https:\/\/www.teagueins.com\/es\/wp-json\/wp\/v2\/pages\/42","targetHints":{"allow":["GET"]}}],"collection":[{"href":"https:\/\/www.teagueins.com\/es\/wp-json\/wp\/v2\/pages"}],"about":[{"href":"https:\/\/www.teagueins.com\/es\/wp-json\/wp\/v2\/types\/page"}],"author":[{"embeddable":true,"href":"https:\/\/www.teagueins.com\/es\/wp-json\/wp\/v2\/users\/1"}],"replies":[{"embeddable":true,"href":"https:\/\/www.teagueins.com\/es\/wp-json\/wp\/v2\/comments?post=42"}],"version-history":[{"count":0,"href":"https:\/\/www.teagueins.com\/es\/wp-json\/wp\/v2\/pages\/42\/revisions"}],"up":[{"embeddable":true,"href":"https:\/\/www.teagueins.com\/es\/wp-json\/wp\/v2\/pages\/54"}],"wp:featuredmedia":[{"embeddable":true,"href":"https:\/\/www.teagueins.com\/es\/wp-json\/wp\/v2\/media\/271"}],"wp:attachment":[{"href":"https:\/\/www.teagueins.com\/es\/wp-json\/wp\/v2\/media?parent=42"}],"curies":[{"name":"gracias","href":"https:\/\/api.w.org\/{rel}","templated":true}]}}