{"id":36,"date":"2018-03-23T03:37:18","date_gmt":"2018-03-23T03:37:18","guid":{"rendered":"http:\/\/teagueins.wpengine.com\/?page_id=36"},"modified":"2026-04-27T22:38:15","modified_gmt":"2026-04-27T22:38:15","slug":"auto-insurance","status":"publish","type":"page","link":"https:\/\/www.teagueins.com\/es\/personal-insurance\/auto-insurance\/","title":{"rendered":"Seguro de auto"},"content":{"rendered":"<p>Una p\u00f3liza de seguros adecuada puede ayudarte a regresar a la carretera r\u00e1pidamente si tu autom\u00f3vil resulta da\u00f1ado o destruido por un accidente, incendio, robo u otro evento cubierto por tu p\u00f3liza. Esta tambi\u00e9n puede brindar protecci\u00f3n contra gastos m\u00e9dicos y legales que resulten de lesiones o perdida de vida o da\u00f1os a propiedad ajena.<\/p>\n<p>Por ley los conductores deben poder pagar un siniestro y una p\u00f3liza de seguros es la mejor opci\u00f3n para la mayor\u00eda de las personas. Cuando uno financia un autom\u00f3vil es necesario cubrir da\u00f1os al veh\u00edculo y estos incluye:<\/p>\n<h4>SEGURO DE COLISION (collision)<\/h4>\n<p>La cobertura de colisi\u00f3n paga los da\u00f1os causados a tu veh\u00edculo en un accidente. La cobertura de colisi\u00f3n est\u00e1ndar pagara cualquier reparaci\u00f3n hasta el monto del valor justo de tu veh\u00edculo. Esta cobertura generalmente viene con un deducible el cual tienes que cubrir antes que la cobertura empiece a pagar. En cuanto mas alto el deducible, el costo de este seguro ser\u00e1.<\/p>\n<h4>Seguro Exhaustivo o Integral (Comprehensive)<\/h4>\n<p>Este seguro cubre da\u00f1os causados a tu autom\u00f3vil que no sean a causa de una colisi\u00f3n, como robo, vandalismo, inundaci\u00f3n, hurac\u00e1n, robo, incendios entre otros. Al igual que la cobertura de colisi\u00f3n, este seguro pagara el valor justo de mercado de tu vehicule menos el deducible. Estas coberturas no son requeridas por ley probablemente las necesitaras si tu auto es financiado.<\/p>","protected":false},"excerpt":{"rendered":"<p>The right auto insurance policy can help get you back on the road quickly if your car is damaged or destroyed by an accident, fire, theft, or other event covered by your insurance policy. Your policy may also provide protection against medical and legal expenses resulting from injury, loss of life, or property damage caused [&hellip;]<\/p>\n","protected":false},"author":1,"featured_media":278,"parent":54,"menu_order":0,"comment_status":"closed","ping_status":"closed","template":"tpl-single-service.php","meta":{"_acf_changed":true,"footnotes":"","_links_to":"","_links_to_target":""},"class_list":["post-36","page","type-page","status-publish","has-post-thumbnail","hentry"],"acf":[],"yoast_head":"<!-- This site is optimized with the Yoast SEO Premium plugin v21.2 (Yoast SEO v27.5) - https:\/\/yoast.com\/product\/yoast-seo-premium-wordpress\/ -->\n<title>Auto Insurance - Teague Insurance<\/title>\n<meta name=\"description\" content=\"Having the right auto insurance policy will help get you back on the road quickly if your car is damaged or destroyed by an accident, fire, or theft.\" \/>\n<meta name=\"robots\" content=\"index, follow, max-snippet:-1, max-image-preview:large, max-video-preview:-1\" \/>\n<link rel=\"canonical\" href=\"https:\/\/www.teagueins.com\/es\/personal-insurance\/auto-insurance\/\" \/>\n<meta property=\"og:locale\" content=\"es_MX\" \/>\n<meta property=\"og:type\" content=\"article\" \/>\n<meta property=\"og:title\" content=\"Auto Insurance\" \/>\n<meta property=\"og:description\" content=\"Having the right auto insurance policy will help get you back on the road quickly if your car is damaged or destroyed by an accident, fire, or theft.\" \/>\n<meta property=\"og:url\" content=\"https:\/\/www.teagueins.com\/es\/personal-insurance\/auto-insurance\/\" \/>\n<meta property=\"og:site_name\" content=\"Teague Insurance\" \/>\n<meta property=\"article:publisher\" content=\"https:\/\/www.facebook.com\/TeagueInsuranceAgencyInc\" \/>\n<meta property=\"article:modified_time\" content=\"2026-04-27T22:38:15+00:00\" \/>\n<meta property=\"og:image\" content=\"http:\/\/www.teagueins.com\/wp-content\/uploads\/2018\/03\/per_auto.jpg\" \/>\n\t<meta property=\"og:image:width\" content=\"900\" \/>\n\t<meta property=\"og:image:height\" content=\"450\" \/>\n\t<meta property=\"og:image:type\" content=\"image\/jpeg\" \/>\n<meta name=\"twitter:card\" content=\"summary_large_image\" \/>\n<meta name=\"twitter:site\" content=\"@TeagueInsurance\" \/>\n<meta name=\"twitter:label1\" content=\"Tiempo de lectura\" \/>\n\t<meta name=\"twitter:data1\" content=\"2 minutos\" \/>\n<script type=\"application\/ld+json\" class=\"yoast-schema-graph\">{\"@context\":\"https:\\\/\\\/schema.org\",\"@graph\":[{\"@type\":\"WebPage\",\"@id\":\"https:\\\/\\\/www.teagueins.com\\\/personal-insurance\\\/auto-insurance\\\/\",\"url\":\"https:\\\/\\\/www.teagueins.com\\\/personal-insurance\\\/auto-insurance\\\/\",\"name\":\"Auto Insurance - Teague Insurance\",\"isPartOf\":{\"@id\":\"https:\\\/\\\/www.teagueins.com\\\/#website\"},\"primaryImageOfPage\":{\"@id\":\"https:\\\/\\\/www.teagueins.com\\\/personal-insurance\\\/auto-insurance\\\/#primaryimage\"},\"image\":{\"@id\":\"https:\\\/\\\/www.teagueins.com\\\/personal-insurance\\\/auto-insurance\\\/#primaryimage\"},\"thumbnailUrl\":\"https:\\\/\\\/www.teagueins.com\\\/wp-content\\\/uploads\\\/2018\\\/03\\\/per_auto.jpg\",\"datePublished\":\"2018-03-23T03:37:18+00:00\",\"dateModified\":\"2026-04-27T22:38:15+00:00\",\"description\":\"Having the right auto insurance policy will help get you back on the road quickly if your car is damaged or destroyed by an accident, fire, or theft.\",\"breadcrumb\":{\"@id\":\"https:\\\/\\\/www.teagueins.com\\\/personal-insurance\\\/auto-insurance\\\/#breadcrumb\"},\"inLanguage\":\"es-MX\",\"potentialAction\":[{\"@type\":\"ReadAction\",\"target\":[\"https:\\\/\\\/www.teagueins.com\\\/personal-insurance\\\/auto-insurance\\\/\"]}]},{\"@type\":\"ImageObject\",\"inLanguage\":\"es-MX\",\"@id\":\"https:\\\/\\\/www.teagueins.com\\\/personal-insurance\\\/auto-insurance\\\/#primaryimage\",\"url\":\"https:\\\/\\\/www.teagueins.com\\\/wp-content\\\/uploads\\\/2018\\\/03\\\/per_auto.jpg\",\"contentUrl\":\"https:\\\/\\\/www.teagueins.com\\\/wp-content\\\/uploads\\\/2018\\\/03\\\/per_auto.jpg\",\"width\":900,\"height\":450},{\"@type\":\"BreadcrumbList\",\"@id\":\"https:\\\/\\\/www.teagueins.com\\\/personal-insurance\\\/auto-insurance\\\/#breadcrumb\",\"itemListElement\":[{\"@type\":\"ListItem\",\"position\":1,\"name\":\"Home\",\"item\":\"https:\\\/\\\/www.teagueins.com\\\/\"},{\"@type\":\"ListItem\",\"position\":2,\"name\":\"Personal Insurance Solutions\",\"item\":\"https:\\\/\\\/www.teagueins.com\\\/personal-insurance\\\/\"},{\"@type\":\"ListItem\",\"position\":3,\"name\":\"Auto Insurance\"}]},{\"@type\":\"WebSite\",\"@id\":\"https:\\\/\\\/www.teagueins.com\\\/#website\",\"url\":\"https:\\\/\\\/www.teagueins.com\\\/\",\"name\":\"Teague Insurance\",\"description\":\"San Diego\u2019s Trusted Insurance Source Since 1954\",\"publisher\":{\"@id\":\"https:\\\/\\\/www.teagueins.com\\\/#organization\"},\"potentialAction\":[{\"@type\":\"SearchAction\",\"target\":{\"@type\":\"EntryPoint\",\"urlTemplate\":\"https:\\\/\\\/www.teagueins.com\\\/?s={search_term_string}\"},\"query-input\":{\"@type\":\"PropertyValueSpecification\",\"valueRequired\":true,\"valueName\":\"search_term_string\"}}],\"inLanguage\":\"es-MX\"},{\"@type\":\"Organization\",\"@id\":\"https:\\\/\\\/www.teagueins.com\\\/#organization\",\"name\":\"Teague Insurance\",\"url\":\"https:\\\/\\\/www.teagueins.com\\\/\",\"logo\":{\"@type\":\"ImageObject\",\"inLanguage\":\"es-MX\",\"@id\":\"https:\\\/\\\/www.teagueins.com\\\/#\\\/schema\\\/logo\\\/image\\\/\",\"url\":\"https:\\\/\\\/www.teagueins.com\\\/wp-content\\\/uploads\\\/2019\\\/01\\\/Teague_Horizontal_Color.jpg\",\"contentUrl\":\"https:\\\/\\\/www.teagueins.com\\\/wp-content\\\/uploads\\\/2019\\\/01\\\/Teague_Horizontal_Color.jpg\",\"width\":2482,\"height\":937,\"caption\":\"Teague Insurance\"},\"image\":{\"@id\":\"https:\\\/\\\/www.teagueins.com\\\/#\\\/schema\\\/logo\\\/image\\\/\"},\"sameAs\":[\"https:\\\/\\\/www.facebook.com\\\/TeagueInsuranceAgencyInc\",\"https:\\\/\\\/x.com\\\/TeagueInsurance\",\"https:\\\/\\\/www.instagram.com\\\/teagueinsuranceagency\\\/\",\"https:\\\/\\\/www.linkedin.com\\\/company\\\/teague-insurance-agency-inc-\\\/?viewAsMember=true\"]}]}<\/script>\n<!-- \/ Yoast SEO Premium plugin. -->","yoast_head_json":{"title":"Seguro de auto - Teague Insurance","description":"Tener la p\u00f3liza de seguro de autom\u00f3vil adecuada le ayudar\u00e1 a volver a la carretera r\u00e1pidamente si su autom\u00f3vil sufre da\u00f1os o es destruido por un accidente, incendio o robo.","robots":{"index":"index","follow":"follow","max-snippet":"max-snippet:-1","max-image-preview":"max-image-preview:large","max-video-preview":"max-video-preview:-1"},"canonical":"https:\/\/www.teagueins.com\/es\/personal-insurance\/auto-insurance\/","og_locale":"es_MX","og_type":"article","og_title":"Auto Insurance","og_description":"Having the right auto insurance policy will help get you back on the road quickly if your car is damaged or destroyed by an accident, fire, or theft.","og_url":"https:\/\/www.teagueins.com\/es\/personal-insurance\/auto-insurance\/","og_site_name":"Teague Insurance","article_publisher":"https:\/\/www.facebook.com\/TeagueInsuranceAgencyInc","article_modified_time":"2026-04-27T22:38:15+00:00","og_image":[{"width":900,"height":450,"url":"http:\/\/www.teagueins.com\/wp-content\/uploads\/2018\/03\/per_auto.jpg","type":"image\/jpeg"}],"twitter_card":"summary_large_image","twitter_site":"@TeagueInsurance","twitter_misc":{"Tiempo de lectura":"2 minutos"},"schema":{"@context":"https:\/\/schema.org","@graph":[{"@type":"WebPage","@id":"https:\/\/www.teagueins.com\/personal-insurance\/auto-insurance\/","url":"https:\/\/www.teagueins.com\/personal-insurance\/auto-insurance\/","name":"Seguro de auto - Teague Insurance","isPartOf":{"@id":"https:\/\/www.teagueins.com\/#website"},"primaryImageOfPage":{"@id":"https:\/\/www.teagueins.com\/personal-insurance\/auto-insurance\/#primaryimage"},"image":{"@id":"https:\/\/www.teagueins.com\/personal-insurance\/auto-insurance\/#primaryimage"},"thumbnailUrl":"https:\/\/www.teagueins.com\/wp-content\/uploads\/2018\/03\/per_auto.jpg","datePublished":"2018-03-23T03:37:18+00:00","dateModified":"2026-04-27T22:38:15+00:00","description":"Tener la p\u00f3liza de seguro de autom\u00f3vil adecuada le ayudar\u00e1 a volver a la carretera r\u00e1pidamente si su autom\u00f3vil sufre da\u00f1os o es destruido por un accidente, incendio o robo.","breadcrumb":{"@id":"https:\/\/www.teagueins.com\/personal-insurance\/auto-insurance\/#breadcrumb"},"inLanguage":"es-MX","potentialAction":[{"@type":"ReadAction","target":["https:\/\/www.teagueins.com\/personal-insurance\/auto-insurance\/"]}]},{"@type":"ImageObject","inLanguage":"es-MX","@id":"https:\/\/www.teagueins.com\/personal-insurance\/auto-insurance\/#primaryimage","url":"https:\/\/www.teagueins.com\/wp-content\/uploads\/2018\/03\/per_auto.jpg","contentUrl":"https:\/\/www.teagueins.com\/wp-content\/uploads\/2018\/03\/per_auto.jpg","width":900,"height":450},{"@type":"BreadcrumbList","@id":"https:\/\/www.teagueins.com\/personal-insurance\/auto-insurance\/#breadcrumb","itemListElement":[{"@type":"ListItem","position":1,"name":"Home","item":"https:\/\/www.teagueins.com\/"},{"@type":"ListItem","position":2,"name":"Personal Insurance Solutions","item":"https:\/\/www.teagueins.com\/personal-insurance\/"},{"@type":"ListItem","position":3,"name":"Auto Insurance"}]},{"@type":"WebSite","@id":"https:\/\/www.teagueins.com\/#website","url":"https:\/\/www.teagueins.com\/","name":"Seguro Teague","description":"Fuente confiable de seguros de San Diego desde 1954","publisher":{"@id":"https:\/\/www.teagueins.com\/#organization"},"potentialAction":[{"@type":"SearchAction","target":{"@type":"EntryPoint","urlTemplate":"https:\/\/www.teagueins.com\/?s={search_term_string}"},"query-input":{"@type":"PropertyValueSpecification","valueRequired":true,"valueName":"search_term_string"}}],"inLanguage":"es-MX"},{"@type":"Organization","@id":"https:\/\/www.teagueins.com\/#organization","name":"Seguro Teague","url":"https:\/\/www.teagueins.com\/","logo":{"@type":"ImageObject","inLanguage":"es-MX","@id":"https:\/\/www.teagueins.com\/#\/schema\/logo\/image\/","url":"https:\/\/www.teagueins.com\/wp-content\/uploads\/2019\/01\/Teague_Horizontal_Color.jpg","contentUrl":"https:\/\/www.teagueins.com\/wp-content\/uploads\/2019\/01\/Teague_Horizontal_Color.jpg","width":2482,"height":937,"caption":"Teague Insurance"},"image":{"@id":"https:\/\/www.teagueins.com\/#\/schema\/logo\/image\/"},"sameAs":["https:\/\/www.facebook.com\/TeagueInsuranceAgencyInc","https:\/\/x.com\/TeagueInsurance","https:\/\/www.instagram.com\/teagueinsuranceagency\/","https:\/\/www.linkedin.com\/company\/teague-insurance-agency-inc-\/?viewAsMember=true"]}]}},"_links":{"self":[{"href":"https:\/\/www.teagueins.com\/es\/wp-json\/wp\/v2\/pages\/36","targetHints":{"allow":["GET"]}}],"collection":[{"href":"https:\/\/www.teagueins.com\/es\/wp-json\/wp\/v2\/pages"}],"about":[{"href":"https:\/\/www.teagueins.com\/es\/wp-json\/wp\/v2\/types\/page"}],"author":[{"embeddable":true,"href":"https:\/\/www.teagueins.com\/es\/wp-json\/wp\/v2\/users\/1"}],"replies":[{"embeddable":true,"href":"https:\/\/www.teagueins.com\/es\/wp-json\/wp\/v2\/comments?post=36"}],"version-history":[{"count":0,"href":"https:\/\/www.teagueins.com\/es\/wp-json\/wp\/v2\/pages\/36\/revisions"}],"up":[{"embeddable":true,"href":"https:\/\/www.teagueins.com\/es\/wp-json\/wp\/v2\/pages\/54"}],"wp:featuredmedia":[{"embeddable":true,"href":"https:\/\/www.teagueins.com\/es\/wp-json\/wp\/v2\/media\/278"}],"wp:attachment":[{"href":"https:\/\/www.teagueins.com\/es\/wp-json\/wp\/v2\/media?parent=36"}],"curies":[{"name":"gracias","href":"https:\/\/api.w.org\/{rel}","templated":true}]}}