{"id":18,"date":"2018-03-23T03:33:16","date_gmt":"2018-03-23T03:33:16","guid":{"rendered":"http:\/\/teagueins.wpengine.com\/?page_id=18"},"modified":"2025-03-03T20:16:49","modified_gmt":"2025-03-03T20:16:49","slug":"commercial-umbrella-insurance","status":"publish","type":"page","link":"https:\/\/www.teagueins.com\/es\/business-insurance-la-mesa\/commercial-umbrella-insurance\/","title":{"rendered":"Seguro de Sombrilla Comercial"},"content":{"rendered":"<p>Si es cierto que las p\u00f3lizas de sombrilla personal son buena opci\u00f3n, son especialmente importante para las empresas cuando un siniestro catastr\u00f3fico ocurre. Una p\u00f3liza de sombrilla comercial puede significar si una empresa sobrevive o no.<\/p>\n<p>Los costos crecientes de demandas y juicos son una raz\u00f3n que las empresas de hoy deben considerar. Las p\u00e9rdidas de responsabilidad civil catastr\u00f3ficas pueden ocurrir en cualquier negocio en cualquier momento y una p\u00f3liza de sombrilla comercial protege cuando las perdidas sobrepasan <a href=\"http:\/\/www.teagueins.com\/es\/business-insurance\/commercial-liability-insurance\/\">la cobertura de responsabilidad civil b\u00e1sica<\/a>. El tiempo y esfuerzo que ha dedicado en construir su negocio es demasiado importante para que desaparezca despu\u00e9s de un evento no esperado.<\/p>\n<p>La Sombrilla Comercial ayuda a proteger su negocio proporcionando l\u00edmites de responsabilidad civil m\u00e1s all\u00e1 de sus otras p\u00f3lizas de seguro. En algunos casos ampl\u00eda su protecci\u00f3n debido a lo impredecible que un jurado puede otorgar en su contra. Teague Insurance recomienda que su negocio cuente con esta cobertura.<\/p>\n<h3>\u00bfQu\u00e9 es Responsabilidad Civil en Exceso?<\/h3>\n<p>Esta cobertura proporciona limites m\u00e1s all\u00e1 de lo que se pact\u00f3 en su p\u00f3liza de responsabilidad civil. Generalmente sigue los t\u00e9rminos y condiciones de la p\u00f3liza de responsabilidad civil primaria.<\/p>","protected":false},"excerpt":{"rendered":"<p>If umbrella policies are good for individuals, then they are imperative for business. When a catastrophic liability loss occurs, an umbrella insurance policy can mean the difference between a business surviving, or not. The rising costs of lawsuits and judgments are important for today&#8217;s business owner to consider. Catastrophic liability losses can happen to any [&hellip;]<\/p>\n","protected":false},"author":1,"featured_media":2095,"parent":52,"menu_order":4,"comment_status":"closed","ping_status":"closed","template":"tpl-single-service.php","meta":{"_acf_changed":false,"footnotes":"","_links_to":"","_links_to_target":""},"class_list":["post-18","page","type-page","status-publish","has-post-thumbnail","hentry"],"acf":[],"yoast_head":"<!-- This site is optimized with the Yoast SEO Premium plugin v21.2 (Yoast SEO v27.4) - https:\/\/yoast.com\/product\/yoast-seo-premium-wordpress\/ -->\n<title>Commercial Umbrella Insurance - Teague Insurance<\/title>\n<meta name=\"robots\" content=\"index, follow, max-snippet:-1, max-image-preview:large, max-video-preview:-1\" \/>\n<link rel=\"canonical\" href=\"https:\/\/www.teagueins.com\/es\/business-insurance-la-mesa\/commercial-umbrella-insurance\/\" \/>\n<meta property=\"og:locale\" content=\"es_MX\" \/>\n<meta property=\"og:type\" content=\"article\" \/>\n<meta property=\"og:title\" content=\"Commercial Umbrella Insurance\" \/>\n<meta property=\"og:description\" content=\"If umbrella policies are good for individuals, then they are imperative for business. When a catastrophic liability loss occurs, an umbrella insurance policy can mean the difference between a business surviving, or not. The rising costs of lawsuits and judgments are important for today&#8217;s business owner to consider. Catastrophic liability losses can happen to any [&hellip;]\" \/>\n<meta property=\"og:url\" content=\"https:\/\/www.teagueins.com\/es\/business-insurance-la-mesa\/commercial-umbrella-insurance\/\" \/>\n<meta property=\"og:site_name\" content=\"Teague Insurance\" \/>\n<meta property=\"article:publisher\" content=\"https:\/\/www.facebook.com\/TeagueInsuranceAgencyInc\" \/>\n<meta property=\"article:modified_time\" content=\"2025-03-03T20:16:49+00:00\" \/>\n<meta property=\"og:image\" content=\"http:\/\/www.teagueins.com\/wp-content\/uploads\/2025\/03\/Teague_Commercial-Umbrella.jpg\" \/>\n\t<meta property=\"og:image:width\" content=\"1920\" \/>\n\t<meta property=\"og:image:height\" content=\"800\" \/>\n\t<meta property=\"og:image:type\" content=\"image\/jpeg\" \/>\n<meta name=\"twitter:card\" content=\"summary_large_image\" \/>\n<meta name=\"twitter:site\" content=\"@TeagueInsurance\" \/>\n<meta name=\"twitter:label1\" content=\"Tiempo de lectura\" \/>\n\t<meta name=\"twitter:data1\" content=\"1 minuto\" \/>\n<script type=\"application\/ld+json\" class=\"yoast-schema-graph\">{\"@context\":\"https:\\\/\\\/schema.org\",\"@graph\":[{\"@type\":\"WebPage\",\"@id\":\"https:\\\/\\\/www.teagueins.com\\\/business-insurance-la-mesa\\\/commercial-umbrella-insurance\\\/\",\"url\":\"https:\\\/\\\/www.teagueins.com\\\/business-insurance-la-mesa\\\/commercial-umbrella-insurance\\\/\",\"name\":\"Commercial Umbrella Insurance - Teague Insurance\",\"isPartOf\":{\"@id\":\"https:\\\/\\\/www.teagueins.com\\\/#website\"},\"primaryImageOfPage\":{\"@id\":\"https:\\\/\\\/www.teagueins.com\\\/business-insurance-la-mesa\\\/commercial-umbrella-insurance\\\/#primaryimage\"},\"image\":{\"@id\":\"https:\\\/\\\/www.teagueins.com\\\/business-insurance-la-mesa\\\/commercial-umbrella-insurance\\\/#primaryimage\"},\"thumbnailUrl\":\"https:\\\/\\\/www.teagueins.com\\\/wp-content\\\/uploads\\\/2025\\\/03\\\/Teague_Commercial-Umbrella.jpg\",\"datePublished\":\"2018-03-23T03:33:16+00:00\",\"dateModified\":\"2025-03-03T20:16:49+00:00\",\"breadcrumb\":{\"@id\":\"https:\\\/\\\/www.teagueins.com\\\/business-insurance-la-mesa\\\/commercial-umbrella-insurance\\\/#breadcrumb\"},\"inLanguage\":\"es-MX\",\"potentialAction\":[{\"@type\":\"ReadAction\",\"target\":[\"https:\\\/\\\/www.teagueins.com\\\/business-insurance-la-mesa\\\/commercial-umbrella-insurance\\\/\"]}]},{\"@type\":\"ImageObject\",\"inLanguage\":\"es-MX\",\"@id\":\"https:\\\/\\\/www.teagueins.com\\\/business-insurance-la-mesa\\\/commercial-umbrella-insurance\\\/#primaryimage\",\"url\":\"https:\\\/\\\/www.teagueins.com\\\/wp-content\\\/uploads\\\/2025\\\/03\\\/Teague_Commercial-Umbrella.jpg\",\"contentUrl\":\"https:\\\/\\\/www.teagueins.com\\\/wp-content\\\/uploads\\\/2025\\\/03\\\/Teague_Commercial-Umbrella.jpg\",\"width\":1920,\"height\":800},{\"@type\":\"BreadcrumbList\",\"@id\":\"https:\\\/\\\/www.teagueins.com\\\/business-insurance-la-mesa\\\/commercial-umbrella-insurance\\\/#breadcrumb\",\"itemListElement\":[{\"@type\":\"ListItem\",\"position\":1,\"name\":\"Home\",\"item\":\"https:\\\/\\\/www.teagueins.com\\\/\"},{\"@type\":\"ListItem\",\"position\":2,\"name\":\"Commercial Business Solutions\",\"item\":\"https:\\\/\\\/www.teagueins.com\\\/business-insurance-la-mesa\\\/\"},{\"@type\":\"ListItem\",\"position\":3,\"name\":\"Commercial Umbrella Insurance\"}]},{\"@type\":\"WebSite\",\"@id\":\"https:\\\/\\\/www.teagueins.com\\\/#website\",\"url\":\"https:\\\/\\\/www.teagueins.com\\\/\",\"name\":\"Teague Insurance\",\"description\":\"San Diego\u2019s Trusted Insurance Source Since 1954\",\"publisher\":{\"@id\":\"https:\\\/\\\/www.teagueins.com\\\/#organization\"},\"potentialAction\":[{\"@type\":\"SearchAction\",\"target\":{\"@type\":\"EntryPoint\",\"urlTemplate\":\"https:\\\/\\\/www.teagueins.com\\\/?s={search_term_string}\"},\"query-input\":{\"@type\":\"PropertyValueSpecification\",\"valueRequired\":true,\"valueName\":\"search_term_string\"}}],\"inLanguage\":\"es-MX\"},{\"@type\":\"Organization\",\"@id\":\"https:\\\/\\\/www.teagueins.com\\\/#organization\",\"name\":\"Teague Insurance\",\"url\":\"https:\\\/\\\/www.teagueins.com\\\/\",\"logo\":{\"@type\":\"ImageObject\",\"inLanguage\":\"es-MX\",\"@id\":\"https:\\\/\\\/www.teagueins.com\\\/#\\\/schema\\\/logo\\\/image\\\/\",\"url\":\"https:\\\/\\\/www.teagueins.com\\\/wp-content\\\/uploads\\\/2019\\\/01\\\/Teague_Horizontal_Color.jpg\",\"contentUrl\":\"https:\\\/\\\/www.teagueins.com\\\/wp-content\\\/uploads\\\/2019\\\/01\\\/Teague_Horizontal_Color.jpg\",\"width\":2482,\"height\":937,\"caption\":\"Teague Insurance\"},\"image\":{\"@id\":\"https:\\\/\\\/www.teagueins.com\\\/#\\\/schema\\\/logo\\\/image\\\/\"},\"sameAs\":[\"https:\\\/\\\/www.facebook.com\\\/TeagueInsuranceAgencyInc\",\"https:\\\/\\\/x.com\\\/TeagueInsurance\",\"https:\\\/\\\/www.instagram.com\\\/teagueinsuranceagency\\\/\",\"https:\\\/\\\/www.linkedin.com\\\/company\\\/teague-insurance-agency-inc-\\\/?viewAsMember=true\"]}]}<\/script>\n<!-- \/ Yoast SEO Premium plugin. -->","yoast_head_json":{"title":"Seguro paraguas comercial - Teague Insurance","robots":{"index":"index","follow":"follow","max-snippet":"max-snippet:-1","max-image-preview":"max-image-preview:large","max-video-preview":"max-video-preview:-1"},"canonical":"https:\/\/www.teagueins.com\/es\/business-insurance-la-mesa\/commercial-umbrella-insurance\/","og_locale":"es_MX","og_type":"article","og_title":"Commercial Umbrella Insurance","og_description":"If umbrella policies are good for individuals, then they are imperative for business. When a catastrophic liability loss occurs, an umbrella insurance policy can mean the difference between a business surviving, or not. The rising costs of lawsuits and judgments are important for today&#8217;s business owner to consider. Catastrophic liability losses can happen to any [&hellip;]","og_url":"https:\/\/www.teagueins.com\/es\/business-insurance-la-mesa\/commercial-umbrella-insurance\/","og_site_name":"Teague Insurance","article_publisher":"https:\/\/www.facebook.com\/TeagueInsuranceAgencyInc","article_modified_time":"2025-03-03T20:16:49+00:00","og_image":[{"width":1920,"height":800,"url":"http:\/\/www.teagueins.com\/wp-content\/uploads\/2025\/03\/Teague_Commercial-Umbrella.jpg","type":"image\/jpeg"}],"twitter_card":"summary_large_image","twitter_site":"@TeagueInsurance","twitter_misc":{"Tiempo de lectura":"1 minuto"},"schema":{"@context":"https:\/\/schema.org","@graph":[{"@type":"WebPage","@id":"https:\/\/www.teagueins.com\/business-insurance-la-mesa\/commercial-umbrella-insurance\/","url":"https:\/\/www.teagueins.com\/business-insurance-la-mesa\/commercial-umbrella-insurance\/","name":"Seguro paraguas comercial - Teague Insurance","isPartOf":{"@id":"https:\/\/www.teagueins.com\/#website"},"primaryImageOfPage":{"@id":"https:\/\/www.teagueins.com\/business-insurance-la-mesa\/commercial-umbrella-insurance\/#primaryimage"},"image":{"@id":"https:\/\/www.teagueins.com\/business-insurance-la-mesa\/commercial-umbrella-insurance\/#primaryimage"},"thumbnailUrl":"https:\/\/www.teagueins.com\/wp-content\/uploads\/2025\/03\/Teague_Commercial-Umbrella.jpg","datePublished":"2018-03-23T03:33:16+00:00","dateModified":"2025-03-03T20:16:49+00:00","breadcrumb":{"@id":"https:\/\/www.teagueins.com\/business-insurance-la-mesa\/commercial-umbrella-insurance\/#breadcrumb"},"inLanguage":"es-MX","potentialAction":[{"@type":"ReadAction","target":["https:\/\/www.teagueins.com\/business-insurance-la-mesa\/commercial-umbrella-insurance\/"]}]},{"@type":"ImageObject","inLanguage":"es-MX","@id":"https:\/\/www.teagueins.com\/business-insurance-la-mesa\/commercial-umbrella-insurance\/#primaryimage","url":"https:\/\/www.teagueins.com\/wp-content\/uploads\/2025\/03\/Teague_Commercial-Umbrella.jpg","contentUrl":"https:\/\/www.teagueins.com\/wp-content\/uploads\/2025\/03\/Teague_Commercial-Umbrella.jpg","width":1920,"height":800},{"@type":"BreadcrumbList","@id":"https:\/\/www.teagueins.com\/business-insurance-la-mesa\/commercial-umbrella-insurance\/#breadcrumb","itemListElement":[{"@type":"ListItem","position":1,"name":"Home","item":"https:\/\/www.teagueins.com\/"},{"@type":"ListItem","position":2,"name":"Commercial Business Solutions","item":"https:\/\/www.teagueins.com\/business-insurance-la-mesa\/"},{"@type":"ListItem","position":3,"name":"Commercial Umbrella Insurance"}]},{"@type":"WebSite","@id":"https:\/\/www.teagueins.com\/#website","url":"https:\/\/www.teagueins.com\/","name":"Seguro Teague","description":"Fuente confiable de seguros de San Diego desde 1954","publisher":{"@id":"https:\/\/www.teagueins.com\/#organization"},"potentialAction":[{"@type":"SearchAction","target":{"@type":"EntryPoint","urlTemplate":"https:\/\/www.teagueins.com\/?s={search_term_string}"},"query-input":{"@type":"PropertyValueSpecification","valueRequired":true,"valueName":"search_term_string"}}],"inLanguage":"es-MX"},{"@type":"Organization","@id":"https:\/\/www.teagueins.com\/#organization","name":"Seguro Teague","url":"https:\/\/www.teagueins.com\/","logo":{"@type":"ImageObject","inLanguage":"es-MX","@id":"https:\/\/www.teagueins.com\/#\/schema\/logo\/image\/","url":"https:\/\/www.teagueins.com\/wp-content\/uploads\/2019\/01\/Teague_Horizontal_Color.jpg","contentUrl":"https:\/\/www.teagueins.com\/wp-content\/uploads\/2019\/01\/Teague_Horizontal_Color.jpg","width":2482,"height":937,"caption":"Teague Insurance"},"image":{"@id":"https:\/\/www.teagueins.com\/#\/schema\/logo\/image\/"},"sameAs":["https:\/\/www.facebook.com\/TeagueInsuranceAgencyInc","https:\/\/x.com\/TeagueInsurance","https:\/\/www.instagram.com\/teagueinsuranceagency\/","https:\/\/www.linkedin.com\/company\/teague-insurance-agency-inc-\/?viewAsMember=true"]}]}},"_links":{"self":[{"href":"https:\/\/www.teagueins.com\/es\/wp-json\/wp\/v2\/pages\/18","targetHints":{"allow":["GET"]}}],"collection":[{"href":"https:\/\/www.teagueins.com\/es\/wp-json\/wp\/v2\/pages"}],"about":[{"href":"https:\/\/www.teagueins.com\/es\/wp-json\/wp\/v2\/types\/page"}],"author":[{"embeddable":true,"href":"https:\/\/www.teagueins.com\/es\/wp-json\/wp\/v2\/users\/1"}],"replies":[{"embeddable":true,"href":"https:\/\/www.teagueins.com\/es\/wp-json\/wp\/v2\/comments?post=18"}],"version-history":[{"count":0,"href":"https:\/\/www.teagueins.com\/es\/wp-json\/wp\/v2\/pages\/18\/revisions"}],"up":[{"embeddable":true,"href":"https:\/\/www.teagueins.com\/es\/wp-json\/wp\/v2\/pages\/52"}],"wp:featuredmedia":[{"embeddable":true,"href":"https:\/\/www.teagueins.com\/es\/wp-json\/wp\/v2\/media\/2095"}],"wp:attachment":[{"href":"https:\/\/www.teagueins.com\/es\/wp-json\/wp\/v2\/media?parent=18"}],"curies":[{"name":"gracias","href":"https:\/\/api.w.org\/{rel}","templated":true}]}}