{"id":1760,"date":"2023-04-06T22:04:27","date_gmt":"2023-04-06T22:04:27","guid":{"rendered":"https:\/\/teague.local\/?page_id=1760"},"modified":"2024-09-23T23:24:17","modified_gmt":"2024-09-23T23:24:17","slug":"dual-wage-classifications","status":"publish","type":"page","link":"https:\/\/www.teagueins.com\/es\/resources\/dual-wage-classifications\/","title":{"rendered":"Clasificaciones salariales duales de la construcci\u00f3n"},"content":{"rendered":"<h2>\n\t\tClasificaciones salariales duales de la construcci\u00f3n\n\t<\/h2>\n\t<p>En California, algunas operaciones de construcci\u00f3n o montaje de gran envergadura se clasifican seg\u00fan el salario por hora. Existen dos clasificaciones:<\/p>\n<ol>\n<li>Uno para los trabajadores que reciben un salario inferior a un determinado umbral por hora.<\/li>\n<li>Otro para aquellos que reciben un salario igual o superior al umbral salarial.<\/li>\n<\/ol>\n<p>Estas clasificaciones, conocidas como clasificaciones de &quot;salario dual&quot;, reflejan las diferencias observadas en los costos de las reclamaciones para los trabajadores que ganan menos, o igual o m\u00e1s, que los umbrales salariales designados. La Oficina de Calificaci\u00f3n de Seguros de Compensaci\u00f3n Laboral de California (WCIRB) revisa peri\u00f3dicamente estas clasificaciones y ajusta los umbrales en funci\u00f3n de la inflaci\u00f3n salarial para los trabajadores de la construcci\u00f3n que se encuentran en o cerca de los umbrales actuales.<\/p>\n<p>Al comprender y utilizar clasificaciones salariales duales, las empresas pueden administrar mejor los costos de compensaci\u00f3n de sus trabajadores y garantizar una cobertura adecuada para su fuerza laboral.<\/p>\n\t\t\t<a href=\"http:\/\/www.teagueins.com\/wp-content\/uploads\/2023\/04\/wcirb-dual-wage-thresholds-5year-2022_0.png\" target=\"_blank\" rel=\"noopener\">\n\t\t\t\t\t\t\tRevise las clasificaciones de doble salario por categor\u00eda\n\t\t\t\t\t<\/a>\n\t\t\t<a href=\"http:\/\/www.teagueins.com\/wp-content\/uploads\/2023\/04\/usrp_-_construction_and_erection_classifications_by_number-1.pdf\" target=\"_blank\" rel=\"noopener\">\n\t\t\t\t\t\t\tRevisar las clasificaciones de construcci\u00f3n y montaje\n\t\t\t\t\t<\/a>","protected":false},"excerpt":{"rendered":"<p>Construction Dual Wage Classifications In California, some construction or erection operations that are large enough are classified based on the hourly wages paid. There are two classifications: One for workers paid below a certain hourly wage threshold. Another for those paid at or above the wage threshold. These classifications, known as &#8220;dual wage&#8221; classifications, reflect [&hellip;]<\/p>\n","protected":false},"author":4,"featured_media":0,"parent":32,"menu_order":0,"comment_status":"closed","ping_status":"closed","template":"","meta":{"_acf_changed":false,"footnotes":"","_links_to":"","_links_to_target":""},"class_list":["post-1760","page","type-page","status-publish","hentry"],"acf":[],"yoast_head":"<!-- This site is optimized with the Yoast SEO Premium plugin v21.2 (Yoast SEO v27.5) - https:\/\/yoast.com\/product\/yoast-seo-premium-wordpress\/ -->\n<title>Construction Dual Wage Classifications - Teague Insurance<\/title>\n<meta name=\"robots\" content=\"index, follow, max-snippet:-1, max-image-preview:large, max-video-preview:-1\" \/>\n<link rel=\"canonical\" href=\"https:\/\/www.teagueins.com\/es\/resources\/dual-wage-classifications\/\" \/>\n<meta property=\"og:locale\" content=\"es_MX\" \/>\n<meta property=\"og:type\" content=\"article\" \/>\n<meta property=\"og:title\" content=\"Construction Dual Wage Classifications\" \/>\n<meta property=\"og:description\" content=\"Construction Dual Wage Classifications In California, some construction or erection operations that are large enough are classified based on the hourly wages paid. There are two classifications: One for workers paid below a certain hourly wage threshold. Another for those paid at or above the wage threshold. These classifications, known as &#8220;dual wage&#8221; classifications, reflect [&hellip;]\" \/>\n<meta property=\"og:url\" content=\"https:\/\/www.teagueins.com\/es\/resources\/dual-wage-classifications\/\" \/>\n<meta property=\"og:site_name\" content=\"Teague Insurance\" \/>\n<meta property=\"article:publisher\" content=\"https:\/\/www.facebook.com\/TeagueInsuranceAgencyInc\" \/>\n<meta property=\"article:modified_time\" content=\"2024-09-23T23:24:17+00:00\" \/>\n<meta name=\"twitter:card\" content=\"summary_large_image\" \/>\n<meta name=\"twitter:site\" content=\"@TeagueInsurance\" \/>\n<meta name=\"twitter:label1\" content=\"Tiempo de lectura\" \/>\n\t<meta name=\"twitter:data1\" content=\"1 minuto\" \/>\n<script type=\"application\/ld+json\" class=\"yoast-schema-graph\">{\"@context\":\"https:\\\/\\\/schema.org\",\"@graph\":[{\"@type\":\"WebPage\",\"@id\":\"https:\\\/\\\/www.teagueins.com\\\/resources\\\/dual-wage-classifications\\\/\",\"url\":\"https:\\\/\\\/www.teagueins.com\\\/resources\\\/dual-wage-classifications\\\/\",\"name\":\"Construction Dual Wage Classifications - Teague Insurance\",\"isPartOf\":{\"@id\":\"https:\\\/\\\/www.teagueins.com\\\/#website\"},\"datePublished\":\"2023-04-06T22:04:27+00:00\",\"dateModified\":\"2024-09-23T23:24:17+00:00\",\"breadcrumb\":{\"@id\":\"https:\\\/\\\/www.teagueins.com\\\/resources\\\/dual-wage-classifications\\\/#breadcrumb\"},\"inLanguage\":\"es-MX\",\"potentialAction\":[{\"@type\":\"ReadAction\",\"target\":[\"https:\\\/\\\/www.teagueins.com\\\/resources\\\/dual-wage-classifications\\\/\"]}]},{\"@type\":\"BreadcrumbList\",\"@id\":\"https:\\\/\\\/www.teagueins.com\\\/resources\\\/dual-wage-classifications\\\/#breadcrumb\",\"itemListElement\":[{\"@type\":\"ListItem\",\"position\":1,\"name\":\"Home\",\"item\":\"https:\\\/\\\/www.teagueins.com\\\/\"},{\"@type\":\"ListItem\",\"position\":2,\"name\":\"Resources\",\"item\":\"https:\\\/\\\/www.teagueins.com\\\/resources\\\/\"},{\"@type\":\"ListItem\",\"position\":3,\"name\":\"Construction Dual Wage Classifications\"}]},{\"@type\":\"WebSite\",\"@id\":\"https:\\\/\\\/www.teagueins.com\\\/#website\",\"url\":\"https:\\\/\\\/www.teagueins.com\\\/\",\"name\":\"Teague Insurance\",\"description\":\"San Diego\u2019s Trusted Insurance Source Since 1954\",\"publisher\":{\"@id\":\"https:\\\/\\\/www.teagueins.com\\\/#organization\"},\"potentialAction\":[{\"@type\":\"SearchAction\",\"target\":{\"@type\":\"EntryPoint\",\"urlTemplate\":\"https:\\\/\\\/www.teagueins.com\\\/?s={search_term_string}\"},\"query-input\":{\"@type\":\"PropertyValueSpecification\",\"valueRequired\":true,\"valueName\":\"search_term_string\"}}],\"inLanguage\":\"es-MX\"},{\"@type\":\"Organization\",\"@id\":\"https:\\\/\\\/www.teagueins.com\\\/#organization\",\"name\":\"Teague Insurance\",\"url\":\"https:\\\/\\\/www.teagueins.com\\\/\",\"logo\":{\"@type\":\"ImageObject\",\"inLanguage\":\"es-MX\",\"@id\":\"https:\\\/\\\/www.teagueins.com\\\/#\\\/schema\\\/logo\\\/image\\\/\",\"url\":\"https:\\\/\\\/www.teagueins.com\\\/wp-content\\\/uploads\\\/2019\\\/01\\\/Teague_Horizontal_Color.jpg\",\"contentUrl\":\"https:\\\/\\\/www.teagueins.com\\\/wp-content\\\/uploads\\\/2019\\\/01\\\/Teague_Horizontal_Color.jpg\",\"width\":2482,\"height\":937,\"caption\":\"Teague Insurance\"},\"image\":{\"@id\":\"https:\\\/\\\/www.teagueins.com\\\/#\\\/schema\\\/logo\\\/image\\\/\"},\"sameAs\":[\"https:\\\/\\\/www.facebook.com\\\/TeagueInsuranceAgencyInc\",\"https:\\\/\\\/x.com\\\/TeagueInsurance\",\"https:\\\/\\\/www.instagram.com\\\/teagueinsuranceagency\\\/\",\"https:\\\/\\\/www.linkedin.com\\\/company\\\/teague-insurance-agency-inc-\\\/?viewAsMember=true\"]}]}<\/script>\n<!-- \/ Yoast SEO Premium plugin. -->","yoast_head_json":{"title":"Clasificaciones salariales duales en la construcci\u00f3n - Teague Insurance","robots":{"index":"index","follow":"follow","max-snippet":"max-snippet:-1","max-image-preview":"max-image-preview:large","max-video-preview":"max-video-preview:-1"},"canonical":"https:\/\/www.teagueins.com\/es\/resources\/dual-wage-classifications\/","og_locale":"es_MX","og_type":"article","og_title":"Construction Dual Wage Classifications","og_description":"Construction Dual Wage Classifications In California, some construction or erection operations that are large enough are classified based on the hourly wages paid. There are two classifications: One for workers paid below a certain hourly wage threshold. Another for those paid at or above the wage threshold. These classifications, known as &#8220;dual wage&#8221; classifications, reflect [&hellip;]","og_url":"https:\/\/www.teagueins.com\/es\/resources\/dual-wage-classifications\/","og_site_name":"Teague Insurance","article_publisher":"https:\/\/www.facebook.com\/TeagueInsuranceAgencyInc","article_modified_time":"2024-09-23T23:24:17+00:00","twitter_card":"summary_large_image","twitter_site":"@TeagueInsurance","twitter_misc":{"Tiempo de lectura":"1 minuto"},"schema":{"@context":"https:\/\/schema.org","@graph":[{"@type":"WebPage","@id":"https:\/\/www.teagueins.com\/resources\/dual-wage-classifications\/","url":"https:\/\/www.teagueins.com\/resources\/dual-wage-classifications\/","name":"Clasificaciones salariales duales en la construcci\u00f3n - Teague Insurance","isPartOf":{"@id":"https:\/\/www.teagueins.com\/#website"},"datePublished":"2023-04-06T22:04:27+00:00","dateModified":"2024-09-23T23:24:17+00:00","breadcrumb":{"@id":"https:\/\/www.teagueins.com\/resources\/dual-wage-classifications\/#breadcrumb"},"inLanguage":"es-MX","potentialAction":[{"@type":"ReadAction","target":["https:\/\/www.teagueins.com\/resources\/dual-wage-classifications\/"]}]},{"@type":"BreadcrumbList","@id":"https:\/\/www.teagueins.com\/resources\/dual-wage-classifications\/#breadcrumb","itemListElement":[{"@type":"ListItem","position":1,"name":"Home","item":"https:\/\/www.teagueins.com\/"},{"@type":"ListItem","position":2,"name":"Resources","item":"https:\/\/www.teagueins.com\/resources\/"},{"@type":"ListItem","position":3,"name":"Construction Dual Wage Classifications"}]},{"@type":"WebSite","@id":"https:\/\/www.teagueins.com\/#website","url":"https:\/\/www.teagueins.com\/","name":"Seguro Teague","description":"Fuente confiable de seguros de San Diego desde 1954","publisher":{"@id":"https:\/\/www.teagueins.com\/#organization"},"potentialAction":[{"@type":"SearchAction","target":{"@type":"EntryPoint","urlTemplate":"https:\/\/www.teagueins.com\/?s={search_term_string}"},"query-input":{"@type":"PropertyValueSpecification","valueRequired":true,"valueName":"search_term_string"}}],"inLanguage":"es-MX"},{"@type":"Organization","@id":"https:\/\/www.teagueins.com\/#organization","name":"Seguro Teague","url":"https:\/\/www.teagueins.com\/","logo":{"@type":"ImageObject","inLanguage":"es-MX","@id":"https:\/\/www.teagueins.com\/#\/schema\/logo\/image\/","url":"https:\/\/www.teagueins.com\/wp-content\/uploads\/2019\/01\/Teague_Horizontal_Color.jpg","contentUrl":"https:\/\/www.teagueins.com\/wp-content\/uploads\/2019\/01\/Teague_Horizontal_Color.jpg","width":2482,"height":937,"caption":"Teague Insurance"},"image":{"@id":"https:\/\/www.teagueins.com\/#\/schema\/logo\/image\/"},"sameAs":["https:\/\/www.facebook.com\/TeagueInsuranceAgencyInc","https:\/\/x.com\/TeagueInsurance","https:\/\/www.instagram.com\/teagueinsuranceagency\/","https:\/\/www.linkedin.com\/company\/teague-insurance-agency-inc-\/?viewAsMember=true"]}]}},"_links":{"self":[{"href":"https:\/\/www.teagueins.com\/es\/wp-json\/wp\/v2\/pages\/1760","targetHints":{"allow":["GET"]}}],"collection":[{"href":"https:\/\/www.teagueins.com\/es\/wp-json\/wp\/v2\/pages"}],"about":[{"href":"https:\/\/www.teagueins.com\/es\/wp-json\/wp\/v2\/types\/page"}],"author":[{"embeddable":true,"href":"https:\/\/www.teagueins.com\/es\/wp-json\/wp\/v2\/users\/4"}],"replies":[{"embeddable":true,"href":"https:\/\/www.teagueins.com\/es\/wp-json\/wp\/v2\/comments?post=1760"}],"version-history":[{"count":0,"href":"https:\/\/www.teagueins.com\/es\/wp-json\/wp\/v2\/pages\/1760\/revisions"}],"up":[{"embeddable":true,"href":"https:\/\/www.teagueins.com\/es\/wp-json\/wp\/v2\/pages\/32"}],"wp:attachment":[{"href":"https:\/\/www.teagueins.com\/es\/wp-json\/wp\/v2\/media?parent=1760"}],"curies":[{"name":"gracias","href":"https:\/\/api.w.org\/{rel}","templated":true}]}}