{"id":162,"date":"2018-03-23T05:32:06","date_gmt":"2018-03-23T05:32:06","guid":{"rendered":"http:\/\/teagueins.wpengine.com\/?page_id=162"},"modified":"2023-07-06T23:18:23","modified_gmt":"2023-07-06T23:18:23","slug":"recognitions","status":"publish","type":"page","link":"https:\/\/www.teagueins.com\/es\/about\/recognitions\/","title":{"rendered":"Reconocimientos"},"content":{"rendered":"<h2>Mejores pr\u00e1cticas<\/h2>\n<p><img loading=\"lazy\" decoding=\"async\" class=\"alignnone wp-image-1624 size-medium\" style=\"border-top: 1px solid #cccccc; border-bottom: 1px solid #cccccc; padding: 8px 0 10px;\" src=\"http:\/\/www.teagueins.com\/wp-content\/uploads\/2022\/04\/21BPA-web-300x254.png\" alt=\"\" width=\"300\" height=\"254\" srcset=\"https:\/\/www.teagueins.com\/wp-content\/uploads\/2022\/04\/21BPA-web-300x254.png 300w, https:\/\/www.teagueins.com\/wp-content\/uploads\/2022\/04\/21BPA-web-14x12.png 14w, https:\/\/www.teagueins.com\/wp-content\/uploads\/2022\/04\/21BPA-web.png 575w\" sizes=\"auto, (max-width: 300px) 100vw, 300px\" \/><br \/>\nDesde 1993, Reagan Consulting y Independent Insurance Agents &amp; Brokers of America se han asociado para producir el Estudio de Mejores Pr\u00e1cticas, un examen completo de las agencias con mejor desempe\u00f1o en todo el pa\u00eds.<\/p>\n<p>El estudio recopila datos de evaluaci\u00f3n comparativa sobre las m\u00e9tricas clave del rendimiento y el valor de la agencia, incluido el crecimiento y la rentabilidad de los ingresos, la estabilidad financiera, la gesti\u00f3n de gastos y la productividad de las ventas y las operaciones. Se proporcionan datos para cada una de las seis categor\u00edas de ingresos (desde menos de $1.25M hasta m\u00e1s de $25M), y las nominaciones para agencias en cada una de estas categor\u00edas se aceptan al comienzo de cada ciclo de estudio de tres a\u00f1os.<\/p>\n<p>Los resultados agregados de las empresas con mejor desempe\u00f1o (aproximadamente 40 por categor\u00eda) se incluyen en el estudio y estas agencias obtienen el prestigioso estatus de \u201cAgencia de Mejores Pr\u00e1cticas\u201d y el reconocimiento de la industria y los beneficios exclusivos que la acompa\u00f1an.<\/p>\n<p>Las mejores pr\u00e1cticas son estrategias atemporales y de vanguardia desarrolladas a partir del estudio de las principales agencias de seguros de EE. UU. De todos los tama\u00f1os durante m\u00e1s de 20 a\u00f1os. Han demostrado ser herramientas transformadoras para las agencias que buscan sobresalir.<\/p>\n<p>Teague Insurance se ha ganado el estatus de Agencia de Mejores Pr\u00e1cticas todos los a\u00f1os desde 2013.<\/p>\n<h2>Empleado del a\u00f1o<\/h2>\n<p>Nos gustar\u00eda felicitar a nuestros ganadores del premio al empleado del a\u00f1o. Estas personas se han ganado el premio al ejemplificar los valores de nuestra organizaci\u00f3n. \u00a1Bien hecho!<\/p>\n<ul>\n<li>2022 Kim Reed<\/li>\n<li>2021 Lacey Lim\u00f3n<\/li>\n<li>2020 Ashlyn Ochoa<\/li>\n<li>2019 Danielle Queriones<\/li>\n<li>2018 Janna McCowan<\/li>\n<li>2017 Theresa Dosenberry<\/li>\n<li>2016 Jennifer Clyde<\/li>\n<li>2015 Lady Nguyen<\/li>\n<li>2014 Kim Reed<\/li>\n<li>2013 Grisell Sparkman<\/li>\n<li>2012 Kelsey Theakston<\/li>\n<\/ul>\n<h2>A\u00f1os de servicio<\/h2>\n<p>Agradecemos a los miembros de nuestro equipo y nos gustar\u00eda reconocer sus a\u00f1os de servicio.<\/p>\n<h3>30+<\/h3>\n<ul>\n<li>Amanecer Agust\u00edn<\/li>\n<li>Piscina del amanecer<\/li>\n<\/ul>\n<h3>25<\/h3>\n<ul>\n<li>Thomas Geisbush<\/li>\n<\/ul>\n<h3>20<\/h3>\n<ul>\n<li>Byron Johnston<\/li>\n<li>Leslie San-Wong<\/li>\n<li>Kimberly Reed<\/li>\n<li>James Christner<\/li>\n<\/ul>\n<h3>15<\/h3>\n<ul>\n<li>Stephanie Calhoun<\/li>\n<li>Germ\u00e1n Gonz\u00e1lez<\/li>\n<li>Jack Landers<\/li>\n<\/ul>\n<h3>10<\/h3>\n<ul>\n<li>Jennifer Clyde<\/li>\n<li>David Sumpter<\/li>\n<li>Brian Ruiz<\/li>\n<li>Ernest Torgeson<\/li>\n<li>Igor Vido<\/li>\n<\/ul>\n<h3>5<\/h3>\n<ul>\n<li>Craig Klareich<\/li>\n<li>Janna McCowan<\/li>\n<li>Caroline Fauz<\/li>\n<li>Teresa Dosenberry<\/li>\n<li>Garett Houseal<\/li>\n<li>Ashlyn Ochoa<\/li>\n<li>Alex Holdren<\/li>\n<li>Cary Ryan<\/li>\n<\/ul>","protected":false},"excerpt":{"rendered":"<p>Best Practices Since 1993, Reagan Consulting and the Independent Insurance Agents &amp; Brokers of America have partnered to produce the Best Practices Study, a comprehensive examination of the top performing agencies across the country. The study compiles benchmarking data on the key metrics of agency performance and value including revenue growth and profitability, financial stability, [&hellip;]<\/p>\n","protected":false},"author":1,"featured_media":0,"parent":30,"menu_order":0,"comment_status":"closed","ping_status":"closed","template":"","meta":{"_acf_changed":false,"footnotes":"","_links_to":"","_links_to_target":""},"class_list":["post-162","page","type-page","status-publish","hentry"],"acf":[],"yoast_head":"<!-- This site is optimized with the Yoast SEO Premium plugin v21.2 (Yoast SEO v27.5) - https:\/\/yoast.com\/product\/yoast-seo-premium-wordpress\/ -->\n<title>Recognitions - Teague Insurance<\/title>\n<meta name=\"robots\" content=\"index, follow, max-snippet:-1, max-image-preview:large, max-video-preview:-1\" \/>\n<link rel=\"canonical\" href=\"https:\/\/www.teagueins.com\/es\/about\/recognitions\/\" \/>\n<meta property=\"og:locale\" content=\"es_MX\" \/>\n<meta property=\"og:type\" content=\"article\" \/>\n<meta property=\"og:title\" content=\"Recognitions\" \/>\n<meta property=\"og:description\" content=\"Best Practices Since 1993, Reagan Consulting and the Independent Insurance Agents &amp; Brokers of America have partnered to produce the Best Practices Study, a comprehensive examination of the top performing agencies across the country. The study compiles benchmarking data on the key metrics of agency performance and value including revenue growth and profitability, financial stability, [&hellip;]\" \/>\n<meta property=\"og:url\" content=\"https:\/\/www.teagueins.com\/es\/about\/recognitions\/\" \/>\n<meta property=\"og:site_name\" content=\"Teague Insurance\" \/>\n<meta property=\"article:publisher\" content=\"https:\/\/www.facebook.com\/TeagueInsuranceAgencyInc\" \/>\n<meta property=\"article:modified_time\" content=\"2023-07-06T23:18:23+00:00\" \/>\n<meta property=\"og:image\" content=\"http:\/\/www.teagueins.com\/wp-content\/uploads\/2022\/04\/21BPA-web-300x254.png\" \/>\n<meta name=\"twitter:card\" content=\"summary_large_image\" \/>\n<meta name=\"twitter:site\" content=\"@TeagueInsurance\" \/>\n<meta name=\"twitter:label1\" content=\"Tiempo de lectura\" \/>\n\t<meta name=\"twitter:data1\" content=\"2 minutos\" \/>\n<script type=\"application\/ld+json\" class=\"yoast-schema-graph\">{\"@context\":\"https:\\\/\\\/schema.org\",\"@graph\":[{\"@type\":\"WebPage\",\"@id\":\"https:\\\/\\\/www.teagueins.com\\\/about\\\/recognitions\\\/\",\"url\":\"https:\\\/\\\/www.teagueins.com\\\/about\\\/recognitions\\\/\",\"name\":\"Recognitions - Teague Insurance\",\"isPartOf\":{\"@id\":\"https:\\\/\\\/www.teagueins.com\\\/#website\"},\"primaryImageOfPage\":{\"@id\":\"https:\\\/\\\/www.teagueins.com\\\/about\\\/recognitions\\\/#primaryimage\"},\"image\":{\"@id\":\"https:\\\/\\\/www.teagueins.com\\\/about\\\/recognitions\\\/#primaryimage\"},\"thumbnailUrl\":\"http:\\\/\\\/www.teagueins.com\\\/wp-content\\\/uploads\\\/2022\\\/04\\\/21BPA-web-300x254.png\",\"datePublished\":\"2018-03-23T05:32:06+00:00\",\"dateModified\":\"2023-07-06T23:18:23+00:00\",\"breadcrumb\":{\"@id\":\"https:\\\/\\\/www.teagueins.com\\\/about\\\/recognitions\\\/#breadcrumb\"},\"inLanguage\":\"es-MX\",\"potentialAction\":[{\"@type\":\"ReadAction\",\"target\":[\"https:\\\/\\\/www.teagueins.com\\\/about\\\/recognitions\\\/\"]}]},{\"@type\":\"ImageObject\",\"inLanguage\":\"es-MX\",\"@id\":\"https:\\\/\\\/www.teagueins.com\\\/about\\\/recognitions\\\/#primaryimage\",\"url\":\"http:\\\/\\\/www.teagueins.com\\\/wp-content\\\/uploads\\\/2022\\\/04\\\/21BPA-web-300x254.png\",\"contentUrl\":\"http:\\\/\\\/www.teagueins.com\\\/wp-content\\\/uploads\\\/2022\\\/04\\\/21BPA-web-300x254.png\"},{\"@type\":\"BreadcrumbList\",\"@id\":\"https:\\\/\\\/www.teagueins.com\\\/about\\\/recognitions\\\/#breadcrumb\",\"itemListElement\":[{\"@type\":\"ListItem\",\"position\":1,\"name\":\"Home\",\"item\":\"https:\\\/\\\/www.teagueins.com\\\/\"},{\"@type\":\"ListItem\",\"position\":2,\"name\":\"About Us\",\"item\":\"https:\\\/\\\/www.teagueins.com\\\/about\\\/\"},{\"@type\":\"ListItem\",\"position\":3,\"name\":\"Recognitions\"}]},{\"@type\":\"WebSite\",\"@id\":\"https:\\\/\\\/www.teagueins.com\\\/#website\",\"url\":\"https:\\\/\\\/www.teagueins.com\\\/\",\"name\":\"Teague Insurance\",\"description\":\"San Diego\u2019s Trusted Insurance Source Since 1954\",\"publisher\":{\"@id\":\"https:\\\/\\\/www.teagueins.com\\\/#organization\"},\"potentialAction\":[{\"@type\":\"SearchAction\",\"target\":{\"@type\":\"EntryPoint\",\"urlTemplate\":\"https:\\\/\\\/www.teagueins.com\\\/?s={search_term_string}\"},\"query-input\":{\"@type\":\"PropertyValueSpecification\",\"valueRequired\":true,\"valueName\":\"search_term_string\"}}],\"inLanguage\":\"es-MX\"},{\"@type\":\"Organization\",\"@id\":\"https:\\\/\\\/www.teagueins.com\\\/#organization\",\"name\":\"Teague Insurance\",\"url\":\"https:\\\/\\\/www.teagueins.com\\\/\",\"logo\":{\"@type\":\"ImageObject\",\"inLanguage\":\"es-MX\",\"@id\":\"https:\\\/\\\/www.teagueins.com\\\/#\\\/schema\\\/logo\\\/image\\\/\",\"url\":\"https:\\\/\\\/www.teagueins.com\\\/wp-content\\\/uploads\\\/2019\\\/01\\\/Teague_Horizontal_Color.jpg\",\"contentUrl\":\"https:\\\/\\\/www.teagueins.com\\\/wp-content\\\/uploads\\\/2019\\\/01\\\/Teague_Horizontal_Color.jpg\",\"width\":2482,\"height\":937,\"caption\":\"Teague Insurance\"},\"image\":{\"@id\":\"https:\\\/\\\/www.teagueins.com\\\/#\\\/schema\\\/logo\\\/image\\\/\"},\"sameAs\":[\"https:\\\/\\\/www.facebook.com\\\/TeagueInsuranceAgencyInc\",\"https:\\\/\\\/x.com\\\/TeagueInsurance\",\"https:\\\/\\\/www.instagram.com\\\/teagueinsuranceagency\\\/\",\"https:\\\/\\\/www.linkedin.com\\\/company\\\/teague-insurance-agency-inc-\\\/?viewAsMember=true\"]}]}<\/script>\n<!-- \/ Yoast SEO Premium plugin. -->","yoast_head_json":{"title":"Reconocimientos - Teague Insurance","robots":{"index":"index","follow":"follow","max-snippet":"max-snippet:-1","max-image-preview":"max-image-preview:large","max-video-preview":"max-video-preview:-1"},"canonical":"https:\/\/www.teagueins.com\/es\/about\/recognitions\/","og_locale":"es_MX","og_type":"article","og_title":"Recognitions","og_description":"Best Practices Since 1993, Reagan Consulting and the Independent Insurance Agents &amp; Brokers of America have partnered to produce the Best Practices Study, a comprehensive examination of the top performing agencies across the country. The study compiles benchmarking data on the key metrics of agency performance and value including revenue growth and profitability, financial stability, [&hellip;]","og_url":"https:\/\/www.teagueins.com\/es\/about\/recognitions\/","og_site_name":"Teague Insurance","article_publisher":"https:\/\/www.facebook.com\/TeagueInsuranceAgencyInc","article_modified_time":"2023-07-06T23:18:23+00:00","og_image":[{"url":"http:\/\/www.teagueins.com\/wp-content\/uploads\/2022\/04\/21BPA-web-300x254.png","type":"","width":"","height":""}],"twitter_card":"summary_large_image","twitter_site":"@TeagueInsurance","twitter_misc":{"Tiempo de lectura":"2 minutos"},"schema":{"@context":"https:\/\/schema.org","@graph":[{"@type":"WebPage","@id":"https:\/\/www.teagueins.com\/about\/recognitions\/","url":"https:\/\/www.teagueins.com\/about\/recognitions\/","name":"Reconocimientos - Teague Insurance","isPartOf":{"@id":"https:\/\/www.teagueins.com\/#website"},"primaryImageOfPage":{"@id":"https:\/\/www.teagueins.com\/about\/recognitions\/#primaryimage"},"image":{"@id":"https:\/\/www.teagueins.com\/about\/recognitions\/#primaryimage"},"thumbnailUrl":"http:\/\/www.teagueins.com\/wp-content\/uploads\/2022\/04\/21BPA-web-300x254.png","datePublished":"2018-03-23T05:32:06+00:00","dateModified":"2023-07-06T23:18:23+00:00","breadcrumb":{"@id":"https:\/\/www.teagueins.com\/about\/recognitions\/#breadcrumb"},"inLanguage":"es-MX","potentialAction":[{"@type":"ReadAction","target":["https:\/\/www.teagueins.com\/about\/recognitions\/"]}]},{"@type":"ImageObject","inLanguage":"es-MX","@id":"https:\/\/www.teagueins.com\/about\/recognitions\/#primaryimage","url":"http:\/\/www.teagueins.com\/wp-content\/uploads\/2022\/04\/21BPA-web-300x254.png","contentUrl":"http:\/\/www.teagueins.com\/wp-content\/uploads\/2022\/04\/21BPA-web-300x254.png"},{"@type":"BreadcrumbList","@id":"https:\/\/www.teagueins.com\/about\/recognitions\/#breadcrumb","itemListElement":[{"@type":"ListItem","position":1,"name":"Home","item":"https:\/\/www.teagueins.com\/"},{"@type":"ListItem","position":2,"name":"About Us","item":"https:\/\/www.teagueins.com\/about\/"},{"@type":"ListItem","position":3,"name":"Recognitions"}]},{"@type":"WebSite","@id":"https:\/\/www.teagueins.com\/#website","url":"https:\/\/www.teagueins.com\/","name":"Seguro Teague","description":"Fuente confiable de seguros de San Diego desde 1954","publisher":{"@id":"https:\/\/www.teagueins.com\/#organization"},"potentialAction":[{"@type":"SearchAction","target":{"@type":"EntryPoint","urlTemplate":"https:\/\/www.teagueins.com\/?s={search_term_string}"},"query-input":{"@type":"PropertyValueSpecification","valueRequired":true,"valueName":"search_term_string"}}],"inLanguage":"es-MX"},{"@type":"Organization","@id":"https:\/\/www.teagueins.com\/#organization","name":"Seguro Teague","url":"https:\/\/www.teagueins.com\/","logo":{"@type":"ImageObject","inLanguage":"es-MX","@id":"https:\/\/www.teagueins.com\/#\/schema\/logo\/image\/","url":"https:\/\/www.teagueins.com\/wp-content\/uploads\/2019\/01\/Teague_Horizontal_Color.jpg","contentUrl":"https:\/\/www.teagueins.com\/wp-content\/uploads\/2019\/01\/Teague_Horizontal_Color.jpg","width":2482,"height":937,"caption":"Teague Insurance"},"image":{"@id":"https:\/\/www.teagueins.com\/#\/schema\/logo\/image\/"},"sameAs":["https:\/\/www.facebook.com\/TeagueInsuranceAgencyInc","https:\/\/x.com\/TeagueInsurance","https:\/\/www.instagram.com\/teagueinsuranceagency\/","https:\/\/www.linkedin.com\/company\/teague-insurance-agency-inc-\/?viewAsMember=true"]}]}},"_links":{"self":[{"href":"https:\/\/www.teagueins.com\/es\/wp-json\/wp\/v2\/pages\/162","targetHints":{"allow":["GET"]}}],"collection":[{"href":"https:\/\/www.teagueins.com\/es\/wp-json\/wp\/v2\/pages"}],"about":[{"href":"https:\/\/www.teagueins.com\/es\/wp-json\/wp\/v2\/types\/page"}],"author":[{"embeddable":true,"href":"https:\/\/www.teagueins.com\/es\/wp-json\/wp\/v2\/users\/1"}],"replies":[{"embeddable":true,"href":"https:\/\/www.teagueins.com\/es\/wp-json\/wp\/v2\/comments?post=162"}],"version-history":[{"count":0,"href":"https:\/\/www.teagueins.com\/es\/wp-json\/wp\/v2\/pages\/162\/revisions"}],"up":[{"embeddable":true,"href":"https:\/\/www.teagueins.com\/es\/wp-json\/wp\/v2\/pages\/30"}],"wp:attachment":[{"href":"https:\/\/www.teagueins.com\/es\/wp-json\/wp\/v2\/media?parent=162"}],"curies":[{"name":"gracias","href":"https:\/\/api.w.org\/{rel}","templated":true}]}}