{"id":160,"date":"2018-03-23T05:31:46","date_gmt":"2018-03-23T05:31:46","guid":{"rendered":"http:\/\/teagueins.wpengine.com\/?page_id=160"},"modified":"2019-07-18T22:11:35","modified_gmt":"2019-07-18T22:11:35","slug":"why-independent-agency","status":"publish","type":"page","link":"https:\/\/www.teagueins.com\/es\/about\/why-independent-agency\/","title":{"rendered":"\u00bfPor qu\u00e9 elegir una agencia independiente?"},"content":{"rendered":"<h2>Nuestro compromiso con nuestros clientes<\/h2>\n<p>Como agencia de seguros independiente, Teague se dedica a brindarle un servicio atento, tarifas m\u00e1s bajas y mayor protecci\u00f3n. Para demostrar nuestro compromiso con usted, asumimos el compromiso de Trusted Choice.<\/p>\n<p class=\"translation-block\">Trusted Choice\u00ae Las agencias son firmas de seguros y servicios financieros cuyo acceso a m\u00faltiples compa\u00f1\u00edas y compromiso con un servicio de calidad nos permite ofrecer a nuestros clientes precios competitivos, una amplia variedad de productos y una promoci\u00f3n sin igual. Como agencia Trusted Choice, Teague se dedica a usted y se compromete a tratarlo como una persona, no como una pol\u00edtica.<\/p>\n<h3>Este compromiso significa que:<\/h3>\n<ul>\n<li>Trabaje con usted para identificar los servicios financieros y de seguros adecuados para usted, su familia o su negocio, y utilice nuestro acceso a m\u00faltiples empresas para ofrecer esos productos.<\/li>\n<li>Lo guiar\u00e1 a trav\u00e9s del proceso de reclamos para una resoluci\u00f3n r\u00e1pida y justa de su reclamo.<\/li>\n<li>Ayudarlo a resolver problemas relacionados con su cobertura o cuenta.<\/li>\n<li>Explique las coberturas y opciones disponibles para usted a trav\u00e9s de nuestra agencia, a su solicitud.<\/li>\n<li>Devuelva sus llamadas telef\u00f3nicas y correos electr\u00f3nicos con prontitud y responda a sus solicitudes de manera oportuna.<\/li>\n<li>Brindar servicios 24 horas al d\u00eda, 7 d\u00edas a la semana para nuestros clientes, ofreciendo cualquiera o todos los siguientes: n\u00fameros de tel\u00e9fono de emergencia, acceso a cuentas de Internet, correo electr\u00f3nico y servicios de centro de llamadas.<\/li>\n<li>Utilice nuestra experiencia y m\u00faltiples relaciones con la empresa para personalizar su cobertura seg\u00fan sea necesario.<\/li>\n<li>Comprometer a nuestro personal con la educaci\u00f3n continua para que puedan estar m\u00e1s informados en su servicio.<\/li>\n<li>Tratar con respeto y cortes\u00eda.<\/li>\n<li>Conducir nuestro negocio de manera \u00e9tica.<\/li>\n<\/ul>\n<p>Se lo prometemos a ustedes, nuestros clientes, y les pedimos que nos informen si no cumplimos con nuestro compromiso, para que podamos tomar medidas correctivas.<\/p>","protected":false},"excerpt":{"rendered":"<p>Our Pledge to Our Clients As an independent insurance agency, Teague is dedicated to providing you attentive service, lower rates, and greater protection. To prove our commitment to you, we have taken the Trusted Choice Pledge. Trusted Choice\u00ae agencies are insurance and financial services firms whose access to multiple companies and commitment to quality service [&hellip;]<\/p>\n","protected":false},"author":1,"featured_media":0,"parent":30,"menu_order":0,"comment_status":"closed","ping_status":"closed","template":"","meta":{"_acf_changed":false,"footnotes":"","_links_to":"","_links_to_target":""},"class_list":["post-160","page","type-page","status-publish","hentry"],"acf":[],"yoast_head":"<!-- This site is optimized with the Yoast SEO Premium plugin v21.2 (Yoast SEO v27.3) - https:\/\/yoast.com\/product\/yoast-seo-premium-wordpress\/ -->\n<title>Why Choose an Independent Agency? - Teague Insurance<\/title>\n<meta name=\"description\" content=\"As an independent insurance agency, Teague is dedicated to providing you attentive service, lower rates, and greater protection.\" \/>\n<meta name=\"robots\" content=\"index, follow, max-snippet:-1, max-image-preview:large, max-video-preview:-1\" \/>\n<link rel=\"canonical\" href=\"https:\/\/www.teagueins.com\/es\/about\/why-independent-agency\/\" \/>\n<meta property=\"og:locale\" content=\"es_MX\" \/>\n<meta property=\"og:type\" content=\"article\" \/>\n<meta property=\"og:title\" content=\"Why Choose an Independent Agency?\" \/>\n<meta property=\"og:description\" content=\"As an independent insurance agency, Teague is dedicated to providing you attentive service, lower rates, and greater protection.\" \/>\n<meta property=\"og:url\" content=\"https:\/\/www.teagueins.com\/es\/about\/why-independent-agency\/\" \/>\n<meta property=\"og:site_name\" content=\"Teague Insurance\" \/>\n<meta property=\"article:publisher\" content=\"https:\/\/www.facebook.com\/TeagueInsuranceAgencyInc\" \/>\n<meta property=\"article:modified_time\" content=\"2019-07-18T22:11:35+00:00\" \/>\n<meta name=\"twitter:card\" content=\"summary_large_image\" \/>\n<meta name=\"twitter:site\" content=\"@TeagueInsurance\" \/>\n<meta name=\"twitter:label1\" content=\"Tiempo de lectura\" \/>\n\t<meta name=\"twitter:data1\" content=\"1 minuto\" \/>\n<script type=\"application\/ld+json\" class=\"yoast-schema-graph\">{\"@context\":\"https:\\\/\\\/schema.org\",\"@graph\":[{\"@type\":\"WebPage\",\"@id\":\"https:\\\/\\\/www.teagueins.com\\\/about\\\/why-independent-agency\\\/\",\"url\":\"https:\\\/\\\/www.teagueins.com\\\/about\\\/why-independent-agency\\\/\",\"name\":\"Why Choose an Independent Agency? - Teague Insurance\",\"isPartOf\":{\"@id\":\"https:\\\/\\\/www.teagueins.com\\\/#website\"},\"datePublished\":\"2018-03-23T05:31:46+00:00\",\"dateModified\":\"2019-07-18T22:11:35+00:00\",\"description\":\"As an independent insurance agency, Teague is dedicated to providing you attentive service, lower rates, and greater protection.\",\"breadcrumb\":{\"@id\":\"https:\\\/\\\/www.teagueins.com\\\/about\\\/why-independent-agency\\\/#breadcrumb\"},\"inLanguage\":\"es-MX\",\"potentialAction\":[{\"@type\":\"ReadAction\",\"target\":[\"https:\\\/\\\/www.teagueins.com\\\/about\\\/why-independent-agency\\\/\"]}]},{\"@type\":\"BreadcrumbList\",\"@id\":\"https:\\\/\\\/www.teagueins.com\\\/about\\\/why-independent-agency\\\/#breadcrumb\",\"itemListElement\":[{\"@type\":\"ListItem\",\"position\":1,\"name\":\"Home\",\"item\":\"https:\\\/\\\/www.teagueins.com\\\/\"},{\"@type\":\"ListItem\",\"position\":2,\"name\":\"About Us\",\"item\":\"https:\\\/\\\/www.teagueins.com\\\/about\\\/\"},{\"@type\":\"ListItem\",\"position\":3,\"name\":\"Why Choose an Independent Agency?\"}]},{\"@type\":\"WebSite\",\"@id\":\"https:\\\/\\\/www.teagueins.com\\\/#website\",\"url\":\"https:\\\/\\\/www.teagueins.com\\\/\",\"name\":\"Teague Insurance\",\"description\":\"San Diego\u2019s Trusted Insurance Source Since 1954\",\"publisher\":{\"@id\":\"https:\\\/\\\/www.teagueins.com\\\/#organization\"},\"potentialAction\":[{\"@type\":\"SearchAction\",\"target\":{\"@type\":\"EntryPoint\",\"urlTemplate\":\"https:\\\/\\\/www.teagueins.com\\\/?s={search_term_string}\"},\"query-input\":{\"@type\":\"PropertyValueSpecification\",\"valueRequired\":true,\"valueName\":\"search_term_string\"}}],\"inLanguage\":\"es-MX\"},{\"@type\":\"Organization\",\"@id\":\"https:\\\/\\\/www.teagueins.com\\\/#organization\",\"name\":\"Teague Insurance\",\"url\":\"https:\\\/\\\/www.teagueins.com\\\/\",\"logo\":{\"@type\":\"ImageObject\",\"inLanguage\":\"es-MX\",\"@id\":\"https:\\\/\\\/www.teagueins.com\\\/#\\\/schema\\\/logo\\\/image\\\/\",\"url\":\"https:\\\/\\\/www.teagueins.com\\\/wp-content\\\/uploads\\\/2019\\\/01\\\/Teague_Horizontal_Color.jpg\",\"contentUrl\":\"https:\\\/\\\/www.teagueins.com\\\/wp-content\\\/uploads\\\/2019\\\/01\\\/Teague_Horizontal_Color.jpg\",\"width\":2482,\"height\":937,\"caption\":\"Teague Insurance\"},\"image\":{\"@id\":\"https:\\\/\\\/www.teagueins.com\\\/#\\\/schema\\\/logo\\\/image\\\/\"},\"sameAs\":[\"https:\\\/\\\/www.facebook.com\\\/TeagueInsuranceAgencyInc\",\"https:\\\/\\\/x.com\\\/TeagueInsurance\",\"https:\\\/\\\/www.instagram.com\\\/teagueinsuranceagency\\\/\",\"https:\\\/\\\/www.linkedin.com\\\/company\\\/teague-insurance-agency-inc-\\\/?viewAsMember=true\"]}]}<\/script>\n<!-- \/ Yoast SEO Premium plugin. -->","yoast_head_json":{"title":"\u00bfPor qu\u00e9 elegir una agencia independiente? - Teague Insurance","description":"Como agencia de seguros independiente, Teague se dedica a brindarle un servicio atento, tarifas m\u00e1s bajas y mayor protecci\u00f3n.","robots":{"index":"index","follow":"follow","max-snippet":"max-snippet:-1","max-image-preview":"max-image-preview:large","max-video-preview":"max-video-preview:-1"},"canonical":"https:\/\/www.teagueins.com\/es\/about\/why-independent-agency\/","og_locale":"es_MX","og_type":"article","og_title":"Why Choose an Independent Agency?","og_description":"As an independent insurance agency, Teague is dedicated to providing you attentive service, lower rates, and greater protection.","og_url":"https:\/\/www.teagueins.com\/es\/about\/why-independent-agency\/","og_site_name":"Teague Insurance","article_publisher":"https:\/\/www.facebook.com\/TeagueInsuranceAgencyInc","article_modified_time":"2019-07-18T22:11:35+00:00","twitter_card":"summary_large_image","twitter_site":"@TeagueInsurance","twitter_misc":{"Tiempo de lectura":"1 minuto"},"schema":{"@context":"https:\/\/schema.org","@graph":[{"@type":"WebPage","@id":"https:\/\/www.teagueins.com\/about\/why-independent-agency\/","url":"https:\/\/www.teagueins.com\/about\/why-independent-agency\/","name":"\u00bfPor qu\u00e9 elegir una agencia independiente? - Teague Insurance","isPartOf":{"@id":"https:\/\/www.teagueins.com\/#website"},"datePublished":"2018-03-23T05:31:46+00:00","dateModified":"2019-07-18T22:11:35+00:00","description":"Como agencia de seguros independiente, Teague se dedica a brindarle un servicio atento, tarifas m\u00e1s bajas y mayor protecci\u00f3n.","breadcrumb":{"@id":"https:\/\/www.teagueins.com\/about\/why-independent-agency\/#breadcrumb"},"inLanguage":"es-MX","potentialAction":[{"@type":"ReadAction","target":["https:\/\/www.teagueins.com\/about\/why-independent-agency\/"]}]},{"@type":"BreadcrumbList","@id":"https:\/\/www.teagueins.com\/about\/why-independent-agency\/#breadcrumb","itemListElement":[{"@type":"ListItem","position":1,"name":"Home","item":"https:\/\/www.teagueins.com\/"},{"@type":"ListItem","position":2,"name":"About Us","item":"https:\/\/www.teagueins.com\/about\/"},{"@type":"ListItem","position":3,"name":"Why Choose an Independent Agency?"}]},{"@type":"WebSite","@id":"https:\/\/www.teagueins.com\/#website","url":"https:\/\/www.teagueins.com\/","name":"Seguro Teague","description":"Fuente confiable de seguros de San Diego desde 1954","publisher":{"@id":"https:\/\/www.teagueins.com\/#organization"},"potentialAction":[{"@type":"SearchAction","target":{"@type":"EntryPoint","urlTemplate":"https:\/\/www.teagueins.com\/?s={search_term_string}"},"query-input":{"@type":"PropertyValueSpecification","valueRequired":true,"valueName":"search_term_string"}}],"inLanguage":"es-MX"},{"@type":"Organization","@id":"https:\/\/www.teagueins.com\/#organization","name":"Seguro Teague","url":"https:\/\/www.teagueins.com\/","logo":{"@type":"ImageObject","inLanguage":"es-MX","@id":"https:\/\/www.teagueins.com\/#\/schema\/logo\/image\/","url":"https:\/\/www.teagueins.com\/wp-content\/uploads\/2019\/01\/Teague_Horizontal_Color.jpg","contentUrl":"https:\/\/www.teagueins.com\/wp-content\/uploads\/2019\/01\/Teague_Horizontal_Color.jpg","width":2482,"height":937,"caption":"Teague Insurance"},"image":{"@id":"https:\/\/www.teagueins.com\/#\/schema\/logo\/image\/"},"sameAs":["https:\/\/www.facebook.com\/TeagueInsuranceAgencyInc","https:\/\/x.com\/TeagueInsurance","https:\/\/www.instagram.com\/teagueinsuranceagency\/","https:\/\/www.linkedin.com\/company\/teague-insurance-agency-inc-\/?viewAsMember=true"]}]}},"_links":{"self":[{"href":"https:\/\/www.teagueins.com\/es\/wp-json\/wp\/v2\/pages\/160","targetHints":{"allow":["GET"]}}],"collection":[{"href":"https:\/\/www.teagueins.com\/es\/wp-json\/wp\/v2\/pages"}],"about":[{"href":"https:\/\/www.teagueins.com\/es\/wp-json\/wp\/v2\/types\/page"}],"author":[{"embeddable":true,"href":"https:\/\/www.teagueins.com\/es\/wp-json\/wp\/v2\/users\/1"}],"replies":[{"embeddable":true,"href":"https:\/\/www.teagueins.com\/es\/wp-json\/wp\/v2\/comments?post=160"}],"version-history":[{"count":0,"href":"https:\/\/www.teagueins.com\/es\/wp-json\/wp\/v2\/pages\/160\/revisions"}],"up":[{"embeddable":true,"href":"https:\/\/www.teagueins.com\/es\/wp-json\/wp\/v2\/pages\/30"}],"wp:attachment":[{"href":"https:\/\/www.teagueins.com\/es\/wp-json\/wp\/v2\/media?parent=160"}],"curies":[{"name":"gracias","href":"https:\/\/api.w.org\/{rel}","templated":true}]}}