{"id":16,"date":"2018-03-23T03:33:04","date_gmt":"2018-03-23T03:33:04","guid":{"rendered":"http:\/\/teagueins.wpengine.com\/?page_id=16"},"modified":"2026-04-27T22:42:47","modified_gmt":"2026-04-27T22:42:47","slug":"commercial-property-insurance","status":"publish","type":"page","link":"https:\/\/www.teagueins.com\/es\/business-insurance-la-mesa\/commercial-property-insurance\/","title":{"rendered":"Seguro de propiedad comercial"},"content":{"rendered":"<p>Uno de los tipos m\u00e1s comunes de seguros comerciales es el seguro de propiedad comercial, este brinda una gran cantidad de coberturas para edificios, inventario, equipo, herramienta y m\u00e1s. Normalmente cubre siniestros o perdidas por incendio, robo, vandalismo, viento y otros desastres naturales o desastres causados por humanos.<\/p>\n<p>Una p\u00f3liza de seguro de propiedad comercial b\u00e1sica puede ser todo lo que necesita su negocio, aunque los tipos de cobertura pueden variar entre las diferentes compa\u00f1\u00edas de seguros.<\/p>\n<h3>Acerca del seguro de propiedad comercial<\/h3>\n<h4>Seguro de Edificio<\/h4>\n<p>\u00bfTiene un edificio comercial? \u00bfSi es as\u00ed, Tiene suficiente cobertura para cubrir los costos de remplazo en caso de un siniestro?<\/p>\n<h4>Cobertura de propiedad personal comercial<\/h4>\n<p>El seguro de propiedad personal comercial cubre la propiedad en una ubicaci\u00f3n asegurada como muebles, accesorios, equipo, inventario, entre otras cosas. Tenga en cuenta que la mayor\u00eda de las p\u00f3lizas de propiedad comercial tienen una cobertura muy limitada para propiedad fuera de la ubicaci\u00f3n asegurada. Si tiene equipo que con frecuencia sale de la ubicaci\u00f3n asegurada es importante tener una p\u00f3liza de propiedad en tr\u00e1nsito comercial (Commercial Inland Marine).<\/p>\n<h4>Seguro de Interrrupcion de Negocios<\/h4>\n<p>Esta cobertura reembolsa al propietario de un negocio por perdida de ingresos durante el tiempo que el negocio este cerrado. Este cubre mientras se restauran las instalaciones afectadas debido a da\u00f1os causados por un evento como incendio. Este seguro tambi\u00e9n puede cubrir las p\u00e9rdidas de ingresos a causa de cierres por autoridad civil en caso de un desastre.<\/p>","protected":false},"excerpt":{"rendered":"<p>One of the most common types of business insurance is commercial property insurance, which provides a wide range of coverage for buildings, inventory, equipment, tools and more. Losses from fire, break-in, vandalism, wind, and other natural or manmade disasters are examples of what is typically covered. A basic commercial property insurance policy may be all [&hellip;]<\/p>\n","protected":false},"author":1,"featured_media":2094,"parent":52,"menu_order":3,"comment_status":"closed","ping_status":"closed","template":"tpl-single-service.php","meta":{"_acf_changed":true,"footnotes":"","_links_to":"","_links_to_target":""},"class_list":["post-16","page","type-page","status-publish","has-post-thumbnail","hentry"],"acf":[],"yoast_head":"<!-- This site is optimized with the Yoast SEO Premium plugin v21.2 (Yoast SEO v27.5) - https:\/\/yoast.com\/product\/yoast-seo-premium-wordpress\/ -->\n<title>Commercial Property Insurance - Teague Insurance<\/title>\n<meta name=\"description\" content=\"Commercial property insurance is a common type of business insurance. It provides a wide range of coverage for buildings, inventory, equipment, and tools.\" \/>\n<meta name=\"robots\" content=\"index, follow, max-snippet:-1, max-image-preview:large, max-video-preview:-1\" \/>\n<link rel=\"canonical\" href=\"https:\/\/www.teagueins.com\/es\/business-insurance-la-mesa\/commercial-property-insurance\/\" \/>\n<meta property=\"og:locale\" content=\"es_MX\" \/>\n<meta property=\"og:type\" content=\"article\" \/>\n<meta property=\"og:title\" content=\"Commercial Property Insurance\" \/>\n<meta property=\"og:description\" content=\"Commercial property insurance is a common type of business insurance. It provides a wide range of coverage for buildings, inventory, equipment, and tools.\" \/>\n<meta property=\"og:url\" content=\"https:\/\/www.teagueins.com\/es\/business-insurance-la-mesa\/commercial-property-insurance\/\" \/>\n<meta property=\"og:site_name\" content=\"Teague Insurance\" \/>\n<meta property=\"article:publisher\" content=\"https:\/\/www.facebook.com\/TeagueInsuranceAgencyInc\" \/>\n<meta property=\"article:modified_time\" content=\"2026-04-27T22:42:47+00:00\" \/>\n<meta property=\"og:image\" content=\"http:\/\/www.teagueins.com\/wp-content\/uploads\/2025\/03\/Teague_Commercial-Property.jpg\" \/>\n\t<meta property=\"og:image:width\" content=\"1920\" \/>\n\t<meta property=\"og:image:height\" content=\"800\" \/>\n\t<meta property=\"og:image:type\" content=\"image\/jpeg\" \/>\n<meta name=\"twitter:card\" content=\"summary_large_image\" \/>\n<meta name=\"twitter:site\" content=\"@TeagueInsurance\" \/>\n<meta name=\"twitter:label1\" content=\"Tiempo de lectura\" \/>\n\t<meta name=\"twitter:data1\" content=\"2 minutos\" \/>\n<script type=\"application\/ld+json\" class=\"yoast-schema-graph\">{\"@context\":\"https:\\\/\\\/schema.org\",\"@graph\":[{\"@type\":\"WebPage\",\"@id\":\"https:\\\/\\\/www.teagueins.com\\\/business-insurance-la-mesa\\\/commercial-property-insurance\\\/\",\"url\":\"https:\\\/\\\/www.teagueins.com\\\/business-insurance-la-mesa\\\/commercial-property-insurance\\\/\",\"name\":\"Commercial Property Insurance - Teague Insurance\",\"isPartOf\":{\"@id\":\"https:\\\/\\\/www.teagueins.com\\\/#website\"},\"primaryImageOfPage\":{\"@id\":\"https:\\\/\\\/www.teagueins.com\\\/business-insurance-la-mesa\\\/commercial-property-insurance\\\/#primaryimage\"},\"image\":{\"@id\":\"https:\\\/\\\/www.teagueins.com\\\/business-insurance-la-mesa\\\/commercial-property-insurance\\\/#primaryimage\"},\"thumbnailUrl\":\"https:\\\/\\\/www.teagueins.com\\\/wp-content\\\/uploads\\\/2025\\\/03\\\/Teague_Commercial-Property.jpg\",\"datePublished\":\"2018-03-23T03:33:04+00:00\",\"dateModified\":\"2026-04-27T22:42:47+00:00\",\"description\":\"Commercial property insurance is a common type of business insurance. It provides a wide range of coverage for buildings, inventory, equipment, and tools.\",\"breadcrumb\":{\"@id\":\"https:\\\/\\\/www.teagueins.com\\\/business-insurance-la-mesa\\\/commercial-property-insurance\\\/#breadcrumb\"},\"inLanguage\":\"es-MX\",\"potentialAction\":[{\"@type\":\"ReadAction\",\"target\":[\"https:\\\/\\\/www.teagueins.com\\\/business-insurance-la-mesa\\\/commercial-property-insurance\\\/\"]}]},{\"@type\":\"ImageObject\",\"inLanguage\":\"es-MX\",\"@id\":\"https:\\\/\\\/www.teagueins.com\\\/business-insurance-la-mesa\\\/commercial-property-insurance\\\/#primaryimage\",\"url\":\"https:\\\/\\\/www.teagueins.com\\\/wp-content\\\/uploads\\\/2025\\\/03\\\/Teague_Commercial-Property.jpg\",\"contentUrl\":\"https:\\\/\\\/www.teagueins.com\\\/wp-content\\\/uploads\\\/2025\\\/03\\\/Teague_Commercial-Property.jpg\",\"width\":1920,\"height\":800},{\"@type\":\"BreadcrumbList\",\"@id\":\"https:\\\/\\\/www.teagueins.com\\\/business-insurance-la-mesa\\\/commercial-property-insurance\\\/#breadcrumb\",\"itemListElement\":[{\"@type\":\"ListItem\",\"position\":1,\"name\":\"Home\",\"item\":\"https:\\\/\\\/www.teagueins.com\\\/\"},{\"@type\":\"ListItem\",\"position\":2,\"name\":\"Commercial Business Solutions\",\"item\":\"https:\\\/\\\/www.teagueins.com\\\/business-insurance-la-mesa\\\/\"},{\"@type\":\"ListItem\",\"position\":3,\"name\":\"Commercial Property Insurance\"}]},{\"@type\":\"WebSite\",\"@id\":\"https:\\\/\\\/www.teagueins.com\\\/#website\",\"url\":\"https:\\\/\\\/www.teagueins.com\\\/\",\"name\":\"Teague Insurance\",\"description\":\"San Diego\u2019s Trusted Insurance Source Since 1954\",\"publisher\":{\"@id\":\"https:\\\/\\\/www.teagueins.com\\\/#organization\"},\"potentialAction\":[{\"@type\":\"SearchAction\",\"target\":{\"@type\":\"EntryPoint\",\"urlTemplate\":\"https:\\\/\\\/www.teagueins.com\\\/?s={search_term_string}\"},\"query-input\":{\"@type\":\"PropertyValueSpecification\",\"valueRequired\":true,\"valueName\":\"search_term_string\"}}],\"inLanguage\":\"es-MX\"},{\"@type\":\"Organization\",\"@id\":\"https:\\\/\\\/www.teagueins.com\\\/#organization\",\"name\":\"Teague Insurance\",\"url\":\"https:\\\/\\\/www.teagueins.com\\\/\",\"logo\":{\"@type\":\"ImageObject\",\"inLanguage\":\"es-MX\",\"@id\":\"https:\\\/\\\/www.teagueins.com\\\/#\\\/schema\\\/logo\\\/image\\\/\",\"url\":\"https:\\\/\\\/www.teagueins.com\\\/wp-content\\\/uploads\\\/2019\\\/01\\\/Teague_Horizontal_Color.jpg\",\"contentUrl\":\"https:\\\/\\\/www.teagueins.com\\\/wp-content\\\/uploads\\\/2019\\\/01\\\/Teague_Horizontal_Color.jpg\",\"width\":2482,\"height\":937,\"caption\":\"Teague Insurance\"},\"image\":{\"@id\":\"https:\\\/\\\/www.teagueins.com\\\/#\\\/schema\\\/logo\\\/image\\\/\"},\"sameAs\":[\"https:\\\/\\\/www.facebook.com\\\/TeagueInsuranceAgencyInc\",\"https:\\\/\\\/x.com\\\/TeagueInsurance\",\"https:\\\/\\\/www.instagram.com\\\/teagueinsuranceagency\\\/\",\"https:\\\/\\\/www.linkedin.com\\\/company\\\/teague-insurance-agency-inc-\\\/?viewAsMember=true\"]}]}<\/script>\n<!-- \/ Yoast SEO Premium plugin. -->","yoast_head_json":{"title":"Seguro de propiedad comercial - Teague Insurance","description":"El seguro de propiedad comercial es un tipo com\u00fan de seguro empresarial. Ofrece una amplia cobertura para edificios, inventario, equipos y herramientas.","robots":{"index":"index","follow":"follow","max-snippet":"max-snippet:-1","max-image-preview":"max-image-preview:large","max-video-preview":"max-video-preview:-1"},"canonical":"https:\/\/www.teagueins.com\/es\/business-insurance-la-mesa\/commercial-property-insurance\/","og_locale":"es_MX","og_type":"article","og_title":"Commercial Property Insurance","og_description":"Commercial property insurance is a common type of business insurance. It provides a wide range of coverage for buildings, inventory, equipment, and tools.","og_url":"https:\/\/www.teagueins.com\/es\/business-insurance-la-mesa\/commercial-property-insurance\/","og_site_name":"Teague Insurance","article_publisher":"https:\/\/www.facebook.com\/TeagueInsuranceAgencyInc","article_modified_time":"2026-04-27T22:42:47+00:00","og_image":[{"width":1920,"height":800,"url":"http:\/\/www.teagueins.com\/wp-content\/uploads\/2025\/03\/Teague_Commercial-Property.jpg","type":"image\/jpeg"}],"twitter_card":"summary_large_image","twitter_site":"@TeagueInsurance","twitter_misc":{"Tiempo de lectura":"2 minutos"},"schema":{"@context":"https:\/\/schema.org","@graph":[{"@type":"WebPage","@id":"https:\/\/www.teagueins.com\/business-insurance-la-mesa\/commercial-property-insurance\/","url":"https:\/\/www.teagueins.com\/business-insurance-la-mesa\/commercial-property-insurance\/","name":"Seguro de propiedad comercial - Teague Insurance","isPartOf":{"@id":"https:\/\/www.teagueins.com\/#website"},"primaryImageOfPage":{"@id":"https:\/\/www.teagueins.com\/business-insurance-la-mesa\/commercial-property-insurance\/#primaryimage"},"image":{"@id":"https:\/\/www.teagueins.com\/business-insurance-la-mesa\/commercial-property-insurance\/#primaryimage"},"thumbnailUrl":"https:\/\/www.teagueins.com\/wp-content\/uploads\/2025\/03\/Teague_Commercial-Property.jpg","datePublished":"2018-03-23T03:33:04+00:00","dateModified":"2026-04-27T22:42:47+00:00","description":"El seguro de propiedad comercial es un tipo com\u00fan de seguro empresarial. Ofrece una amplia cobertura para edificios, inventario, equipos y herramientas.","breadcrumb":{"@id":"https:\/\/www.teagueins.com\/business-insurance-la-mesa\/commercial-property-insurance\/#breadcrumb"},"inLanguage":"es-MX","potentialAction":[{"@type":"ReadAction","target":["https:\/\/www.teagueins.com\/business-insurance-la-mesa\/commercial-property-insurance\/"]}]},{"@type":"ImageObject","inLanguage":"es-MX","@id":"https:\/\/www.teagueins.com\/business-insurance-la-mesa\/commercial-property-insurance\/#primaryimage","url":"https:\/\/www.teagueins.com\/wp-content\/uploads\/2025\/03\/Teague_Commercial-Property.jpg","contentUrl":"https:\/\/www.teagueins.com\/wp-content\/uploads\/2025\/03\/Teague_Commercial-Property.jpg","width":1920,"height":800},{"@type":"BreadcrumbList","@id":"https:\/\/www.teagueins.com\/business-insurance-la-mesa\/commercial-property-insurance\/#breadcrumb","itemListElement":[{"@type":"ListItem","position":1,"name":"Home","item":"https:\/\/www.teagueins.com\/"},{"@type":"ListItem","position":2,"name":"Commercial Business Solutions","item":"https:\/\/www.teagueins.com\/business-insurance-la-mesa\/"},{"@type":"ListItem","position":3,"name":"Commercial Property Insurance"}]},{"@type":"WebSite","@id":"https:\/\/www.teagueins.com\/#website","url":"https:\/\/www.teagueins.com\/","name":"Seguro Teague","description":"Fuente confiable de seguros de San Diego desde 1954","publisher":{"@id":"https:\/\/www.teagueins.com\/#organization"},"potentialAction":[{"@type":"SearchAction","target":{"@type":"EntryPoint","urlTemplate":"https:\/\/www.teagueins.com\/?s={search_term_string}"},"query-input":{"@type":"PropertyValueSpecification","valueRequired":true,"valueName":"search_term_string"}}],"inLanguage":"es-MX"},{"@type":"Organization","@id":"https:\/\/www.teagueins.com\/#organization","name":"Seguro Teague","url":"https:\/\/www.teagueins.com\/","logo":{"@type":"ImageObject","inLanguage":"es-MX","@id":"https:\/\/www.teagueins.com\/#\/schema\/logo\/image\/","url":"https:\/\/www.teagueins.com\/wp-content\/uploads\/2019\/01\/Teague_Horizontal_Color.jpg","contentUrl":"https:\/\/www.teagueins.com\/wp-content\/uploads\/2019\/01\/Teague_Horizontal_Color.jpg","width":2482,"height":937,"caption":"Teague Insurance"},"image":{"@id":"https:\/\/www.teagueins.com\/#\/schema\/logo\/image\/"},"sameAs":["https:\/\/www.facebook.com\/TeagueInsuranceAgencyInc","https:\/\/x.com\/TeagueInsurance","https:\/\/www.instagram.com\/teagueinsuranceagency\/","https:\/\/www.linkedin.com\/company\/teague-insurance-agency-inc-\/?viewAsMember=true"]}]}},"_links":{"self":[{"href":"https:\/\/www.teagueins.com\/es\/wp-json\/wp\/v2\/pages\/16","targetHints":{"allow":["GET"]}}],"collection":[{"href":"https:\/\/www.teagueins.com\/es\/wp-json\/wp\/v2\/pages"}],"about":[{"href":"https:\/\/www.teagueins.com\/es\/wp-json\/wp\/v2\/types\/page"}],"author":[{"embeddable":true,"href":"https:\/\/www.teagueins.com\/es\/wp-json\/wp\/v2\/users\/1"}],"replies":[{"embeddable":true,"href":"https:\/\/www.teagueins.com\/es\/wp-json\/wp\/v2\/comments?post=16"}],"version-history":[{"count":0,"href":"https:\/\/www.teagueins.com\/es\/wp-json\/wp\/v2\/pages\/16\/revisions"}],"up":[{"embeddable":true,"href":"https:\/\/www.teagueins.com\/es\/wp-json\/wp\/v2\/pages\/52"}],"wp:featuredmedia":[{"embeddable":true,"href":"https:\/\/www.teagueins.com\/es\/wp-json\/wp\/v2\/media\/2094"}],"wp:attachment":[{"href":"https:\/\/www.teagueins.com\/es\/wp-json\/wp\/v2\/media?parent=16"}],"curies":[{"name":"gracias","href":"https:\/\/api.w.org\/{rel}","templated":true}]}}