{"id":1561,"date":"2021-12-01T04:34:36","date_gmt":"2021-12-01T04:34:36","guid":{"rendered":"https:\/\/teague.local\/?page_id=1561"},"modified":"2022-01-08T22:17:41","modified_gmt":"2022-01-08T22:17:41","slug":"cannabis-do-insurance-coverage","status":"publish","type":"page","link":"https:\/\/www.teagueins.com\/es\/business-insurance-la-mesa\/cannabis-business-insurance\/cannabis-do-insurance-coverage\/","title":{"rendered":"Cobertura de seguro de cannabis D&amp;O"},"content":{"rendered":"<p>La industria del cannabis est\u00e1 creciendo como la maleza ... \u00a1sin juego de palabras! Con la rapidez con la que prospera la industria del cannabis y la rapidez con que cambian las regulaciones, las empresas de cannabis y sus directores y funcionarios (D&amp;O) pueden estar expuestos a demandas debido a la mala gesti\u00f3n de las operaciones comerciales.<\/p>\n\n\n\n<p>Debido a estas exposiciones a posibles demandas, es importante proteger a los miembros de la junta, directores y funcionarios con una p\u00f3liza de seguro de Cannabis D&amp;O. A continuaci\u00f3n, analizaremos m\u00e1s a fondo qu\u00e9 cubre el seguro D&amp;O, a qui\u00e9n protege y por qu\u00e9 lo necesita para su negocio de cannabis.<br><\/p>\n\n\n\n<h3 class=\"wp-block-heading\" id=\"h-who-does-cannabis-d-o-insurance-protect\">\u00bfA qui\u00e9n protege el seguro D&amp;O de cannabis?<\/h3>\n\n\n\n<p>El seguro D&amp;O tiene tres coberturas principales:<br><strong>A<\/strong> - Brinda protecci\u00f3n a los bienes personales pertenecientes a los directores, funcionarios y sus c\u00f3nyuges.<br><strong>B<\/strong> - Brinda protecci\u00f3n a la empresa para indemnizar a directores y funcionarios<br><strong>C<\/strong> - Proporciona cobertura para el propio negocio del cannabis.<\/p>\n\n\n\n<h3 class=\"wp-block-heading\">\u00bfPor qu\u00e9 deber\u00eda tener una p\u00f3liza de seguro de cannabis D&amp;O?<\/h3>\n\n\n\n<ul class=\"wp-block-list\"><li>Protege los activos personales de directores, funcionarios y c\u00f3nyuges<\/li><li>Proporciona costos de litigio y recursos para defender las acusaciones de reclamaciones de D&amp;O<\/li><li>Esta cobertura de seguro ayudar\u00e1 a atraer nuevos inversores, prestamistas, proveedores y miembros de la junta.<\/li><\/ul>\n\n\n\n<p>En conclusi\u00f3n, los directores y funcionarios de los negocios de cannabis pueden ser considerados responsables de las acciones y decisiones que se tomen en la gesti\u00f3n de la empresa. Es importante contar con una p\u00f3liza de seguro de D&amp;O para proteger los activos personales de D&amp;O, el negocio de las demandas y los costos para defenderse de estas quejas. Es igualmente importante saber que el seguro D&amp;O no es solo para empresas que cotizan en bolsa, sino que puede ser un recurso \u00fatil para empresas privadas que buscan atraer inversores, prestamistas, proveedores y nuevos miembros de la junta.<\/p>\n\n\n\n<p>Para obtener m\u00e1s informaci\u00f3n sobre c\u00f3mo el seguro D&amp;O puede brindar protecci\u00f3n para su negocio de cannabis, no dude en ponerse en contacto conmigo o con mi equipo y estaremos encantados de ayudarle.<\/p>\n\n\n\n<div style=\"height:30px\" aria-hidden=\"true\" class=\"wp-block-spacer\"><\/div>\n\n\n\n<hr class=\"wp-block-separator is-style-wide\"\/>\n\n\n\n<div style=\"height:30px\" aria-hidden=\"true\" class=\"wp-block-spacer\"><\/div>\n\n\n\n<h4 class=\"wp-block-heading\" id=\"h-contact-us-for-more-info\">Cont\u00e1ctenos para mas informaci\u00f3n<\/h4>\n\n\n\n<p><strong>Byron Johnston<br><\/strong>619.668.2361<br><a href=\"mailto:bjohnston@teagueins.com\">bjohnston@teagueins.com<\/a><\/p>","protected":false},"excerpt":{"rendered":"<p>The cannabis industry is growing like weeds\u2026 no pun intended! With how fast the cannabis industry is thriving and how quickly regulations are changing, cannabis businesses and their directors and officers (D&amp;O) can be exposed to lawsuits due to mismanagement of business operations. Because of these exposures to potential lawsuits, it\u2019s important to protect board [&hellip;]<\/p>\n","protected":false},"author":1,"featured_media":1569,"parent":1484,"menu_order":0,"comment_status":"closed","ping_status":"closed","template":"tpl-single-service.php","meta":{"_acf_changed":false,"footnotes":"","_links_to":"","_links_to_target":""},"class_list":["post-1561","page","type-page","status-publish","has-post-thumbnail","hentry"],"acf":[],"yoast_head":"<!-- This site is optimized with the Yoast SEO Premium plugin v21.2 (Yoast SEO v27.4) - https:\/\/yoast.com\/product\/yoast-seo-premium-wordpress\/ -->\n<title>Cannabis D&amp;O Insurance Coverage - Teague Insurance<\/title>\n<meta name=\"robots\" content=\"index, follow, max-snippet:-1, max-image-preview:large, max-video-preview:-1\" \/>\n<link rel=\"canonical\" href=\"https:\/\/www.teagueins.com\/es\/business-insurance-la-mesa\/cannabis-business-insurance\/cannabis-do-insurance-coverage\/\" \/>\n<meta property=\"og:locale\" content=\"es_MX\" \/>\n<meta property=\"og:type\" content=\"article\" \/>\n<meta property=\"og:title\" content=\"Cannabis D&amp;O Insurance Coverage\" \/>\n<meta property=\"og:description\" content=\"The cannabis industry is growing like weeds\u2026 no pun intended! With how fast the cannabis industry is thriving and how quickly regulations are changing, cannabis businesses and their directors and officers (D&amp;O) can be exposed to lawsuits due to mismanagement of business operations. Because of these exposures to potential lawsuits, it\u2019s important to protect board [&hellip;]\" \/>\n<meta property=\"og:url\" content=\"https:\/\/www.teagueins.com\/es\/business-insurance-la-mesa\/cannabis-business-insurance\/cannabis-do-insurance-coverage\/\" \/>\n<meta property=\"og:site_name\" content=\"Teague Insurance\" \/>\n<meta property=\"article:publisher\" content=\"https:\/\/www.facebook.com\/TeagueInsuranceAgencyInc\" \/>\n<meta property=\"article:modified_time\" content=\"2022-01-08T22:17:41+00:00\" \/>\n<meta property=\"og:image\" content=\"http:\/\/www.teagueins.com\/wp-content\/uploads\/2021\/12\/bus_CannabisDO.jpg\" \/>\n\t<meta property=\"og:image:width\" content=\"800\" \/>\n\t<meta property=\"og:image:height\" content=\"400\" \/>\n\t<meta property=\"og:image:type\" content=\"image\/jpeg\" \/>\n<meta name=\"twitter:card\" content=\"summary_large_image\" \/>\n<meta name=\"twitter:site\" content=\"@TeagueInsurance\" \/>\n<meta name=\"twitter:label1\" content=\"Tiempo de lectura\" \/>\n\t<meta name=\"twitter:data1\" content=\"2 minutos\" \/>\n<script type=\"application\/ld+json\" class=\"yoast-schema-graph\">{\"@context\":\"https:\\\/\\\/schema.org\",\"@graph\":[{\"@type\":\"WebPage\",\"@id\":\"https:\\\/\\\/www.teagueins.com\\\/business-insurance-la-mesa\\\/cannabis-business-insurance\\\/cannabis-do-insurance-coverage\\\/\",\"url\":\"https:\\\/\\\/www.teagueins.com\\\/business-insurance-la-mesa\\\/cannabis-business-insurance\\\/cannabis-do-insurance-coverage\\\/\",\"name\":\"Cannabis D&O Insurance Coverage - Teague Insurance\",\"isPartOf\":{\"@id\":\"https:\\\/\\\/www.teagueins.com\\\/#website\"},\"primaryImageOfPage\":{\"@id\":\"https:\\\/\\\/www.teagueins.com\\\/business-insurance-la-mesa\\\/cannabis-business-insurance\\\/cannabis-do-insurance-coverage\\\/#primaryimage\"},\"image\":{\"@id\":\"https:\\\/\\\/www.teagueins.com\\\/business-insurance-la-mesa\\\/cannabis-business-insurance\\\/cannabis-do-insurance-coverage\\\/#primaryimage\"},\"thumbnailUrl\":\"https:\\\/\\\/www.teagueins.com\\\/wp-content\\\/uploads\\\/2021\\\/12\\\/bus_CannabisDO.jpg\",\"datePublished\":\"2021-12-01T04:34:36+00:00\",\"dateModified\":\"2022-01-08T22:17:41+00:00\",\"breadcrumb\":{\"@id\":\"https:\\\/\\\/www.teagueins.com\\\/business-insurance-la-mesa\\\/cannabis-business-insurance\\\/cannabis-do-insurance-coverage\\\/#breadcrumb\"},\"inLanguage\":\"es-MX\",\"potentialAction\":[{\"@type\":\"ReadAction\",\"target\":[\"https:\\\/\\\/www.teagueins.com\\\/business-insurance-la-mesa\\\/cannabis-business-insurance\\\/cannabis-do-insurance-coverage\\\/\"]}]},{\"@type\":\"ImageObject\",\"inLanguage\":\"es-MX\",\"@id\":\"https:\\\/\\\/www.teagueins.com\\\/business-insurance-la-mesa\\\/cannabis-business-insurance\\\/cannabis-do-insurance-coverage\\\/#primaryimage\",\"url\":\"https:\\\/\\\/www.teagueins.com\\\/wp-content\\\/uploads\\\/2021\\\/12\\\/bus_CannabisDO.jpg\",\"contentUrl\":\"https:\\\/\\\/www.teagueins.com\\\/wp-content\\\/uploads\\\/2021\\\/12\\\/bus_CannabisDO.jpg\",\"width\":800,\"height\":400},{\"@type\":\"BreadcrumbList\",\"@id\":\"https:\\\/\\\/www.teagueins.com\\\/business-insurance-la-mesa\\\/cannabis-business-insurance\\\/cannabis-do-insurance-coverage\\\/#breadcrumb\",\"itemListElement\":[{\"@type\":\"ListItem\",\"position\":1,\"name\":\"Home\",\"item\":\"https:\\\/\\\/www.teagueins.com\\\/\"},{\"@type\":\"ListItem\",\"position\":2,\"name\":\"Commercial Business Solutions\",\"item\":\"https:\\\/\\\/www.teagueins.com\\\/business-insurance-la-mesa\\\/\"},{\"@type\":\"ListItem\",\"position\":3,\"name\":\"Cannabis Business Insurance\",\"item\":\"https:\\\/\\\/www.teagueins.com\\\/business-insurance-la-mesa\\\/cannabis-business-insurance\\\/\"},{\"@type\":\"ListItem\",\"position\":4,\"name\":\"Cannabis D&#038;O Insurance Coverage\"}]},{\"@type\":\"WebSite\",\"@id\":\"https:\\\/\\\/www.teagueins.com\\\/#website\",\"url\":\"https:\\\/\\\/www.teagueins.com\\\/\",\"name\":\"Teague Insurance\",\"description\":\"San Diego\u2019s Trusted Insurance Source Since 1954\",\"publisher\":{\"@id\":\"https:\\\/\\\/www.teagueins.com\\\/#organization\"},\"potentialAction\":[{\"@type\":\"SearchAction\",\"target\":{\"@type\":\"EntryPoint\",\"urlTemplate\":\"https:\\\/\\\/www.teagueins.com\\\/?s={search_term_string}\"},\"query-input\":{\"@type\":\"PropertyValueSpecification\",\"valueRequired\":true,\"valueName\":\"search_term_string\"}}],\"inLanguage\":\"es-MX\"},{\"@type\":\"Organization\",\"@id\":\"https:\\\/\\\/www.teagueins.com\\\/#organization\",\"name\":\"Teague Insurance\",\"url\":\"https:\\\/\\\/www.teagueins.com\\\/\",\"logo\":{\"@type\":\"ImageObject\",\"inLanguage\":\"es-MX\",\"@id\":\"https:\\\/\\\/www.teagueins.com\\\/#\\\/schema\\\/logo\\\/image\\\/\",\"url\":\"https:\\\/\\\/www.teagueins.com\\\/wp-content\\\/uploads\\\/2019\\\/01\\\/Teague_Horizontal_Color.jpg\",\"contentUrl\":\"https:\\\/\\\/www.teagueins.com\\\/wp-content\\\/uploads\\\/2019\\\/01\\\/Teague_Horizontal_Color.jpg\",\"width\":2482,\"height\":937,\"caption\":\"Teague Insurance\"},\"image\":{\"@id\":\"https:\\\/\\\/www.teagueins.com\\\/#\\\/schema\\\/logo\\\/image\\\/\"},\"sameAs\":[\"https:\\\/\\\/www.facebook.com\\\/TeagueInsuranceAgencyInc\",\"https:\\\/\\\/x.com\\\/TeagueInsurance\",\"https:\\\/\\\/www.instagram.com\\\/teagueinsuranceagency\\\/\",\"https:\\\/\\\/www.linkedin.com\\\/company\\\/teague-insurance-agency-inc-\\\/?viewAsMember=true\"]}]}<\/script>\n<!-- \/ Yoast SEO Premium plugin. -->","yoast_head_json":{"title":"Cobertura de seguro D&amp;O para cannabis - Teague Insurance","robots":{"index":"index","follow":"follow","max-snippet":"max-snippet:-1","max-image-preview":"max-image-preview:large","max-video-preview":"max-video-preview:-1"},"canonical":"https:\/\/www.teagueins.com\/es\/business-insurance-la-mesa\/cannabis-business-insurance\/cannabis-do-insurance-coverage\/","og_locale":"es_MX","og_type":"article","og_title":"Cannabis D&O Insurance Coverage","og_description":"The cannabis industry is growing like weeds\u2026 no pun intended! With how fast the cannabis industry is thriving and how quickly regulations are changing, cannabis businesses and their directors and officers (D&amp;O) can be exposed to lawsuits due to mismanagement of business operations. Because of these exposures to potential lawsuits, it\u2019s important to protect board [&hellip;]","og_url":"https:\/\/www.teagueins.com\/es\/business-insurance-la-mesa\/cannabis-business-insurance\/cannabis-do-insurance-coverage\/","og_site_name":"Teague Insurance","article_publisher":"https:\/\/www.facebook.com\/TeagueInsuranceAgencyInc","article_modified_time":"2022-01-08T22:17:41+00:00","og_image":[{"width":800,"height":400,"url":"http:\/\/www.teagueins.com\/wp-content\/uploads\/2021\/12\/bus_CannabisDO.jpg","type":"image\/jpeg"}],"twitter_card":"summary_large_image","twitter_site":"@TeagueInsurance","twitter_misc":{"Tiempo de lectura":"2 minutos"},"schema":{"@context":"https:\/\/schema.org","@graph":[{"@type":"WebPage","@id":"https:\/\/www.teagueins.com\/business-insurance-la-mesa\/cannabis-business-insurance\/cannabis-do-insurance-coverage\/","url":"https:\/\/www.teagueins.com\/business-insurance-la-mesa\/cannabis-business-insurance\/cannabis-do-insurance-coverage\/","name":"Cobertura de seguro D&amp;O para cannabis - Teague Insurance","isPartOf":{"@id":"https:\/\/www.teagueins.com\/#website"},"primaryImageOfPage":{"@id":"https:\/\/www.teagueins.com\/business-insurance-la-mesa\/cannabis-business-insurance\/cannabis-do-insurance-coverage\/#primaryimage"},"image":{"@id":"https:\/\/www.teagueins.com\/business-insurance-la-mesa\/cannabis-business-insurance\/cannabis-do-insurance-coverage\/#primaryimage"},"thumbnailUrl":"https:\/\/www.teagueins.com\/wp-content\/uploads\/2021\/12\/bus_CannabisDO.jpg","datePublished":"2021-12-01T04:34:36+00:00","dateModified":"2022-01-08T22:17:41+00:00","breadcrumb":{"@id":"https:\/\/www.teagueins.com\/business-insurance-la-mesa\/cannabis-business-insurance\/cannabis-do-insurance-coverage\/#breadcrumb"},"inLanguage":"es-MX","potentialAction":[{"@type":"ReadAction","target":["https:\/\/www.teagueins.com\/business-insurance-la-mesa\/cannabis-business-insurance\/cannabis-do-insurance-coverage\/"]}]},{"@type":"ImageObject","inLanguage":"es-MX","@id":"https:\/\/www.teagueins.com\/business-insurance-la-mesa\/cannabis-business-insurance\/cannabis-do-insurance-coverage\/#primaryimage","url":"https:\/\/www.teagueins.com\/wp-content\/uploads\/2021\/12\/bus_CannabisDO.jpg","contentUrl":"https:\/\/www.teagueins.com\/wp-content\/uploads\/2021\/12\/bus_CannabisDO.jpg","width":800,"height":400},{"@type":"BreadcrumbList","@id":"https:\/\/www.teagueins.com\/business-insurance-la-mesa\/cannabis-business-insurance\/cannabis-do-insurance-coverage\/#breadcrumb","itemListElement":[{"@type":"ListItem","position":1,"name":"Home","item":"https:\/\/www.teagueins.com\/"},{"@type":"ListItem","position":2,"name":"Commercial Business Solutions","item":"https:\/\/www.teagueins.com\/business-insurance-la-mesa\/"},{"@type":"ListItem","position":3,"name":"Cannabis Business Insurance","item":"https:\/\/www.teagueins.com\/business-insurance-la-mesa\/cannabis-business-insurance\/"},{"@type":"ListItem","position":4,"name":"Cannabis D&#038;O Insurance Coverage"}]},{"@type":"WebSite","@id":"https:\/\/www.teagueins.com\/#website","url":"https:\/\/www.teagueins.com\/","name":"Seguro Teague","description":"Fuente confiable de seguros de San Diego desde 1954","publisher":{"@id":"https:\/\/www.teagueins.com\/#organization"},"potentialAction":[{"@type":"SearchAction","target":{"@type":"EntryPoint","urlTemplate":"https:\/\/www.teagueins.com\/?s={search_term_string}"},"query-input":{"@type":"PropertyValueSpecification","valueRequired":true,"valueName":"search_term_string"}}],"inLanguage":"es-MX"},{"@type":"Organization","@id":"https:\/\/www.teagueins.com\/#organization","name":"Seguro Teague","url":"https:\/\/www.teagueins.com\/","logo":{"@type":"ImageObject","inLanguage":"es-MX","@id":"https:\/\/www.teagueins.com\/#\/schema\/logo\/image\/","url":"https:\/\/www.teagueins.com\/wp-content\/uploads\/2019\/01\/Teague_Horizontal_Color.jpg","contentUrl":"https:\/\/www.teagueins.com\/wp-content\/uploads\/2019\/01\/Teague_Horizontal_Color.jpg","width":2482,"height":937,"caption":"Teague Insurance"},"image":{"@id":"https:\/\/www.teagueins.com\/#\/schema\/logo\/image\/"},"sameAs":["https:\/\/www.facebook.com\/TeagueInsuranceAgencyInc","https:\/\/x.com\/TeagueInsurance","https:\/\/www.instagram.com\/teagueinsuranceagency\/","https:\/\/www.linkedin.com\/company\/teague-insurance-agency-inc-\/?viewAsMember=true"]}]}},"_links":{"self":[{"href":"https:\/\/www.teagueins.com\/es\/wp-json\/wp\/v2\/pages\/1561","targetHints":{"allow":["GET"]}}],"collection":[{"href":"https:\/\/www.teagueins.com\/es\/wp-json\/wp\/v2\/pages"}],"about":[{"href":"https:\/\/www.teagueins.com\/es\/wp-json\/wp\/v2\/types\/page"}],"author":[{"embeddable":true,"href":"https:\/\/www.teagueins.com\/es\/wp-json\/wp\/v2\/users\/1"}],"replies":[{"embeddable":true,"href":"https:\/\/www.teagueins.com\/es\/wp-json\/wp\/v2\/comments?post=1561"}],"version-history":[{"count":0,"href":"https:\/\/www.teagueins.com\/es\/wp-json\/wp\/v2\/pages\/1561\/revisions"}],"up":[{"embeddable":true,"href":"https:\/\/www.teagueins.com\/es\/wp-json\/wp\/v2\/pages\/1484"}],"wp:featuredmedia":[{"embeddable":true,"href":"https:\/\/www.teagueins.com\/es\/wp-json\/wp\/v2\/media\/1569"}],"wp:attachment":[{"href":"https:\/\/www.teagueins.com\/es\/wp-json\/wp\/v2\/media?parent=1561"}],"curies":[{"name":"gracias","href":"https:\/\/api.w.org\/{rel}","templated":true}]}}