{"id":1545,"date":"2021-11-06T23:15:14","date_gmt":"2021-11-06T23:15:14","guid":{"rendered":"https:\/\/teague.local\/?page_id=1545"},"modified":"2026-04-27T22:43:46","modified_gmt":"2026-04-27T22:43:46","slug":"trucking-insurance","status":"publish","type":"page","link":"https:\/\/www.teagueins.com\/es\/business-insurance-la-mesa\/trucking-insurance\/","title":{"rendered":"Seguro de camiones"},"content":{"rendered":"<p>Somos defensores de la industria del transporte por carretera. Respaldamos a nuestros clientes mientras crecen y nos aseguramos de que reciban un trato justo durante el proceso de reclamos. Si bien el precio es importante, nuestra prioridad es revisar sus contratos para mantenerlo en funcionamiento.<\/p>\n\n\n\n<h3 class=\"wp-block-heading\" id=\"h-trucking-businesses-we-support\"><strong>Empresas de camiones que apoyamos:<\/strong><\/h3>\n\n\n\n<ul class=\"wp-block-list\">\n<li><a href=\"https:\/\/www.teagueins.com\/es\/business-insurance-la-mesa\/amazon-relay\/\">Amazon Relay<\/a><\/li>\n\n\n\n<li><a href=\"https:\/\/www.teagueins.com\/es\/business-insurance-la-mesa\/uber-freight\/\">Carga Uber<\/a><\/li>\n\n\n\n<li><a href=\"https:\/\/www.teagueins.com\/es\/convoy\/\">Convoy<\/a><\/li>\n\n\n\n<li><a href=\"https:\/\/www.teagueins.com\/es\/coyote\/\">Coyote<\/a><\/li>\n\n\n\n<li><a href=\"https:\/\/www.teagueins.com\/es\/dat\/\">Carga DAT<\/a><\/li>\n<\/ul>\n\n\n\n<h3 class=\"wp-block-heading\"><strong>Coberturas de camiones que proporcionamos:<\/strong><\/h3>\n\n\n\n<ul class=\"wp-block-list\">\n<li>Responsabilidad de Auto<\/li>\n\n\n\n<li>Carga<\/li>\n\n\n\n<li>Responsabilidad general<\/li>\n\n\n\n<li>Sombrilla<\/li>\n\n\n\n<li>Compensaci\u00f3n de trabajadores<\/li>\n\n\n\n<li>Responsabilidad por contaminaci\u00f3n<\/li>\n<\/ul>\n\n\n\n<h3 class=\"wp-block-heading\"><strong>Endosos solicitados com\u00fanmente:<\/strong><\/h3>\n\n\n\n<ul class=\"wp-block-list\">\n<li>Intercambio de remolques<\/li>\n\n\n\n<li>Desglose de reefer<\/li>\n\n\n\n<li>Hazmat<\/li>\n\n\n\n<li>Transportistas de coches<\/li>\n\n\n\n<li>UIIA<\/li>\n\n\n\n<li>Pasajeros<\/li>\n\n\n\n<li>Art\u00edculos de uso dom\u00e9stico<\/li>\n\n\n\n<li>Presentaciones federales (autoridad MC) \/ estatales<\/li>\n\n\n\n<li>Transporte pesado<\/li>\n<\/ul>\n\n\n\n<h3 class=\"wp-block-heading\"><strong>En qu\u00e9 somos diferentes:<\/strong><\/h3>\n\n\n\n<ul class=\"wp-block-list\">\n<li>Equipo local dedicado para respaldar las necesidades de seguros de las empresas de transporte por carretera<\/li>\n\n\n\n<li>Analista interno de reclamos de compensaci\u00f3n de trabajadores para mitigar riesgos y manejar reclamos abiertos<\/li>\n\n\n\n<li>Plataforma de gesti\u00f3n de riesgos en l\u00ednea que proporciona una variedad de recursos a los clientes.<\/li>\n\n\n\n<li>Seminarios sobre derecho laboral para educar a nuestros clientes sobre los pr\u00f3ximos cambios y las mejores pr\u00e1cticas.<\/li>\n<\/ul>\n\n\n\n<div style=\"height:30px\" aria-hidden=\"true\" class=\"wp-block-spacer\"><\/div>\n\n\n\n<hr class=\"wp-block-separator has-css-opacity is-style-wide\"\/>\n\n\n\n<div style=\"height:30px\" aria-hidden=\"true\" class=\"wp-block-spacer\"><\/div>\n\n\n\n<h4 class=\"wp-block-heading\" id=\"h-contact-us-for-more-information\">Cont\u00e1ctenos para m\u00e1s informaci\u00f3n<\/h4>\n\n\n\n<p><strong>Craig S. Klareich, CAWC<\/strong><br>Licencia #0C12305<\/p>\n\n\n\n<p>Directo 619.668.2365<br><a href=\"mailto:cklareich@teagueins.com\">cklareich@teagueins.com<\/a><\/p>\n\n\n\n<p><\/p>","protected":false},"excerpt":{"rendered":"<p>We are advocates for the trucking industry. We stand behind our clients while they grow and ensure they receive fair treatment during the claims process. While price is important, reviewing your contracts to keep you running loads is our priority. Trucking Businesses We Support: Trucking Coverages We Provide: Commonly Requested Endorsements: How We Are Different: [&hellip;]<\/p>\n","protected":false},"author":1,"featured_media":2097,"parent":52,"menu_order":9,"comment_status":"closed","ping_status":"closed","template":"tpl-single-service.php","meta":{"_acf_changed":true,"footnotes":"","_links_to":"","_links_to_target":""},"class_list":["post-1545","page","type-page","status-publish","has-post-thumbnail","hentry"],"acf":[],"yoast_head":"<!-- This site is optimized with the Yoast SEO Premium plugin v21.2 (Yoast SEO v27.5) - https:\/\/yoast.com\/product\/yoast-seo-premium-wordpress\/ -->\n<title>Trucking Insurance - Teague Insurance<\/title>\n<meta name=\"robots\" content=\"index, follow, max-snippet:-1, max-image-preview:large, max-video-preview:-1\" \/>\n<link rel=\"canonical\" href=\"https:\/\/www.teagueins.com\/es\/business-insurance-la-mesa\/trucking-insurance\/\" \/>\n<meta property=\"og:locale\" content=\"es_MX\" \/>\n<meta property=\"og:type\" content=\"article\" \/>\n<meta property=\"og:title\" content=\"Trucking Insurance\" \/>\n<meta property=\"og:description\" content=\"We are advocates for the trucking industry. We stand behind our clients while they grow and ensure they receive fair treatment during the claims process. While price is important, reviewing your contracts to keep you running loads is our priority. Trucking Businesses We Support: Trucking Coverages We Provide: Commonly Requested Endorsements: How We Are Different: [&hellip;]\" \/>\n<meta property=\"og:url\" content=\"https:\/\/www.teagueins.com\/es\/business-insurance-la-mesa\/trucking-insurance\/\" \/>\n<meta property=\"og:site_name\" content=\"Teague Insurance\" \/>\n<meta property=\"article:publisher\" content=\"https:\/\/www.facebook.com\/TeagueInsuranceAgencyInc\" \/>\n<meta property=\"article:modified_time\" content=\"2026-04-27T22:43:46+00:00\" \/>\n<meta property=\"og:image\" content=\"http:\/\/www.teagueins.com\/wp-content\/uploads\/2025\/03\/Teague_Trucking.jpg\" \/>\n\t<meta property=\"og:image:width\" content=\"1920\" \/>\n\t<meta property=\"og:image:height\" content=\"800\" \/>\n\t<meta property=\"og:image:type\" content=\"image\/jpeg\" \/>\n<meta name=\"twitter:card\" content=\"summary_large_image\" \/>\n<meta name=\"twitter:site\" content=\"@TeagueInsurance\" \/>\n<meta name=\"twitter:label1\" content=\"Tiempo de lectura\" \/>\n\t<meta name=\"twitter:data1\" content=\"1 minuto\" \/>\n<script type=\"application\/ld+json\" class=\"yoast-schema-graph\">{\"@context\":\"https:\\\/\\\/schema.org\",\"@graph\":[{\"@type\":\"WebPage\",\"@id\":\"https:\\\/\\\/www.teagueins.com\\\/business-insurance-la-mesa\\\/trucking-insurance\\\/\",\"url\":\"https:\\\/\\\/www.teagueins.com\\\/business-insurance-la-mesa\\\/trucking-insurance\\\/\",\"name\":\"Trucking Insurance - Teague Insurance\",\"isPartOf\":{\"@id\":\"https:\\\/\\\/www.teagueins.com\\\/#website\"},\"primaryImageOfPage\":{\"@id\":\"https:\\\/\\\/www.teagueins.com\\\/business-insurance-la-mesa\\\/trucking-insurance\\\/#primaryimage\"},\"image\":{\"@id\":\"https:\\\/\\\/www.teagueins.com\\\/business-insurance-la-mesa\\\/trucking-insurance\\\/#primaryimage\"},\"thumbnailUrl\":\"https:\\\/\\\/www.teagueins.com\\\/wp-content\\\/uploads\\\/2025\\\/03\\\/Teague_Trucking.jpg\",\"datePublished\":\"2021-11-06T23:15:14+00:00\",\"dateModified\":\"2026-04-27T22:43:46+00:00\",\"breadcrumb\":{\"@id\":\"https:\\\/\\\/www.teagueins.com\\\/business-insurance-la-mesa\\\/trucking-insurance\\\/#breadcrumb\"},\"inLanguage\":\"es-MX\",\"potentialAction\":[{\"@type\":\"ReadAction\",\"target\":[\"https:\\\/\\\/www.teagueins.com\\\/business-insurance-la-mesa\\\/trucking-insurance\\\/\"]}]},{\"@type\":\"ImageObject\",\"inLanguage\":\"es-MX\",\"@id\":\"https:\\\/\\\/www.teagueins.com\\\/business-insurance-la-mesa\\\/trucking-insurance\\\/#primaryimage\",\"url\":\"https:\\\/\\\/www.teagueins.com\\\/wp-content\\\/uploads\\\/2025\\\/03\\\/Teague_Trucking.jpg\",\"contentUrl\":\"https:\\\/\\\/www.teagueins.com\\\/wp-content\\\/uploads\\\/2025\\\/03\\\/Teague_Trucking.jpg\",\"width\":1920,\"height\":800},{\"@type\":\"BreadcrumbList\",\"@id\":\"https:\\\/\\\/www.teagueins.com\\\/business-insurance-la-mesa\\\/trucking-insurance\\\/#breadcrumb\",\"itemListElement\":[{\"@type\":\"ListItem\",\"position\":1,\"name\":\"Home\",\"item\":\"https:\\\/\\\/www.teagueins.com\\\/\"},{\"@type\":\"ListItem\",\"position\":2,\"name\":\"Commercial Business Solutions\",\"item\":\"https:\\\/\\\/www.teagueins.com\\\/business-insurance-la-mesa\\\/\"},{\"@type\":\"ListItem\",\"position\":3,\"name\":\"Trucking Insurance\"}]},{\"@type\":\"WebSite\",\"@id\":\"https:\\\/\\\/www.teagueins.com\\\/#website\",\"url\":\"https:\\\/\\\/www.teagueins.com\\\/\",\"name\":\"Teague Insurance\",\"description\":\"San Diego\u2019s Trusted Insurance Source Since 1954\",\"publisher\":{\"@id\":\"https:\\\/\\\/www.teagueins.com\\\/#organization\"},\"potentialAction\":[{\"@type\":\"SearchAction\",\"target\":{\"@type\":\"EntryPoint\",\"urlTemplate\":\"https:\\\/\\\/www.teagueins.com\\\/?s={search_term_string}\"},\"query-input\":{\"@type\":\"PropertyValueSpecification\",\"valueRequired\":true,\"valueName\":\"search_term_string\"}}],\"inLanguage\":\"es-MX\"},{\"@type\":\"Organization\",\"@id\":\"https:\\\/\\\/www.teagueins.com\\\/#organization\",\"name\":\"Teague Insurance\",\"url\":\"https:\\\/\\\/www.teagueins.com\\\/\",\"logo\":{\"@type\":\"ImageObject\",\"inLanguage\":\"es-MX\",\"@id\":\"https:\\\/\\\/www.teagueins.com\\\/#\\\/schema\\\/logo\\\/image\\\/\",\"url\":\"https:\\\/\\\/www.teagueins.com\\\/wp-content\\\/uploads\\\/2019\\\/01\\\/Teague_Horizontal_Color.jpg\",\"contentUrl\":\"https:\\\/\\\/www.teagueins.com\\\/wp-content\\\/uploads\\\/2019\\\/01\\\/Teague_Horizontal_Color.jpg\",\"width\":2482,\"height\":937,\"caption\":\"Teague Insurance\"},\"image\":{\"@id\":\"https:\\\/\\\/www.teagueins.com\\\/#\\\/schema\\\/logo\\\/image\\\/\"},\"sameAs\":[\"https:\\\/\\\/www.facebook.com\\\/TeagueInsuranceAgencyInc\",\"https:\\\/\\\/x.com\\\/TeagueInsurance\",\"https:\\\/\\\/www.instagram.com\\\/teagueinsuranceagency\\\/\",\"https:\\\/\\\/www.linkedin.com\\\/company\\\/teague-insurance-agency-inc-\\\/?viewAsMember=true\"]}]}<\/script>\n<!-- \/ Yoast SEO Premium plugin. -->","yoast_head_json":{"title":"Seguro de camiones - Teague Insurance","robots":{"index":"index","follow":"follow","max-snippet":"max-snippet:-1","max-image-preview":"max-image-preview:large","max-video-preview":"max-video-preview:-1"},"canonical":"https:\/\/www.teagueins.com\/es\/business-insurance-la-mesa\/trucking-insurance\/","og_locale":"es_MX","og_type":"article","og_title":"Trucking Insurance","og_description":"We are advocates for the trucking industry. We stand behind our clients while they grow and ensure they receive fair treatment during the claims process. While price is important, reviewing your contracts to keep you running loads is our priority. Trucking Businesses We Support: Trucking Coverages We Provide: Commonly Requested Endorsements: How We Are Different: [&hellip;]","og_url":"https:\/\/www.teagueins.com\/es\/business-insurance-la-mesa\/trucking-insurance\/","og_site_name":"Teague Insurance","article_publisher":"https:\/\/www.facebook.com\/TeagueInsuranceAgencyInc","article_modified_time":"2026-04-27T22:43:46+00:00","og_image":[{"width":1920,"height":800,"url":"http:\/\/www.teagueins.com\/wp-content\/uploads\/2025\/03\/Teague_Trucking.jpg","type":"image\/jpeg"}],"twitter_card":"summary_large_image","twitter_site":"@TeagueInsurance","twitter_misc":{"Tiempo de lectura":"1 minuto"},"schema":{"@context":"https:\/\/schema.org","@graph":[{"@type":"WebPage","@id":"https:\/\/www.teagueins.com\/business-insurance-la-mesa\/trucking-insurance\/","url":"https:\/\/www.teagueins.com\/business-insurance-la-mesa\/trucking-insurance\/","name":"Seguro de camiones - Teague Insurance","isPartOf":{"@id":"https:\/\/www.teagueins.com\/#website"},"primaryImageOfPage":{"@id":"https:\/\/www.teagueins.com\/business-insurance-la-mesa\/trucking-insurance\/#primaryimage"},"image":{"@id":"https:\/\/www.teagueins.com\/business-insurance-la-mesa\/trucking-insurance\/#primaryimage"},"thumbnailUrl":"https:\/\/www.teagueins.com\/wp-content\/uploads\/2025\/03\/Teague_Trucking.jpg","datePublished":"2021-11-06T23:15:14+00:00","dateModified":"2026-04-27T22:43:46+00:00","breadcrumb":{"@id":"https:\/\/www.teagueins.com\/business-insurance-la-mesa\/trucking-insurance\/#breadcrumb"},"inLanguage":"es-MX","potentialAction":[{"@type":"ReadAction","target":["https:\/\/www.teagueins.com\/business-insurance-la-mesa\/trucking-insurance\/"]}]},{"@type":"ImageObject","inLanguage":"es-MX","@id":"https:\/\/www.teagueins.com\/business-insurance-la-mesa\/trucking-insurance\/#primaryimage","url":"https:\/\/www.teagueins.com\/wp-content\/uploads\/2025\/03\/Teague_Trucking.jpg","contentUrl":"https:\/\/www.teagueins.com\/wp-content\/uploads\/2025\/03\/Teague_Trucking.jpg","width":1920,"height":800},{"@type":"BreadcrumbList","@id":"https:\/\/www.teagueins.com\/business-insurance-la-mesa\/trucking-insurance\/#breadcrumb","itemListElement":[{"@type":"ListItem","position":1,"name":"Home","item":"https:\/\/www.teagueins.com\/"},{"@type":"ListItem","position":2,"name":"Commercial Business Solutions","item":"https:\/\/www.teagueins.com\/business-insurance-la-mesa\/"},{"@type":"ListItem","position":3,"name":"Trucking Insurance"}]},{"@type":"WebSite","@id":"https:\/\/www.teagueins.com\/#website","url":"https:\/\/www.teagueins.com\/","name":"Seguro Teague","description":"Fuente confiable de seguros de San Diego desde 1954","publisher":{"@id":"https:\/\/www.teagueins.com\/#organization"},"potentialAction":[{"@type":"SearchAction","target":{"@type":"EntryPoint","urlTemplate":"https:\/\/www.teagueins.com\/?s={search_term_string}"},"query-input":{"@type":"PropertyValueSpecification","valueRequired":true,"valueName":"search_term_string"}}],"inLanguage":"es-MX"},{"@type":"Organization","@id":"https:\/\/www.teagueins.com\/#organization","name":"Seguro Teague","url":"https:\/\/www.teagueins.com\/","logo":{"@type":"ImageObject","inLanguage":"es-MX","@id":"https:\/\/www.teagueins.com\/#\/schema\/logo\/image\/","url":"https:\/\/www.teagueins.com\/wp-content\/uploads\/2019\/01\/Teague_Horizontal_Color.jpg","contentUrl":"https:\/\/www.teagueins.com\/wp-content\/uploads\/2019\/01\/Teague_Horizontal_Color.jpg","width":2482,"height":937,"caption":"Teague Insurance"},"image":{"@id":"https:\/\/www.teagueins.com\/#\/schema\/logo\/image\/"},"sameAs":["https:\/\/www.facebook.com\/TeagueInsuranceAgencyInc","https:\/\/x.com\/TeagueInsurance","https:\/\/www.instagram.com\/teagueinsuranceagency\/","https:\/\/www.linkedin.com\/company\/teague-insurance-agency-inc-\/?viewAsMember=true"]}]}},"_links":{"self":[{"href":"https:\/\/www.teagueins.com\/es\/wp-json\/wp\/v2\/pages\/1545","targetHints":{"allow":["GET"]}}],"collection":[{"href":"https:\/\/www.teagueins.com\/es\/wp-json\/wp\/v2\/pages"}],"about":[{"href":"https:\/\/www.teagueins.com\/es\/wp-json\/wp\/v2\/types\/page"}],"author":[{"embeddable":true,"href":"https:\/\/www.teagueins.com\/es\/wp-json\/wp\/v2\/users\/1"}],"replies":[{"embeddable":true,"href":"https:\/\/www.teagueins.com\/es\/wp-json\/wp\/v2\/comments?post=1545"}],"version-history":[{"count":0,"href":"https:\/\/www.teagueins.com\/es\/wp-json\/wp\/v2\/pages\/1545\/revisions"}],"up":[{"embeddable":true,"href":"https:\/\/www.teagueins.com\/es\/wp-json\/wp\/v2\/pages\/52"}],"wp:featuredmedia":[{"embeddable":true,"href":"https:\/\/www.teagueins.com\/es\/wp-json\/wp\/v2\/media\/2097"}],"wp:attachment":[{"href":"https:\/\/www.teagueins.com\/es\/wp-json\/wp\/v2\/media?parent=1545"}],"curies":[{"name":"gracias","href":"https:\/\/api.w.org\/{rel}","templated":true}]}}