{"id":1533,"date":"2021-10-25T03:20:10","date_gmt":"2021-10-25T03:20:10","guid":{"rendered":"https:\/\/teague.local\/?page_id=1533"},"modified":"2022-07-11T18:37:04","modified_gmt":"2022-07-11T18:37:04","slug":"convoy","status":"publish","type":"page","link":"https:\/\/www.teagueins.com\/es\/business-insurance-la-mesa\/trucking-insurance\/convoy\/","title":{"rendered":"Convoy"},"content":{"rendered":"<h3 class=\"wp-block-heading\" id=\"h-convoy-insurance-requirements\">Requisitos del seguro de convoy:<\/h3>\n\n\n\n<ul class=\"wp-block-list\"><li>Responsabilidad civil primaria: Se requiere $1,000,000 en cobertura de responsabilidad primaria para cubrir da\u00f1os o lesiones en caso de un accidente en el que usted tenga la culpa. Muchos remitentes o corredores requieren $1 mill\u00f3n en cobertura de responsabilidad primaria<\/li><li>Un n\u00famero DOT activo con autoridad interestatal y un n\u00famero MC v\u00e1lido. La compa\u00f1\u00eda de seguros har\u00e1 la presentaci\u00f3n para activar su autoridad de MC.<\/li><li>Carga: $100,000 es la solicitud m\u00e1s com\u00fan para cubrir la carga, pero esto depender\u00e1 de lo que est\u00e9 transportando. Esto cubre da\u00f1os al flete y \/ o robo.<\/li><li>Cobertura de reemplazo de remolque: solo se requiere reemplazo de remolque para tractores sin remolque<\/li><li>Endosos: Dependiendo de la carga transportada, es posible que tambi\u00e9n necesite un endoso reefer para mercanc\u00edas refrigeradas e intermodales para su transporte en los puertos.<\/li><li>Responsabilidad general comercial no menos de $1,000,000 por ocurrencia y en el agregado<\/li><li>Solamente requerida en caso de tener empleados, no es necesario para operadores independientes.<ul><li>Seguro de compensaci\u00f3n para trabajadores en todas las jurisdicciones donde opera su empresa<\/li><li>Responsabilidad del empleador que cumple con los requisitos legales de su estado&nbsp;<\/li><\/ul><\/li><\/ul>\n\n\n\n<div style=\"height:30px\" aria-hidden=\"true\" class=\"wp-block-spacer\"><\/div>\n\n\n\n<hr class=\"wp-block-separator is-style-wide\"\/>\n\n\n\n<div style=\"height:30px\" aria-hidden=\"true\" class=\"wp-block-spacer\"><\/div>\n\n\n\n<h4 class=\"wp-block-heading\" id=\"h-contact-us-for-more-information\">Cont\u00e1ctenos para m\u00e1s informaci\u00f3n<\/h4>\n\n\n\n<p><strong>Germ\u00e1n Gonz\u00e1lez<\/strong><br>619.668.2382<br><a href=\"mailto:ggonzalez@teagueins.com\" target=\"_blank\" rel=\"noreferrer noopener\">ggonzalez@teagueins.com<\/a><\/p>","protected":false},"excerpt":{"rendered":"<p>Convoy Insurance Requirements: Primary auto liability: $1,000,000 in primary liability coverage is required to cover damage or injury done in case of an accident where you are at fault. Many shippers or brokers require $1 million in primary liability coverage An active DOT number with interstate authority and a valid MC number. The insurance company [&hellip;]<\/p>\n","protected":false},"author":1,"featured_media":1535,"parent":1545,"menu_order":2,"comment_status":"closed","ping_status":"closed","template":"tpl-single-service.php","meta":{"_acf_changed":false,"footnotes":"","_links_to":"","_links_to_target":""},"class_list":["post-1533","page","type-page","status-publish","has-post-thumbnail","hentry"],"acf":[],"yoast_head":"<!-- This site is optimized with the Yoast SEO Premium plugin v21.2 (Yoast SEO v27.4) - https:\/\/yoast.com\/product\/yoast-seo-premium-wordpress\/ -->\n<title>Convoy - Teague Insurance<\/title>\n<meta name=\"robots\" content=\"index, follow, max-snippet:-1, max-image-preview:large, max-video-preview:-1\" \/>\n<link rel=\"canonical\" href=\"https:\/\/www.teagueins.com\/es\/business-insurance-la-mesa\/trucking-insurance\/convoy\/\" \/>\n<meta property=\"og:locale\" content=\"es_MX\" \/>\n<meta property=\"og:type\" content=\"article\" \/>\n<meta property=\"og:title\" content=\"Convoy\" \/>\n<meta property=\"og:description\" content=\"Convoy Insurance Requirements: Primary auto liability: $1,000,000 in primary liability coverage is required to cover damage or injury done in case of an accident where you are at fault. Many shippers or brokers require $1 million in primary liability coverage An active DOT number with interstate authority and a valid MC number. The insurance company [&hellip;]\" \/>\n<meta property=\"og:url\" content=\"https:\/\/www.teagueins.com\/es\/business-insurance-la-mesa\/trucking-insurance\/convoy\/\" \/>\n<meta property=\"og:site_name\" content=\"Teague Insurance\" \/>\n<meta property=\"article:publisher\" content=\"https:\/\/www.facebook.com\/TeagueInsuranceAgencyInc\" \/>\n<meta property=\"article:modified_time\" content=\"2022-07-11T18:37:04+00:00\" \/>\n<meta property=\"og:image\" content=\"http:\/\/www.teagueins.com\/wp-content\/uploads\/2021\/10\/biz_truck_convoy.jpg\" \/>\n\t<meta property=\"og:image:width\" content=\"800\" \/>\n\t<meta property=\"og:image:height\" content=\"400\" \/>\n\t<meta property=\"og:image:type\" content=\"image\/jpeg\" \/>\n<meta name=\"twitter:card\" content=\"summary_large_image\" \/>\n<meta name=\"twitter:site\" content=\"@TeagueInsurance\" \/>\n<meta name=\"twitter:label1\" content=\"Tiempo de lectura\" \/>\n\t<meta name=\"twitter:data1\" content=\"1 minuto\" \/>\n<script type=\"application\/ld+json\" class=\"yoast-schema-graph\">{\"@context\":\"https:\\\/\\\/schema.org\",\"@graph\":[{\"@type\":\"WebPage\",\"@id\":\"https:\\\/\\\/www.teagueins.com\\\/business-insurance-la-mesa\\\/trucking-insurance\\\/convoy\\\/\",\"url\":\"https:\\\/\\\/www.teagueins.com\\\/business-insurance-la-mesa\\\/trucking-insurance\\\/convoy\\\/\",\"name\":\"Convoy - Teague Insurance\",\"isPartOf\":{\"@id\":\"https:\\\/\\\/www.teagueins.com\\\/#website\"},\"primaryImageOfPage\":{\"@id\":\"https:\\\/\\\/www.teagueins.com\\\/business-insurance-la-mesa\\\/trucking-insurance\\\/convoy\\\/#primaryimage\"},\"image\":{\"@id\":\"https:\\\/\\\/www.teagueins.com\\\/business-insurance-la-mesa\\\/trucking-insurance\\\/convoy\\\/#primaryimage\"},\"thumbnailUrl\":\"https:\\\/\\\/www.teagueins.com\\\/wp-content\\\/uploads\\\/2021\\\/10\\\/biz_truck_convoy.jpg\",\"datePublished\":\"2021-10-25T03:20:10+00:00\",\"dateModified\":\"2022-07-11T18:37:04+00:00\",\"breadcrumb\":{\"@id\":\"https:\\\/\\\/www.teagueins.com\\\/business-insurance-la-mesa\\\/trucking-insurance\\\/convoy\\\/#breadcrumb\"},\"inLanguage\":\"es-MX\",\"potentialAction\":[{\"@type\":\"ReadAction\",\"target\":[\"https:\\\/\\\/www.teagueins.com\\\/business-insurance-la-mesa\\\/trucking-insurance\\\/convoy\\\/\"]}]},{\"@type\":\"ImageObject\",\"inLanguage\":\"es-MX\",\"@id\":\"https:\\\/\\\/www.teagueins.com\\\/business-insurance-la-mesa\\\/trucking-insurance\\\/convoy\\\/#primaryimage\",\"url\":\"https:\\\/\\\/www.teagueins.com\\\/wp-content\\\/uploads\\\/2021\\\/10\\\/biz_truck_convoy.jpg\",\"contentUrl\":\"https:\\\/\\\/www.teagueins.com\\\/wp-content\\\/uploads\\\/2021\\\/10\\\/biz_truck_convoy.jpg\",\"width\":800,\"height\":400},{\"@type\":\"BreadcrumbList\",\"@id\":\"https:\\\/\\\/www.teagueins.com\\\/business-insurance-la-mesa\\\/trucking-insurance\\\/convoy\\\/#breadcrumb\",\"itemListElement\":[{\"@type\":\"ListItem\",\"position\":1,\"name\":\"Home\",\"item\":\"https:\\\/\\\/www.teagueins.com\\\/\"},{\"@type\":\"ListItem\",\"position\":2,\"name\":\"Commercial Business Solutions\",\"item\":\"https:\\\/\\\/www.teagueins.com\\\/business-insurance-la-mesa\\\/\"},{\"@type\":\"ListItem\",\"position\":3,\"name\":\"Trucking Insurance\",\"item\":\"https:\\\/\\\/www.teagueins.com\\\/business-insurance-la-mesa\\\/trucking-insurance\\\/\"},{\"@type\":\"ListItem\",\"position\":4,\"name\":\"Convoy\"}]},{\"@type\":\"WebSite\",\"@id\":\"https:\\\/\\\/www.teagueins.com\\\/#website\",\"url\":\"https:\\\/\\\/www.teagueins.com\\\/\",\"name\":\"Teague Insurance\",\"description\":\"San Diego\u2019s Trusted Insurance Source Since 1954\",\"publisher\":{\"@id\":\"https:\\\/\\\/www.teagueins.com\\\/#organization\"},\"potentialAction\":[{\"@type\":\"SearchAction\",\"target\":{\"@type\":\"EntryPoint\",\"urlTemplate\":\"https:\\\/\\\/www.teagueins.com\\\/?s={search_term_string}\"},\"query-input\":{\"@type\":\"PropertyValueSpecification\",\"valueRequired\":true,\"valueName\":\"search_term_string\"}}],\"inLanguage\":\"es-MX\"},{\"@type\":\"Organization\",\"@id\":\"https:\\\/\\\/www.teagueins.com\\\/#organization\",\"name\":\"Teague Insurance\",\"url\":\"https:\\\/\\\/www.teagueins.com\\\/\",\"logo\":{\"@type\":\"ImageObject\",\"inLanguage\":\"es-MX\",\"@id\":\"https:\\\/\\\/www.teagueins.com\\\/#\\\/schema\\\/logo\\\/image\\\/\",\"url\":\"https:\\\/\\\/www.teagueins.com\\\/wp-content\\\/uploads\\\/2019\\\/01\\\/Teague_Horizontal_Color.jpg\",\"contentUrl\":\"https:\\\/\\\/www.teagueins.com\\\/wp-content\\\/uploads\\\/2019\\\/01\\\/Teague_Horizontal_Color.jpg\",\"width\":2482,\"height\":937,\"caption\":\"Teague Insurance\"},\"image\":{\"@id\":\"https:\\\/\\\/www.teagueins.com\\\/#\\\/schema\\\/logo\\\/image\\\/\"},\"sameAs\":[\"https:\\\/\\\/www.facebook.com\\\/TeagueInsuranceAgencyInc\",\"https:\\\/\\\/x.com\\\/TeagueInsurance\",\"https:\\\/\\\/www.instagram.com\\\/teagueinsuranceagency\\\/\",\"https:\\\/\\\/www.linkedin.com\\\/company\\\/teague-insurance-agency-inc-\\\/?viewAsMember=true\"]}]}<\/script>\n<!-- \/ Yoast SEO Premium plugin. -->","yoast_head_json":{"title":"Convoy - Seguros Teague","robots":{"index":"index","follow":"follow","max-snippet":"max-snippet:-1","max-image-preview":"max-image-preview:large","max-video-preview":"max-video-preview:-1"},"canonical":"https:\/\/www.teagueins.com\/es\/business-insurance-la-mesa\/trucking-insurance\/convoy\/","og_locale":"es_MX","og_type":"article","og_title":"Convoy","og_description":"Convoy Insurance Requirements: Primary auto liability: $1,000,000 in primary liability coverage is required to cover damage or injury done in case of an accident where you are at fault. Many shippers or brokers require $1 million in primary liability coverage An active DOT number with interstate authority and a valid MC number. The insurance company [&hellip;]","og_url":"https:\/\/www.teagueins.com\/es\/business-insurance-la-mesa\/trucking-insurance\/convoy\/","og_site_name":"Teague Insurance","article_publisher":"https:\/\/www.facebook.com\/TeagueInsuranceAgencyInc","article_modified_time":"2022-07-11T18:37:04+00:00","og_image":[{"width":800,"height":400,"url":"http:\/\/www.teagueins.com\/wp-content\/uploads\/2021\/10\/biz_truck_convoy.jpg","type":"image\/jpeg"}],"twitter_card":"summary_large_image","twitter_site":"@TeagueInsurance","twitter_misc":{"Tiempo de lectura":"1 minuto"},"schema":{"@context":"https:\/\/schema.org","@graph":[{"@type":"WebPage","@id":"https:\/\/www.teagueins.com\/business-insurance-la-mesa\/trucking-insurance\/convoy\/","url":"https:\/\/www.teagueins.com\/business-insurance-la-mesa\/trucking-insurance\/convoy\/","name":"Convoy - Seguros Teague","isPartOf":{"@id":"https:\/\/www.teagueins.com\/#website"},"primaryImageOfPage":{"@id":"https:\/\/www.teagueins.com\/business-insurance-la-mesa\/trucking-insurance\/convoy\/#primaryimage"},"image":{"@id":"https:\/\/www.teagueins.com\/business-insurance-la-mesa\/trucking-insurance\/convoy\/#primaryimage"},"thumbnailUrl":"https:\/\/www.teagueins.com\/wp-content\/uploads\/2021\/10\/biz_truck_convoy.jpg","datePublished":"2021-10-25T03:20:10+00:00","dateModified":"2022-07-11T18:37:04+00:00","breadcrumb":{"@id":"https:\/\/www.teagueins.com\/business-insurance-la-mesa\/trucking-insurance\/convoy\/#breadcrumb"},"inLanguage":"es-MX","potentialAction":[{"@type":"ReadAction","target":["https:\/\/www.teagueins.com\/business-insurance-la-mesa\/trucking-insurance\/convoy\/"]}]},{"@type":"ImageObject","inLanguage":"es-MX","@id":"https:\/\/www.teagueins.com\/business-insurance-la-mesa\/trucking-insurance\/convoy\/#primaryimage","url":"https:\/\/www.teagueins.com\/wp-content\/uploads\/2021\/10\/biz_truck_convoy.jpg","contentUrl":"https:\/\/www.teagueins.com\/wp-content\/uploads\/2021\/10\/biz_truck_convoy.jpg","width":800,"height":400},{"@type":"BreadcrumbList","@id":"https:\/\/www.teagueins.com\/business-insurance-la-mesa\/trucking-insurance\/convoy\/#breadcrumb","itemListElement":[{"@type":"ListItem","position":1,"name":"Home","item":"https:\/\/www.teagueins.com\/"},{"@type":"ListItem","position":2,"name":"Commercial Business Solutions","item":"https:\/\/www.teagueins.com\/business-insurance-la-mesa\/"},{"@type":"ListItem","position":3,"name":"Trucking Insurance","item":"https:\/\/www.teagueins.com\/business-insurance-la-mesa\/trucking-insurance\/"},{"@type":"ListItem","position":4,"name":"Convoy"}]},{"@type":"WebSite","@id":"https:\/\/www.teagueins.com\/#website","url":"https:\/\/www.teagueins.com\/","name":"Seguro Teague","description":"Fuente confiable de seguros de San Diego desde 1954","publisher":{"@id":"https:\/\/www.teagueins.com\/#organization"},"potentialAction":[{"@type":"SearchAction","target":{"@type":"EntryPoint","urlTemplate":"https:\/\/www.teagueins.com\/?s={search_term_string}"},"query-input":{"@type":"PropertyValueSpecification","valueRequired":true,"valueName":"search_term_string"}}],"inLanguage":"es-MX"},{"@type":"Organization","@id":"https:\/\/www.teagueins.com\/#organization","name":"Seguro Teague","url":"https:\/\/www.teagueins.com\/","logo":{"@type":"ImageObject","inLanguage":"es-MX","@id":"https:\/\/www.teagueins.com\/#\/schema\/logo\/image\/","url":"https:\/\/www.teagueins.com\/wp-content\/uploads\/2019\/01\/Teague_Horizontal_Color.jpg","contentUrl":"https:\/\/www.teagueins.com\/wp-content\/uploads\/2019\/01\/Teague_Horizontal_Color.jpg","width":2482,"height":937,"caption":"Teague Insurance"},"image":{"@id":"https:\/\/www.teagueins.com\/#\/schema\/logo\/image\/"},"sameAs":["https:\/\/www.facebook.com\/TeagueInsuranceAgencyInc","https:\/\/x.com\/TeagueInsurance","https:\/\/www.instagram.com\/teagueinsuranceagency\/","https:\/\/www.linkedin.com\/company\/teague-insurance-agency-inc-\/?viewAsMember=true"]}]}},"_links":{"self":[{"href":"https:\/\/www.teagueins.com\/es\/wp-json\/wp\/v2\/pages\/1533","targetHints":{"allow":["GET"]}}],"collection":[{"href":"https:\/\/www.teagueins.com\/es\/wp-json\/wp\/v2\/pages"}],"about":[{"href":"https:\/\/www.teagueins.com\/es\/wp-json\/wp\/v2\/types\/page"}],"author":[{"embeddable":true,"href":"https:\/\/www.teagueins.com\/es\/wp-json\/wp\/v2\/users\/1"}],"replies":[{"embeddable":true,"href":"https:\/\/www.teagueins.com\/es\/wp-json\/wp\/v2\/comments?post=1533"}],"version-history":[{"count":0,"href":"https:\/\/www.teagueins.com\/es\/wp-json\/wp\/v2\/pages\/1533\/revisions"}],"up":[{"embeddable":true,"href":"https:\/\/www.teagueins.com\/es\/wp-json\/wp\/v2\/pages\/1545"}],"wp:featuredmedia":[{"embeddable":true,"href":"https:\/\/www.teagueins.com\/es\/wp-json\/wp\/v2\/media\/1535"}],"wp:attachment":[{"href":"https:\/\/www.teagueins.com\/es\/wp-json\/wp\/v2\/media?parent=1533"}],"curies":[{"name":"gracias","href":"https:\/\/api.w.org\/{rel}","templated":true}]}}