{"id":1484,"date":"2021-09-11T23:10:57","date_gmt":"2021-09-11T23:10:57","guid":{"rendered":"https:\/\/teague.local\/?page_id=1484"},"modified":"2022-01-08T22:18:03","modified_gmt":"2022-01-08T22:18:03","slug":"cannabis-business-insurance","status":"publish","type":"page","link":"https:\/\/www.teagueins.com\/es\/business-insurance-la-mesa\/cannabis-business-insurance\/","title":{"rendered":"Seguro comercial de cannabis"},"content":{"rendered":"<p>Aqu\u00ed en Teague, nos apasiona convertirnos en defensores de la industria del cannabis de California. Entendemos que las empresas de cannabis necesitan una voz en el \u00e1mbito de los seguros para ponerse de pie y ser un recurso para esta comunidad. Para hacerlo, hemos establecido relaciones con las principales compa\u00f1\u00edas de seguros de cannabis para proporcionar programas personalizados de gesti\u00f3n de riesgos para proteger mejor los negocios de nuestros clientes.<\/p>\n\n\n\n<h3 class=\"wp-block-heading\" id=\"h-cannabis-businesses-we-support\"><strong>Empresas de cannabis que apoyamos:<\/strong><\/h3>\n\n\n\n<ul class=\"wp-block-list\"><li>Cultivadores<\/li><li>Distribuidores<\/li><li>Dispensarios<\/li><li>Fabricaci\u00f3n<\/li><li>Microempresas<\/li><li>Laboratorios de pruebas<\/li><\/ul>\n\n\n\n<h3 class=\"wp-block-heading\" id=\"h-cannabis-coverages-we-provide\"><strong>Coberturas de cannabis que ofrecemos:<\/strong><\/h3>\n\n\n\n<ul class=\"wp-block-list\"><li>Auto<\/li><li>Carga<\/li><li>Propiedad comercial<\/li><li>Cultivo (interior, mixto y exterior)<\/li><li><a href=\"https:\/\/www.teagueins.com\/es\/business-insurance-la-mesa\/cannabis-business-insurance\/cannabis-cyber\/\">Cyber<\/a><\/li><li><a href=\"https:\/\/www.teagueins.com\/es\/business-insurance-la-mesa\/cannabis-business-insurance\/cannabis-do-insurance-coverage\/\">Directores y Oficiales<\/a><\/li><li>Responsabilidad por pr\u00e1cticas laborales<\/li><li>Responsabilidad general<\/li><li>Riesgo de arrendadores<\/li><li>Responsabilidad del producto<\/li><li>Compensaci\u00f3n de trabajadores<\/li><\/ul>\n\n\n\n<h3 class=\"wp-block-heading\" id=\"h-how-we-are-different\">En qu\u00e9 somos diferentes:<\/h3>\n\n\n\n<ul class=\"wp-block-list\"><li>Equipo Canna. Equipo local dedicado para apoyar las necesidades de seguros comerciales de cannabis.<\/li><li>Analista interno de reclamos de compensaci\u00f3n de trabajadores para mitigar riesgos y manejar reclamos abiertos<\/li><li>Plataforma de gesti\u00f3n de riesgos en l\u00ednea que proporciona una variedad de recursos a los clientes.<\/li><li>Seminarios sobre derecho laboral para educar a nuestros clientes sobre los pr\u00f3ximos cambios y las mejores pr\u00e1cticas.<\/li><\/ul>\n\n\n\n<p>Para responder cualquier pregunta que pueda tener sobre c\u00f3mo funciona esta cobertura, c\u00f3mo obtenerla y cu\u00e1nto cuesta, no dude en llamarme o enviarme un correo electr\u00f3nico y lo resolver\u00e9 inmediatamente.<\/p>\n\n\n\n<div style=\"height:30px\" aria-hidden=\"true\" class=\"wp-block-spacer\"><\/div>\n\n\n\n<hr class=\"wp-block-separator is-style-wide\"\/>\n\n\n\n<div style=\"height:30px\" aria-hidden=\"true\" class=\"wp-block-spacer\"><\/div>\n\n\n\n<h4 class=\"wp-block-heading\" id=\"h-contact-us-for-more-info\">Cont\u00e1ctenos para mas informaci\u00f3n<\/h4>\n\n\n\n<p><strong>Byron Johnston<br><\/strong>619.668.2361<br><a href=\"mailto:bjohnston@teagueins.com\">bjohnston@teagueins.com<\/a><\/p>","protected":false},"excerpt":{"rendered":"<p>Here at Teague, we are passionate about becoming advocates for the California cannabis industry. We understand that cannabis businesses need a voice in the insurance arena to stand up and be a resource for this community. To do so we have built relationships with the top cannabis insurance carriers to provide personalized risk management programs [&hellip;]<\/p>\n","protected":false},"author":1,"featured_media":1472,"parent":52,"menu_order":12,"comment_status":"closed","ping_status":"closed","template":"tpl-single-service.php","meta":{"_acf_changed":false,"footnotes":"","_links_to":"","_links_to_target":""},"class_list":["post-1484","page","type-page","status-publish","has-post-thumbnail","hentry"],"acf":[],"yoast_head":"<!-- This site is optimized with the Yoast SEO Premium plugin v21.2 (Yoast SEO v27.4) - https:\/\/yoast.com\/product\/yoast-seo-premium-wordpress\/ -->\n<title>Cannabis Business Insurance - Teague Insurance<\/title>\n<meta name=\"robots\" content=\"index, follow, max-snippet:-1, max-image-preview:large, max-video-preview:-1\" \/>\n<link rel=\"canonical\" href=\"https:\/\/www.teagueins.com\/es\/business-insurance-la-mesa\/cannabis-business-insurance\/\" \/>\n<meta property=\"og:locale\" content=\"es_MX\" \/>\n<meta property=\"og:type\" content=\"article\" \/>\n<meta property=\"og:title\" content=\"Cannabis Business Insurance\" \/>\n<meta property=\"og:description\" content=\"Here at Teague, we are passionate about becoming advocates for the California cannabis industry. We understand that cannabis businesses need a voice in the insurance arena to stand up and be a resource for this community. To do so we have built relationships with the top cannabis insurance carriers to provide personalized risk management programs [&hellip;]\" \/>\n<meta property=\"og:url\" content=\"https:\/\/www.teagueins.com\/es\/business-insurance-la-mesa\/cannabis-business-insurance\/\" \/>\n<meta property=\"og:site_name\" content=\"Teague Insurance\" \/>\n<meta property=\"article:publisher\" content=\"https:\/\/www.facebook.com\/TeagueInsuranceAgencyInc\" \/>\n<meta property=\"article:modified_time\" content=\"2022-01-08T22:18:03+00:00\" \/>\n<meta property=\"og:image\" content=\"https:\/\/www.teagueins.com\/wp-content\/uploads\/2021\/08\/bus_Cannabis.jpg\" \/>\n\t<meta property=\"og:image:width\" content=\"800\" \/>\n\t<meta property=\"og:image:height\" content=\"400\" \/>\n\t<meta property=\"og:image:type\" content=\"image\/jpeg\" \/>\n<meta name=\"twitter:card\" content=\"summary_large_image\" \/>\n<meta name=\"twitter:site\" content=\"@TeagueInsurance\" \/>\n<meta name=\"twitter:label1\" content=\"Tiempo de lectura\" \/>\n\t<meta name=\"twitter:data1\" content=\"1 minuto\" \/>\n<script type=\"application\/ld+json\" class=\"yoast-schema-graph\">{\"@context\":\"https:\\\/\\\/schema.org\",\"@graph\":[{\"@type\":\"WebPage\",\"@id\":\"https:\\\/\\\/www.teagueins.com\\\/business-insurance-la-mesa\\\/cannabis-business-insurance\\\/\",\"url\":\"https:\\\/\\\/www.teagueins.com\\\/business-insurance-la-mesa\\\/cannabis-business-insurance\\\/\",\"name\":\"Cannabis Business Insurance - Teague Insurance\",\"isPartOf\":{\"@id\":\"https:\\\/\\\/www.teagueins.com\\\/#website\"},\"primaryImageOfPage\":{\"@id\":\"https:\\\/\\\/www.teagueins.com\\\/business-insurance-la-mesa\\\/cannabis-business-insurance\\\/#primaryimage\"},\"image\":{\"@id\":\"https:\\\/\\\/www.teagueins.com\\\/business-insurance-la-mesa\\\/cannabis-business-insurance\\\/#primaryimage\"},\"thumbnailUrl\":\"https:\\\/\\\/www.teagueins.com\\\/wp-content\\\/uploads\\\/2021\\\/08\\\/bus_Cannabis.jpg\",\"datePublished\":\"2021-09-11T23:10:57+00:00\",\"dateModified\":\"2022-01-08T22:18:03+00:00\",\"breadcrumb\":{\"@id\":\"https:\\\/\\\/www.teagueins.com\\\/business-insurance-la-mesa\\\/cannabis-business-insurance\\\/#breadcrumb\"},\"inLanguage\":\"es-MX\",\"potentialAction\":[{\"@type\":\"ReadAction\",\"target\":[\"https:\\\/\\\/www.teagueins.com\\\/business-insurance-la-mesa\\\/cannabis-business-insurance\\\/\"]}]},{\"@type\":\"ImageObject\",\"inLanguage\":\"es-MX\",\"@id\":\"https:\\\/\\\/www.teagueins.com\\\/business-insurance-la-mesa\\\/cannabis-business-insurance\\\/#primaryimage\",\"url\":\"https:\\\/\\\/www.teagueins.com\\\/wp-content\\\/uploads\\\/2021\\\/08\\\/bus_Cannabis.jpg\",\"contentUrl\":\"https:\\\/\\\/www.teagueins.com\\\/wp-content\\\/uploads\\\/2021\\\/08\\\/bus_Cannabis.jpg\",\"width\":800,\"height\":400},{\"@type\":\"BreadcrumbList\",\"@id\":\"https:\\\/\\\/www.teagueins.com\\\/business-insurance-la-mesa\\\/cannabis-business-insurance\\\/#breadcrumb\",\"itemListElement\":[{\"@type\":\"ListItem\",\"position\":1,\"name\":\"Home\",\"item\":\"https:\\\/\\\/www.teagueins.com\\\/\"},{\"@type\":\"ListItem\",\"position\":2,\"name\":\"Commercial Business Solutions\",\"item\":\"https:\\\/\\\/www.teagueins.com\\\/business-insurance-la-mesa\\\/\"},{\"@type\":\"ListItem\",\"position\":3,\"name\":\"Cannabis Business Insurance\"}]},{\"@type\":\"WebSite\",\"@id\":\"https:\\\/\\\/www.teagueins.com\\\/#website\",\"url\":\"https:\\\/\\\/www.teagueins.com\\\/\",\"name\":\"Teague Insurance\",\"description\":\"San Diego\u2019s Trusted Insurance Source Since 1954\",\"publisher\":{\"@id\":\"https:\\\/\\\/www.teagueins.com\\\/#organization\"},\"potentialAction\":[{\"@type\":\"SearchAction\",\"target\":{\"@type\":\"EntryPoint\",\"urlTemplate\":\"https:\\\/\\\/www.teagueins.com\\\/?s={search_term_string}\"},\"query-input\":{\"@type\":\"PropertyValueSpecification\",\"valueRequired\":true,\"valueName\":\"search_term_string\"}}],\"inLanguage\":\"es-MX\"},{\"@type\":\"Organization\",\"@id\":\"https:\\\/\\\/www.teagueins.com\\\/#organization\",\"name\":\"Teague Insurance\",\"url\":\"https:\\\/\\\/www.teagueins.com\\\/\",\"logo\":{\"@type\":\"ImageObject\",\"inLanguage\":\"es-MX\",\"@id\":\"https:\\\/\\\/www.teagueins.com\\\/#\\\/schema\\\/logo\\\/image\\\/\",\"url\":\"https:\\\/\\\/www.teagueins.com\\\/wp-content\\\/uploads\\\/2019\\\/01\\\/Teague_Horizontal_Color.jpg\",\"contentUrl\":\"https:\\\/\\\/www.teagueins.com\\\/wp-content\\\/uploads\\\/2019\\\/01\\\/Teague_Horizontal_Color.jpg\",\"width\":2482,\"height\":937,\"caption\":\"Teague Insurance\"},\"image\":{\"@id\":\"https:\\\/\\\/www.teagueins.com\\\/#\\\/schema\\\/logo\\\/image\\\/\"},\"sameAs\":[\"https:\\\/\\\/www.facebook.com\\\/TeagueInsuranceAgencyInc\",\"https:\\\/\\\/x.com\\\/TeagueInsurance\",\"https:\\\/\\\/www.instagram.com\\\/teagueinsuranceagency\\\/\",\"https:\\\/\\\/www.linkedin.com\\\/company\\\/teague-insurance-agency-inc-\\\/?viewAsMember=true\"]}]}<\/script>\n<!-- \/ Yoast SEO Premium plugin. -->","yoast_head_json":{"title":"Seguro para negocios de cannabis - Teague Insurance","robots":{"index":"index","follow":"follow","max-snippet":"max-snippet:-1","max-image-preview":"max-image-preview:large","max-video-preview":"max-video-preview:-1"},"canonical":"https:\/\/www.teagueins.com\/es\/business-insurance-la-mesa\/cannabis-business-insurance\/","og_locale":"es_MX","og_type":"article","og_title":"Cannabis Business Insurance","og_description":"Here at Teague, we are passionate about becoming advocates for the California cannabis industry. We understand that cannabis businesses need a voice in the insurance arena to stand up and be a resource for this community. To do so we have built relationships with the top cannabis insurance carriers to provide personalized risk management programs [&hellip;]","og_url":"https:\/\/www.teagueins.com\/es\/business-insurance-la-mesa\/cannabis-business-insurance\/","og_site_name":"Teague Insurance","article_publisher":"https:\/\/www.facebook.com\/TeagueInsuranceAgencyInc","article_modified_time":"2022-01-08T22:18:03+00:00","og_image":[{"width":800,"height":400,"url":"https:\/\/www.teagueins.com\/wp-content\/uploads\/2021\/08\/bus_Cannabis.jpg","type":"image\/jpeg"}],"twitter_card":"summary_large_image","twitter_site":"@TeagueInsurance","twitter_misc":{"Tiempo de lectura":"1 minuto"},"schema":{"@context":"https:\/\/schema.org","@graph":[{"@type":"WebPage","@id":"https:\/\/www.teagueins.com\/business-insurance-la-mesa\/cannabis-business-insurance\/","url":"https:\/\/www.teagueins.com\/business-insurance-la-mesa\/cannabis-business-insurance\/","name":"Seguro para negocios de cannabis - Teague Insurance","isPartOf":{"@id":"https:\/\/www.teagueins.com\/#website"},"primaryImageOfPage":{"@id":"https:\/\/www.teagueins.com\/business-insurance-la-mesa\/cannabis-business-insurance\/#primaryimage"},"image":{"@id":"https:\/\/www.teagueins.com\/business-insurance-la-mesa\/cannabis-business-insurance\/#primaryimage"},"thumbnailUrl":"https:\/\/www.teagueins.com\/wp-content\/uploads\/2021\/08\/bus_Cannabis.jpg","datePublished":"2021-09-11T23:10:57+00:00","dateModified":"2022-01-08T22:18:03+00:00","breadcrumb":{"@id":"https:\/\/www.teagueins.com\/business-insurance-la-mesa\/cannabis-business-insurance\/#breadcrumb"},"inLanguage":"es-MX","potentialAction":[{"@type":"ReadAction","target":["https:\/\/www.teagueins.com\/business-insurance-la-mesa\/cannabis-business-insurance\/"]}]},{"@type":"ImageObject","inLanguage":"es-MX","@id":"https:\/\/www.teagueins.com\/business-insurance-la-mesa\/cannabis-business-insurance\/#primaryimage","url":"https:\/\/www.teagueins.com\/wp-content\/uploads\/2021\/08\/bus_Cannabis.jpg","contentUrl":"https:\/\/www.teagueins.com\/wp-content\/uploads\/2021\/08\/bus_Cannabis.jpg","width":800,"height":400},{"@type":"BreadcrumbList","@id":"https:\/\/www.teagueins.com\/business-insurance-la-mesa\/cannabis-business-insurance\/#breadcrumb","itemListElement":[{"@type":"ListItem","position":1,"name":"Home","item":"https:\/\/www.teagueins.com\/"},{"@type":"ListItem","position":2,"name":"Commercial Business Solutions","item":"https:\/\/www.teagueins.com\/business-insurance-la-mesa\/"},{"@type":"ListItem","position":3,"name":"Cannabis Business Insurance"}]},{"@type":"WebSite","@id":"https:\/\/www.teagueins.com\/#website","url":"https:\/\/www.teagueins.com\/","name":"Seguro Teague","description":"Fuente confiable de seguros de San Diego desde 1954","publisher":{"@id":"https:\/\/www.teagueins.com\/#organization"},"potentialAction":[{"@type":"SearchAction","target":{"@type":"EntryPoint","urlTemplate":"https:\/\/www.teagueins.com\/?s={search_term_string}"},"query-input":{"@type":"PropertyValueSpecification","valueRequired":true,"valueName":"search_term_string"}}],"inLanguage":"es-MX"},{"@type":"Organization","@id":"https:\/\/www.teagueins.com\/#organization","name":"Seguro Teague","url":"https:\/\/www.teagueins.com\/","logo":{"@type":"ImageObject","inLanguage":"es-MX","@id":"https:\/\/www.teagueins.com\/#\/schema\/logo\/image\/","url":"https:\/\/www.teagueins.com\/wp-content\/uploads\/2019\/01\/Teague_Horizontal_Color.jpg","contentUrl":"https:\/\/www.teagueins.com\/wp-content\/uploads\/2019\/01\/Teague_Horizontal_Color.jpg","width":2482,"height":937,"caption":"Teague Insurance"},"image":{"@id":"https:\/\/www.teagueins.com\/#\/schema\/logo\/image\/"},"sameAs":["https:\/\/www.facebook.com\/TeagueInsuranceAgencyInc","https:\/\/x.com\/TeagueInsurance","https:\/\/www.instagram.com\/teagueinsuranceagency\/","https:\/\/www.linkedin.com\/company\/teague-insurance-agency-inc-\/?viewAsMember=true"]}]}},"_links":{"self":[{"href":"https:\/\/www.teagueins.com\/es\/wp-json\/wp\/v2\/pages\/1484","targetHints":{"allow":["GET"]}}],"collection":[{"href":"https:\/\/www.teagueins.com\/es\/wp-json\/wp\/v2\/pages"}],"about":[{"href":"https:\/\/www.teagueins.com\/es\/wp-json\/wp\/v2\/types\/page"}],"author":[{"embeddable":true,"href":"https:\/\/www.teagueins.com\/es\/wp-json\/wp\/v2\/users\/1"}],"replies":[{"embeddable":true,"href":"https:\/\/www.teagueins.com\/es\/wp-json\/wp\/v2\/comments?post=1484"}],"version-history":[{"count":0,"href":"https:\/\/www.teagueins.com\/es\/wp-json\/wp\/v2\/pages\/1484\/revisions"}],"up":[{"embeddable":true,"href":"https:\/\/www.teagueins.com\/es\/wp-json\/wp\/v2\/pages\/52"}],"wp:featuredmedia":[{"embeddable":true,"href":"https:\/\/www.teagueins.com\/es\/wp-json\/wp\/v2\/media\/1472"}],"wp:attachment":[{"href":"https:\/\/www.teagueins.com\/es\/wp-json\/wp\/v2\/media?parent=1484"}],"curies":[{"name":"gracias","href":"https:\/\/api.w.org\/{rel}","templated":true}]}}