{"id":1471,"date":"2021-08-16T03:53:49","date_gmt":"2021-08-16T03:53:49","guid":{"rendered":"https:\/\/teague.local\/?page_id=1471"},"modified":"2022-01-08T22:17:07","modified_gmt":"2022-01-08T22:17:07","slug":"cannabis-cyber","status":"publish","type":"page","link":"https:\/\/www.teagueins.com\/es\/business-insurance-la-mesa\/cannabis-business-insurance\/cannabis-cyber\/","title":{"rendered":"Seguro cibern\u00e9tico de cannabis"},"content":{"rendered":"<p>La tecnolog\u00eda es un activo esencial para ayudar a que las operaciones de cannabis funcionen sin problemas. Sin embargo, conlleva riesgos que podr\u00edan dejar a la empresa expuesta a amenazas cibern\u00e9ticas importantes. Aqu\u00ed es donde una s\u00f3lida p\u00f3liza de seguro cibern\u00e9tico de cannabis puede ayudar a cubrir esta exposici\u00f3n al proporcionar 1<sup>S t<\/sup> party (tu negocio) y 3<sup>rd<\/sup> cobertura de parte (responsabilidad). A continuaci\u00f3n, repasaremos qui\u00e9n lo necesita y algunos de los conceptos b\u00e1sicos que est\u00e1n cubiertos por la p\u00f3liza:<\/p>\n\n\n\n<h3 class=\"wp-block-heading\" id=\"h-who-needs-cannabis-cyber-insurance-coverage\"><strong>\u00bfQui\u00e9n necesita cobertura de seguro cibern\u00e9tico de cannabis?<\/strong><\/h3>\n\n\n\n<ul class=\"wp-block-list\"><li>Cultivadores<\/li><li>Distribuidores<\/li><li>Laboratorios de pruebas<\/li><li>Dispensarios<\/li><li>Fabricantes<\/li><\/ul>\n\n\n\n<h3 class=\"wp-block-heading\" id=\"h-what-s-covered-under-a-cannabis-cyber-policy\"><strong>\u00bfQu\u00e9 cubre una p\u00f3liza cibern\u00e9tica de cannabis?<\/strong><\/h3>\n\n\n\n<h4 class=\"wp-block-heading\" id=\"h-first-party-losses-to-your-company\">Primera parte (p\u00e9rdidas de su empresa)<\/h4>\n\n\n\n<ul class=\"wp-block-list\"><li>Extorsi\u00f3n cibern\u00e9tica, tambi\u00e9n conocida como pagos de ransomware<\/li><li>Interrupci\u00f3n comercial o falla del sistema<\/li><li>Costos de restauraci\u00f3n de datos<\/li><li>Gasto extra<\/li><li>Cobertura de ladrillos, cubre el costo de reparaci\u00f3n o reemplazo de hardware y equipo de computadora<\/li><\/ul>\n\n\n\n<h4 class=\"wp-block-heading\" id=\"h-third-party-cyber-liability-from-other-people\">Tercero (responsabilidad cibern\u00e9tica de otras personas)<\/h4>\n\n\n\n<ul class=\"wp-block-list\"><li>Cubre los honorarios de los abogados<\/li><li>Multas y evaluaciones de la industria de tarjetas de pago<\/li><li>Multas reglamentarias<\/li><\/ul>\n\n\n\n<h4 class=\"wp-block-heading\" id=\"h-breach-costs\">Costos de incumplimiento<\/h4>\n\n\n\n<ul class=\"wp-block-list\"><li>Cubre los costos de los expertos en seguridad inform\u00e1tica para analizar los da\u00f1os.<\/li><li>Cubre los honorarios de los abogados para evaluar las obligaciones legales de la empresa.<\/li><li>Costos de notificaci\u00f3n, incluye seguimiento crediticio a personas o entidades afectadas<\/li><li>Costo del equipo de relaciones p\u00fablicas o gesti\u00f3n de crisis para mitigar las consecuencias<\/li><\/ul>\n\n\n\n<h4 class=\"wp-block-heading\" id=\"h-multimedia-liability\">Responsabilidad multimedia<\/h4>\n\n\n\n<ul class=\"wp-block-list\"><li>Protege de demandas por infracci\u00f3n de marca registrada<\/li><li>Infracci\u00f3n de nombres comerciales<\/li><li>Difamaci\u00f3n, calumnia y calumnia<\/li><\/ul>\n\n\n\n<h4 class=\"wp-block-heading\" id=\"h-e-crime\">Crimen electr\u00f3nico<\/h4>\n\n\n\n<ul class=\"wp-block-list\"><li>P\u00e9rdida de ingenier\u00eda social (phishing) y transferencia bancaria fraudulenta,<\/li><li>Fraude de transferencia de fondos y fraude telef\u00f3nico.<\/li><\/ul>\n\n\n\n<p>Para responder cualquier pregunta que pueda tener sobre c\u00f3mo funciona esta cobertura, c\u00f3mo obtenerla y cu\u00e1nto cuesta, no dude en llamarme o enviarme un correo electr\u00f3nico y lo resolver\u00e9 inmediatamente.<\/p>\n\n\n\n<div style=\"height:30px\" aria-hidden=\"true\" class=\"wp-block-spacer\"><\/div>\n\n\n\n<hr class=\"wp-block-separator is-style-wide\"\/>\n\n\n\n<div style=\"height:30px\" aria-hidden=\"true\" class=\"wp-block-spacer\"><\/div>\n\n\n\n<h4 class=\"wp-block-heading\" id=\"h-contact-us-for-more-info\">Cont\u00e1ctenos para mas informaci\u00f3n<\/h4>\n\n\n\n<p><strong>Byron Johnston<br><\/strong>619.668.2361<br><a href=\"mailto:bjohnston@teagueins.com\">bjohnston@teagueins.com<\/a><\/p>","protected":false},"excerpt":{"rendered":"<p>Technology is an essential asset to help cannabis operations run smoothly. However, it does come with risks that could leave the company exposed to significant cyber threats. This is where a strong cannabis cyber insurance policy can help cover this exposure by providing 1st party (your business) and 3rd party (liability) coverage. Below we will [&hellip;]<\/p>\n","protected":false},"author":1,"featured_media":1568,"parent":1484,"menu_order":0,"comment_status":"closed","ping_status":"closed","template":"tpl-single-service.php","meta":{"_acf_changed":false,"footnotes":"","_links_to":"","_links_to_target":""},"class_list":["post-1471","page","type-page","status-publish","has-post-thumbnail","hentry"],"acf":[],"yoast_head":"<!-- This site is optimized with the Yoast SEO Premium plugin v21.2 (Yoast SEO v27.4) - https:\/\/yoast.com\/product\/yoast-seo-premium-wordpress\/ -->\n<title>Cannabis Cyber Insurance - Teague Insurance<\/title>\n<meta name=\"robots\" content=\"index, follow, max-snippet:-1, max-image-preview:large, max-video-preview:-1\" \/>\n<link rel=\"canonical\" href=\"https:\/\/www.teagueins.com\/es\/business-insurance-la-mesa\/cannabis-business-insurance\/cannabis-cyber\/\" \/>\n<meta property=\"og:locale\" content=\"es_MX\" \/>\n<meta property=\"og:type\" content=\"article\" \/>\n<meta property=\"og:title\" content=\"Cannabis Cyber Insurance\" \/>\n<meta property=\"og:description\" content=\"Technology is an essential asset to help cannabis operations run smoothly. However, it does come with risks that could leave the company exposed to significant cyber threats. This is where a strong cannabis cyber insurance policy can help cover this exposure by providing 1st party (your business) and 3rd party (liability) coverage. Below we will [&hellip;]\" \/>\n<meta property=\"og:url\" content=\"https:\/\/www.teagueins.com\/es\/business-insurance-la-mesa\/cannabis-business-insurance\/cannabis-cyber\/\" \/>\n<meta property=\"og:site_name\" content=\"Teague Insurance\" \/>\n<meta property=\"article:publisher\" content=\"https:\/\/www.facebook.com\/TeagueInsuranceAgencyInc\" \/>\n<meta property=\"article:modified_time\" content=\"2022-01-08T22:17:07+00:00\" \/>\n<meta property=\"og:image\" content=\"http:\/\/www.teagueins.com\/wp-content\/uploads\/2021\/12\/bus_CannabisCyber.jpg\" \/>\n\t<meta property=\"og:image:width\" content=\"800\" \/>\n\t<meta property=\"og:image:height\" content=\"400\" \/>\n\t<meta property=\"og:image:type\" content=\"image\/jpeg\" \/>\n<meta name=\"twitter:card\" content=\"summary_large_image\" \/>\n<meta name=\"twitter:site\" content=\"@TeagueInsurance\" \/>\n<meta name=\"twitter:label1\" content=\"Tiempo de lectura\" \/>\n\t<meta name=\"twitter:data1\" content=\"2 minutos\" \/>\n<script type=\"application\/ld+json\" class=\"yoast-schema-graph\">{\"@context\":\"https:\\\/\\\/schema.org\",\"@graph\":[{\"@type\":\"WebPage\",\"@id\":\"https:\\\/\\\/www.teagueins.com\\\/business-insurance-la-mesa\\\/cannabis-business-insurance\\\/cannabis-cyber\\\/\",\"url\":\"https:\\\/\\\/www.teagueins.com\\\/business-insurance-la-mesa\\\/cannabis-business-insurance\\\/cannabis-cyber\\\/\",\"name\":\"Cannabis Cyber Insurance - Teague Insurance\",\"isPartOf\":{\"@id\":\"https:\\\/\\\/www.teagueins.com\\\/#website\"},\"primaryImageOfPage\":{\"@id\":\"https:\\\/\\\/www.teagueins.com\\\/business-insurance-la-mesa\\\/cannabis-business-insurance\\\/cannabis-cyber\\\/#primaryimage\"},\"image\":{\"@id\":\"https:\\\/\\\/www.teagueins.com\\\/business-insurance-la-mesa\\\/cannabis-business-insurance\\\/cannabis-cyber\\\/#primaryimage\"},\"thumbnailUrl\":\"https:\\\/\\\/www.teagueins.com\\\/wp-content\\\/uploads\\\/2021\\\/12\\\/bus_CannabisCyber.jpg\",\"datePublished\":\"2021-08-16T03:53:49+00:00\",\"dateModified\":\"2022-01-08T22:17:07+00:00\",\"breadcrumb\":{\"@id\":\"https:\\\/\\\/www.teagueins.com\\\/business-insurance-la-mesa\\\/cannabis-business-insurance\\\/cannabis-cyber\\\/#breadcrumb\"},\"inLanguage\":\"es-MX\",\"potentialAction\":[{\"@type\":\"ReadAction\",\"target\":[\"https:\\\/\\\/www.teagueins.com\\\/business-insurance-la-mesa\\\/cannabis-business-insurance\\\/cannabis-cyber\\\/\"]}]},{\"@type\":\"ImageObject\",\"inLanguage\":\"es-MX\",\"@id\":\"https:\\\/\\\/www.teagueins.com\\\/business-insurance-la-mesa\\\/cannabis-business-insurance\\\/cannabis-cyber\\\/#primaryimage\",\"url\":\"https:\\\/\\\/www.teagueins.com\\\/wp-content\\\/uploads\\\/2021\\\/12\\\/bus_CannabisCyber.jpg\",\"contentUrl\":\"https:\\\/\\\/www.teagueins.com\\\/wp-content\\\/uploads\\\/2021\\\/12\\\/bus_CannabisCyber.jpg\",\"width\":800,\"height\":400},{\"@type\":\"BreadcrumbList\",\"@id\":\"https:\\\/\\\/www.teagueins.com\\\/business-insurance-la-mesa\\\/cannabis-business-insurance\\\/cannabis-cyber\\\/#breadcrumb\",\"itemListElement\":[{\"@type\":\"ListItem\",\"position\":1,\"name\":\"Home\",\"item\":\"https:\\\/\\\/www.teagueins.com\\\/\"},{\"@type\":\"ListItem\",\"position\":2,\"name\":\"Commercial Business Solutions\",\"item\":\"https:\\\/\\\/www.teagueins.com\\\/business-insurance-la-mesa\\\/\"},{\"@type\":\"ListItem\",\"position\":3,\"name\":\"Cannabis Business Insurance\",\"item\":\"https:\\\/\\\/www.teagueins.com\\\/business-insurance-la-mesa\\\/cannabis-business-insurance\\\/\"},{\"@type\":\"ListItem\",\"position\":4,\"name\":\"Cannabis Cyber Insurance\"}]},{\"@type\":\"WebSite\",\"@id\":\"https:\\\/\\\/www.teagueins.com\\\/#website\",\"url\":\"https:\\\/\\\/www.teagueins.com\\\/\",\"name\":\"Teague Insurance\",\"description\":\"San Diego\u2019s Trusted Insurance Source Since 1954\",\"publisher\":{\"@id\":\"https:\\\/\\\/www.teagueins.com\\\/#organization\"},\"potentialAction\":[{\"@type\":\"SearchAction\",\"target\":{\"@type\":\"EntryPoint\",\"urlTemplate\":\"https:\\\/\\\/www.teagueins.com\\\/?s={search_term_string}\"},\"query-input\":{\"@type\":\"PropertyValueSpecification\",\"valueRequired\":true,\"valueName\":\"search_term_string\"}}],\"inLanguage\":\"es-MX\"},{\"@type\":\"Organization\",\"@id\":\"https:\\\/\\\/www.teagueins.com\\\/#organization\",\"name\":\"Teague Insurance\",\"url\":\"https:\\\/\\\/www.teagueins.com\\\/\",\"logo\":{\"@type\":\"ImageObject\",\"inLanguage\":\"es-MX\",\"@id\":\"https:\\\/\\\/www.teagueins.com\\\/#\\\/schema\\\/logo\\\/image\\\/\",\"url\":\"https:\\\/\\\/www.teagueins.com\\\/wp-content\\\/uploads\\\/2019\\\/01\\\/Teague_Horizontal_Color.jpg\",\"contentUrl\":\"https:\\\/\\\/www.teagueins.com\\\/wp-content\\\/uploads\\\/2019\\\/01\\\/Teague_Horizontal_Color.jpg\",\"width\":2482,\"height\":937,\"caption\":\"Teague Insurance\"},\"image\":{\"@id\":\"https:\\\/\\\/www.teagueins.com\\\/#\\\/schema\\\/logo\\\/image\\\/\"},\"sameAs\":[\"https:\\\/\\\/www.facebook.com\\\/TeagueInsuranceAgencyInc\",\"https:\\\/\\\/x.com\\\/TeagueInsurance\",\"https:\\\/\\\/www.instagram.com\\\/teagueinsuranceagency\\\/\",\"https:\\\/\\\/www.linkedin.com\\\/company\\\/teague-insurance-agency-inc-\\\/?viewAsMember=true\"]}]}<\/script>\n<!-- \/ Yoast SEO Premium plugin. -->","yoast_head_json":{"title":"Seguro cibern\u00e9tico contra el cannabis - Teague Insurance","robots":{"index":"index","follow":"follow","max-snippet":"max-snippet:-1","max-image-preview":"max-image-preview:large","max-video-preview":"max-video-preview:-1"},"canonical":"https:\/\/www.teagueins.com\/es\/business-insurance-la-mesa\/cannabis-business-insurance\/cannabis-cyber\/","og_locale":"es_MX","og_type":"article","og_title":"Cannabis Cyber Insurance","og_description":"Technology is an essential asset to help cannabis operations run smoothly. However, it does come with risks that could leave the company exposed to significant cyber threats. This is where a strong cannabis cyber insurance policy can help cover this exposure by providing 1st party (your business) and 3rd party (liability) coverage. Below we will [&hellip;]","og_url":"https:\/\/www.teagueins.com\/es\/business-insurance-la-mesa\/cannabis-business-insurance\/cannabis-cyber\/","og_site_name":"Teague Insurance","article_publisher":"https:\/\/www.facebook.com\/TeagueInsuranceAgencyInc","article_modified_time":"2022-01-08T22:17:07+00:00","og_image":[{"width":800,"height":400,"url":"http:\/\/www.teagueins.com\/wp-content\/uploads\/2021\/12\/bus_CannabisCyber.jpg","type":"image\/jpeg"}],"twitter_card":"summary_large_image","twitter_site":"@TeagueInsurance","twitter_misc":{"Tiempo de lectura":"2 minutos"},"schema":{"@context":"https:\/\/schema.org","@graph":[{"@type":"WebPage","@id":"https:\/\/www.teagueins.com\/business-insurance-la-mesa\/cannabis-business-insurance\/cannabis-cyber\/","url":"https:\/\/www.teagueins.com\/business-insurance-la-mesa\/cannabis-business-insurance\/cannabis-cyber\/","name":"Seguro cibern\u00e9tico contra el cannabis - Teague Insurance","isPartOf":{"@id":"https:\/\/www.teagueins.com\/#website"},"primaryImageOfPage":{"@id":"https:\/\/www.teagueins.com\/business-insurance-la-mesa\/cannabis-business-insurance\/cannabis-cyber\/#primaryimage"},"image":{"@id":"https:\/\/www.teagueins.com\/business-insurance-la-mesa\/cannabis-business-insurance\/cannabis-cyber\/#primaryimage"},"thumbnailUrl":"https:\/\/www.teagueins.com\/wp-content\/uploads\/2021\/12\/bus_CannabisCyber.jpg","datePublished":"2021-08-16T03:53:49+00:00","dateModified":"2022-01-08T22:17:07+00:00","breadcrumb":{"@id":"https:\/\/www.teagueins.com\/business-insurance-la-mesa\/cannabis-business-insurance\/cannabis-cyber\/#breadcrumb"},"inLanguage":"es-MX","potentialAction":[{"@type":"ReadAction","target":["https:\/\/www.teagueins.com\/business-insurance-la-mesa\/cannabis-business-insurance\/cannabis-cyber\/"]}]},{"@type":"ImageObject","inLanguage":"es-MX","@id":"https:\/\/www.teagueins.com\/business-insurance-la-mesa\/cannabis-business-insurance\/cannabis-cyber\/#primaryimage","url":"https:\/\/www.teagueins.com\/wp-content\/uploads\/2021\/12\/bus_CannabisCyber.jpg","contentUrl":"https:\/\/www.teagueins.com\/wp-content\/uploads\/2021\/12\/bus_CannabisCyber.jpg","width":800,"height":400},{"@type":"BreadcrumbList","@id":"https:\/\/www.teagueins.com\/business-insurance-la-mesa\/cannabis-business-insurance\/cannabis-cyber\/#breadcrumb","itemListElement":[{"@type":"ListItem","position":1,"name":"Home","item":"https:\/\/www.teagueins.com\/"},{"@type":"ListItem","position":2,"name":"Commercial Business Solutions","item":"https:\/\/www.teagueins.com\/business-insurance-la-mesa\/"},{"@type":"ListItem","position":3,"name":"Cannabis Business Insurance","item":"https:\/\/www.teagueins.com\/business-insurance-la-mesa\/cannabis-business-insurance\/"},{"@type":"ListItem","position":4,"name":"Cannabis Cyber Insurance"}]},{"@type":"WebSite","@id":"https:\/\/www.teagueins.com\/#website","url":"https:\/\/www.teagueins.com\/","name":"Seguro Teague","description":"Fuente confiable de seguros de San Diego desde 1954","publisher":{"@id":"https:\/\/www.teagueins.com\/#organization"},"potentialAction":[{"@type":"SearchAction","target":{"@type":"EntryPoint","urlTemplate":"https:\/\/www.teagueins.com\/?s={search_term_string}"},"query-input":{"@type":"PropertyValueSpecification","valueRequired":true,"valueName":"search_term_string"}}],"inLanguage":"es-MX"},{"@type":"Organization","@id":"https:\/\/www.teagueins.com\/#organization","name":"Seguro Teague","url":"https:\/\/www.teagueins.com\/","logo":{"@type":"ImageObject","inLanguage":"es-MX","@id":"https:\/\/www.teagueins.com\/#\/schema\/logo\/image\/","url":"https:\/\/www.teagueins.com\/wp-content\/uploads\/2019\/01\/Teague_Horizontal_Color.jpg","contentUrl":"https:\/\/www.teagueins.com\/wp-content\/uploads\/2019\/01\/Teague_Horizontal_Color.jpg","width":2482,"height":937,"caption":"Teague Insurance"},"image":{"@id":"https:\/\/www.teagueins.com\/#\/schema\/logo\/image\/"},"sameAs":["https:\/\/www.facebook.com\/TeagueInsuranceAgencyInc","https:\/\/x.com\/TeagueInsurance","https:\/\/www.instagram.com\/teagueinsuranceagency\/","https:\/\/www.linkedin.com\/company\/teague-insurance-agency-inc-\/?viewAsMember=true"]}]}},"_links":{"self":[{"href":"https:\/\/www.teagueins.com\/es\/wp-json\/wp\/v2\/pages\/1471","targetHints":{"allow":["GET"]}}],"collection":[{"href":"https:\/\/www.teagueins.com\/es\/wp-json\/wp\/v2\/pages"}],"about":[{"href":"https:\/\/www.teagueins.com\/es\/wp-json\/wp\/v2\/types\/page"}],"author":[{"embeddable":true,"href":"https:\/\/www.teagueins.com\/es\/wp-json\/wp\/v2\/users\/1"}],"replies":[{"embeddable":true,"href":"https:\/\/www.teagueins.com\/es\/wp-json\/wp\/v2\/comments?post=1471"}],"version-history":[{"count":0,"href":"https:\/\/www.teagueins.com\/es\/wp-json\/wp\/v2\/pages\/1471\/revisions"}],"up":[{"embeddable":true,"href":"https:\/\/www.teagueins.com\/es\/wp-json\/wp\/v2\/pages\/1484"}],"wp:featuredmedia":[{"embeddable":true,"href":"https:\/\/www.teagueins.com\/es\/wp-json\/wp\/v2\/media\/1568"}],"wp:attachment":[{"href":"https:\/\/www.teagueins.com\/es\/wp-json\/wp\/v2\/media?parent=1471"}],"curies":[{"name":"gracias","href":"https:\/\/api.w.org\/{rel}","templated":true}]}}