{"id":1393,"date":"2018-02-26T19:23:38","date_gmt":"2018-02-26T19:23:38","guid":{"rendered":"http:\/\/teague.local\/?page_id=1393"},"modified":"2022-09-06T21:18:52","modified_gmt":"2022-09-06T21:18:52","slug":"amazon-relay","status":"publish","type":"page","link":"https:\/\/www.teagueins.com\/es\/business-insurance-la-mesa\/trucking-insurance\/amazon-relay\/","title":{"rendered":"Amazon Relay"},"content":{"rendered":"<h3 class=\"wp-block-heading\" id=\"h-insurance-requirements-to-sign-up-with-amazon-relay\">Requisitos de seguro para registrarse en Amazon Relay:<\/h3>\n\n\n\n<ul class=\"wp-block-list\"><li>Numero DOT active con autoridad interestatal y numero MC valido. La compa\u00f1\u00eda de seguros har\u00e1 el tr\u00e1mite para activar su autoridad de MC.<\/li><li>Una \u201cTransportista\u201d autorizada para propiedad y alquiler.<\/li><li>La clasificaci\u00f3n de Administraci\u00f3n Federal de Seguridad de Auto transportista (FMCSA) con categor\u00eda \u201cSatisfactoria\u201d \u201cNinguna\u201d o \u201cNo clasificado,<ul><li>Podemos revisar su DOT para garantizar que haya problemas en obtener un seguro y que la solicitud se haya realizado correctamente.<\/li><\/ul><\/li><li>Las p\u00f3lizas de seguro requeridas incluyen:<ul><li>Responsabilidad Civil Comercial con un monto de $1,000,000 por siniestro y $2,000,000 agregado total<\/li><li>Responsabilidad de Auto con un monto de $1,000,000 por siniestro, incluida una cobertura de reemplazo de remolque de $50,000. Solo se requiere reemplazo de remolque para los tractores.<\/li><li>Cobertura de Carga por un monto de al menos $100,000 que cubra cargas de Amazon, no se puede especificar como carga general.<\/li><\/ul><\/li><li>Solamente requerida en caso de tener empleados, no es necesario para operadores independientes.<ul><li>Seguro de compensaci\u00f3n para trabajadores en todas las jurisdicciones donde opera su empresa<\/li><li>Responsabilidad de Empleado o Employer Liability por un monto no menor de $1,000,000 por siniestro.<\/li><\/ul><\/li><\/ul>\n\n\n\n<div style=\"height:30px\" aria-hidden=\"true\" class=\"wp-block-spacer\"><\/div>\n\n\n\n<hr class=\"wp-block-separator is-style-wide\"\/>\n\n\n\n<div style=\"height:30px\" aria-hidden=\"true\" class=\"wp-block-spacer\"><\/div>\n\n\n\n<h4 class=\"wp-block-heading\" id=\"h-contact-us-for-more-information\">Cont\u00e1ctenos para m\u00e1s informaci\u00f3n<\/h4>\n\n\n\n<p>619.464.6851<br><a href=\"mailto:info@teagueins.com\">info@teagueins.com<\/a><\/p>","protected":false},"excerpt":{"rendered":"<p>Insurance requirements to sign up with Amazon Relay: An active DOT number with interstate authority and a valid MC number. The insurance company will do the filing to activate your MC authority. A \u201cCarrier\u201d entity type that is Authorized for Property and for Hire A Federal Motor Carrier Safety Administration (FMCSA) Safety Rating of \u201cSatisfactory,\u201d [&hellip;]<\/p>\n","protected":false},"author":1,"featured_media":1394,"parent":1545,"menu_order":1,"comment_status":"closed","ping_status":"closed","template":"tpl-single-service.php","meta":{"_acf_changed":false,"footnotes":"","_links_to":"","_links_to_target":""},"class_list":["post-1393","page","type-page","status-publish","has-post-thumbnail","hentry"],"acf":[],"yoast_head":"<!-- This site is optimized with the Yoast SEO Premium plugin v21.2 (Yoast SEO v27.4) - https:\/\/yoast.com\/product\/yoast-seo-premium-wordpress\/ -->\n<title>Amazon Relay - Teague Insurance<\/title>\n<meta name=\"robots\" content=\"index, follow, max-snippet:-1, max-image-preview:large, max-video-preview:-1\" \/>\n<link rel=\"canonical\" href=\"https:\/\/www.teagueins.com\/es\/business-insurance-la-mesa\/trucking-insurance\/amazon-relay\/\" \/>\n<meta property=\"og:locale\" content=\"es_MX\" \/>\n<meta property=\"og:type\" content=\"article\" \/>\n<meta property=\"og:title\" content=\"Amazon Relay\" \/>\n<meta property=\"og:description\" content=\"Insurance requirements to sign up with Amazon Relay: An active DOT number with interstate authority and a valid MC number. The insurance company will do the filing to activate your MC authority. A \u201cCarrier\u201d entity type that is Authorized for Property and for Hire A Federal Motor Carrier Safety Administration (FMCSA) Safety Rating of \u201cSatisfactory,\u201d [&hellip;]\" \/>\n<meta property=\"og:url\" content=\"https:\/\/www.teagueins.com\/es\/business-insurance-la-mesa\/trucking-insurance\/amazon-relay\/\" \/>\n<meta property=\"og:site_name\" content=\"Teague Insurance\" \/>\n<meta property=\"article:publisher\" content=\"https:\/\/www.facebook.com\/TeagueInsuranceAgencyInc\" \/>\n<meta property=\"article:modified_time\" content=\"2022-09-06T21:18:52+00:00\" \/>\n<meta property=\"og:image\" content=\"http:\/\/www.teagueins.com\/wp-content\/uploads\/2021\/02\/bus_AmazonRelay.jpg\" \/>\n\t<meta property=\"og:image:width\" content=\"800\" \/>\n\t<meta property=\"og:image:height\" content=\"400\" \/>\n\t<meta property=\"og:image:type\" content=\"image\/jpeg\" \/>\n<meta name=\"twitter:card\" content=\"summary_large_image\" \/>\n<meta name=\"twitter:site\" content=\"@TeagueInsurance\" \/>\n<meta name=\"twitter:label1\" content=\"Tiempo de lectura\" \/>\n\t<meta name=\"twitter:data1\" content=\"1 minuto\" \/>\n<script type=\"application\/ld+json\" class=\"yoast-schema-graph\">{\"@context\":\"https:\\\/\\\/schema.org\",\"@graph\":[{\"@type\":\"WebPage\",\"@id\":\"https:\\\/\\\/www.teagueins.com\\\/business-insurance-la-mesa\\\/trucking-insurance\\\/amazon-relay\\\/\",\"url\":\"https:\\\/\\\/www.teagueins.com\\\/business-insurance-la-mesa\\\/trucking-insurance\\\/amazon-relay\\\/\",\"name\":\"Amazon Relay - Teague Insurance\",\"isPartOf\":{\"@id\":\"https:\\\/\\\/www.teagueins.com\\\/#website\"},\"primaryImageOfPage\":{\"@id\":\"https:\\\/\\\/www.teagueins.com\\\/business-insurance-la-mesa\\\/trucking-insurance\\\/amazon-relay\\\/#primaryimage\"},\"image\":{\"@id\":\"https:\\\/\\\/www.teagueins.com\\\/business-insurance-la-mesa\\\/trucking-insurance\\\/amazon-relay\\\/#primaryimage\"},\"thumbnailUrl\":\"https:\\\/\\\/www.teagueins.com\\\/wp-content\\\/uploads\\\/2021\\\/02\\\/bus_AmazonRelay.jpg\",\"datePublished\":\"2018-02-26T19:23:38+00:00\",\"dateModified\":\"2022-09-06T21:18:52+00:00\",\"breadcrumb\":{\"@id\":\"https:\\\/\\\/www.teagueins.com\\\/business-insurance-la-mesa\\\/trucking-insurance\\\/amazon-relay\\\/#breadcrumb\"},\"inLanguage\":\"es-MX\",\"potentialAction\":[{\"@type\":\"ReadAction\",\"target\":[\"https:\\\/\\\/www.teagueins.com\\\/business-insurance-la-mesa\\\/trucking-insurance\\\/amazon-relay\\\/\"]}]},{\"@type\":\"ImageObject\",\"inLanguage\":\"es-MX\",\"@id\":\"https:\\\/\\\/www.teagueins.com\\\/business-insurance-la-mesa\\\/trucking-insurance\\\/amazon-relay\\\/#primaryimage\",\"url\":\"https:\\\/\\\/www.teagueins.com\\\/wp-content\\\/uploads\\\/2021\\\/02\\\/bus_AmazonRelay.jpg\",\"contentUrl\":\"https:\\\/\\\/www.teagueins.com\\\/wp-content\\\/uploads\\\/2021\\\/02\\\/bus_AmazonRelay.jpg\",\"width\":800,\"height\":400},{\"@type\":\"BreadcrumbList\",\"@id\":\"https:\\\/\\\/www.teagueins.com\\\/business-insurance-la-mesa\\\/trucking-insurance\\\/amazon-relay\\\/#breadcrumb\",\"itemListElement\":[{\"@type\":\"ListItem\",\"position\":1,\"name\":\"Home\",\"item\":\"https:\\\/\\\/www.teagueins.com\\\/\"},{\"@type\":\"ListItem\",\"position\":2,\"name\":\"Commercial Business Solutions\",\"item\":\"https:\\\/\\\/www.teagueins.com\\\/business-insurance-la-mesa\\\/\"},{\"@type\":\"ListItem\",\"position\":3,\"name\":\"Trucking Insurance\",\"item\":\"https:\\\/\\\/www.teagueins.com\\\/business-insurance-la-mesa\\\/trucking-insurance\\\/\"},{\"@type\":\"ListItem\",\"position\":4,\"name\":\"Amazon Relay\"}]},{\"@type\":\"WebSite\",\"@id\":\"https:\\\/\\\/www.teagueins.com\\\/#website\",\"url\":\"https:\\\/\\\/www.teagueins.com\\\/\",\"name\":\"Teague Insurance\",\"description\":\"San Diego\u2019s Trusted Insurance Source Since 1954\",\"publisher\":{\"@id\":\"https:\\\/\\\/www.teagueins.com\\\/#organization\"},\"potentialAction\":[{\"@type\":\"SearchAction\",\"target\":{\"@type\":\"EntryPoint\",\"urlTemplate\":\"https:\\\/\\\/www.teagueins.com\\\/?s={search_term_string}\"},\"query-input\":{\"@type\":\"PropertyValueSpecification\",\"valueRequired\":true,\"valueName\":\"search_term_string\"}}],\"inLanguage\":\"es-MX\"},{\"@type\":\"Organization\",\"@id\":\"https:\\\/\\\/www.teagueins.com\\\/#organization\",\"name\":\"Teague Insurance\",\"url\":\"https:\\\/\\\/www.teagueins.com\\\/\",\"logo\":{\"@type\":\"ImageObject\",\"inLanguage\":\"es-MX\",\"@id\":\"https:\\\/\\\/www.teagueins.com\\\/#\\\/schema\\\/logo\\\/image\\\/\",\"url\":\"https:\\\/\\\/www.teagueins.com\\\/wp-content\\\/uploads\\\/2019\\\/01\\\/Teague_Horizontal_Color.jpg\",\"contentUrl\":\"https:\\\/\\\/www.teagueins.com\\\/wp-content\\\/uploads\\\/2019\\\/01\\\/Teague_Horizontal_Color.jpg\",\"width\":2482,\"height\":937,\"caption\":\"Teague Insurance\"},\"image\":{\"@id\":\"https:\\\/\\\/www.teagueins.com\\\/#\\\/schema\\\/logo\\\/image\\\/\"},\"sameAs\":[\"https:\\\/\\\/www.facebook.com\\\/TeagueInsuranceAgencyInc\",\"https:\\\/\\\/x.com\\\/TeagueInsurance\",\"https:\\\/\\\/www.instagram.com\\\/teagueinsuranceagency\\\/\",\"https:\\\/\\\/www.linkedin.com\\\/company\\\/teague-insurance-agency-inc-\\\/?viewAsMember=true\"]}]}<\/script>\n<!-- \/ Yoast SEO Premium plugin. -->","yoast_head_json":{"title":"Amazon Relay - Seguros Teague","robots":{"index":"index","follow":"follow","max-snippet":"max-snippet:-1","max-image-preview":"max-image-preview:large","max-video-preview":"max-video-preview:-1"},"canonical":"https:\/\/www.teagueins.com\/es\/business-insurance-la-mesa\/trucking-insurance\/amazon-relay\/","og_locale":"es_MX","og_type":"article","og_title":"Amazon Relay","og_description":"Insurance requirements to sign up with Amazon Relay: An active DOT number with interstate authority and a valid MC number. The insurance company will do the filing to activate your MC authority. A \u201cCarrier\u201d entity type that is Authorized for Property and for Hire A Federal Motor Carrier Safety Administration (FMCSA) Safety Rating of \u201cSatisfactory,\u201d [&hellip;]","og_url":"https:\/\/www.teagueins.com\/es\/business-insurance-la-mesa\/trucking-insurance\/amazon-relay\/","og_site_name":"Teague Insurance","article_publisher":"https:\/\/www.facebook.com\/TeagueInsuranceAgencyInc","article_modified_time":"2022-09-06T21:18:52+00:00","og_image":[{"width":800,"height":400,"url":"http:\/\/www.teagueins.com\/wp-content\/uploads\/2021\/02\/bus_AmazonRelay.jpg","type":"image\/jpeg"}],"twitter_card":"summary_large_image","twitter_site":"@TeagueInsurance","twitter_misc":{"Tiempo de lectura":"1 minuto"},"schema":{"@context":"https:\/\/schema.org","@graph":[{"@type":"WebPage","@id":"https:\/\/www.teagueins.com\/business-insurance-la-mesa\/trucking-insurance\/amazon-relay\/","url":"https:\/\/www.teagueins.com\/business-insurance-la-mesa\/trucking-insurance\/amazon-relay\/","name":"Amazon Relay - Seguros Teague","isPartOf":{"@id":"https:\/\/www.teagueins.com\/#website"},"primaryImageOfPage":{"@id":"https:\/\/www.teagueins.com\/business-insurance-la-mesa\/trucking-insurance\/amazon-relay\/#primaryimage"},"image":{"@id":"https:\/\/www.teagueins.com\/business-insurance-la-mesa\/trucking-insurance\/amazon-relay\/#primaryimage"},"thumbnailUrl":"https:\/\/www.teagueins.com\/wp-content\/uploads\/2021\/02\/bus_AmazonRelay.jpg","datePublished":"2018-02-26T19:23:38+00:00","dateModified":"2022-09-06T21:18:52+00:00","breadcrumb":{"@id":"https:\/\/www.teagueins.com\/business-insurance-la-mesa\/trucking-insurance\/amazon-relay\/#breadcrumb"},"inLanguage":"es-MX","potentialAction":[{"@type":"ReadAction","target":["https:\/\/www.teagueins.com\/business-insurance-la-mesa\/trucking-insurance\/amazon-relay\/"]}]},{"@type":"ImageObject","inLanguage":"es-MX","@id":"https:\/\/www.teagueins.com\/business-insurance-la-mesa\/trucking-insurance\/amazon-relay\/#primaryimage","url":"https:\/\/www.teagueins.com\/wp-content\/uploads\/2021\/02\/bus_AmazonRelay.jpg","contentUrl":"https:\/\/www.teagueins.com\/wp-content\/uploads\/2021\/02\/bus_AmazonRelay.jpg","width":800,"height":400},{"@type":"BreadcrumbList","@id":"https:\/\/www.teagueins.com\/business-insurance-la-mesa\/trucking-insurance\/amazon-relay\/#breadcrumb","itemListElement":[{"@type":"ListItem","position":1,"name":"Home","item":"https:\/\/www.teagueins.com\/"},{"@type":"ListItem","position":2,"name":"Commercial Business Solutions","item":"https:\/\/www.teagueins.com\/business-insurance-la-mesa\/"},{"@type":"ListItem","position":3,"name":"Trucking Insurance","item":"https:\/\/www.teagueins.com\/business-insurance-la-mesa\/trucking-insurance\/"},{"@type":"ListItem","position":4,"name":"Amazon Relay"}]},{"@type":"WebSite","@id":"https:\/\/www.teagueins.com\/#website","url":"https:\/\/www.teagueins.com\/","name":"Seguro Teague","description":"Fuente confiable de seguros de San Diego desde 1954","publisher":{"@id":"https:\/\/www.teagueins.com\/#organization"},"potentialAction":[{"@type":"SearchAction","target":{"@type":"EntryPoint","urlTemplate":"https:\/\/www.teagueins.com\/?s={search_term_string}"},"query-input":{"@type":"PropertyValueSpecification","valueRequired":true,"valueName":"search_term_string"}}],"inLanguage":"es-MX"},{"@type":"Organization","@id":"https:\/\/www.teagueins.com\/#organization","name":"Seguro Teague","url":"https:\/\/www.teagueins.com\/","logo":{"@type":"ImageObject","inLanguage":"es-MX","@id":"https:\/\/www.teagueins.com\/#\/schema\/logo\/image\/","url":"https:\/\/www.teagueins.com\/wp-content\/uploads\/2019\/01\/Teague_Horizontal_Color.jpg","contentUrl":"https:\/\/www.teagueins.com\/wp-content\/uploads\/2019\/01\/Teague_Horizontal_Color.jpg","width":2482,"height":937,"caption":"Teague Insurance"},"image":{"@id":"https:\/\/www.teagueins.com\/#\/schema\/logo\/image\/"},"sameAs":["https:\/\/www.facebook.com\/TeagueInsuranceAgencyInc","https:\/\/x.com\/TeagueInsurance","https:\/\/www.instagram.com\/teagueinsuranceagency\/","https:\/\/www.linkedin.com\/company\/teague-insurance-agency-inc-\/?viewAsMember=true"]}]}},"_links":{"self":[{"href":"https:\/\/www.teagueins.com\/es\/wp-json\/wp\/v2\/pages\/1393","targetHints":{"allow":["GET"]}}],"collection":[{"href":"https:\/\/www.teagueins.com\/es\/wp-json\/wp\/v2\/pages"}],"about":[{"href":"https:\/\/www.teagueins.com\/es\/wp-json\/wp\/v2\/types\/page"}],"author":[{"embeddable":true,"href":"https:\/\/www.teagueins.com\/es\/wp-json\/wp\/v2\/users\/1"}],"replies":[{"embeddable":true,"href":"https:\/\/www.teagueins.com\/es\/wp-json\/wp\/v2\/comments?post=1393"}],"version-history":[{"count":0,"href":"https:\/\/www.teagueins.com\/es\/wp-json\/wp\/v2\/pages\/1393\/revisions"}],"up":[{"embeddable":true,"href":"https:\/\/www.teagueins.com\/es\/wp-json\/wp\/v2\/pages\/1545"}],"wp:featuredmedia":[{"embeddable":true,"href":"https:\/\/www.teagueins.com\/es\/wp-json\/wp\/v2\/media\/1394"}],"wp:attachment":[{"href":"https:\/\/www.teagueins.com\/es\/wp-json\/wp\/v2\/media?parent=1393"}],"curies":[{"name":"gracias","href":"https:\/\/api.w.org\/{rel}","templated":true}]}}